{"id":1950,"date":"2025-12-25T14:58:10","date_gmt":"2025-12-25T07:58:10","guid":{"rendered":"https:\/\/onebim.vn\/?page_id=1950"},"modified":"2026-04-15T11:22:44","modified_gmt":"2026-04-15T04:22:44","slug":"du-an-cong-ty-onebim","status":"publish","type":"page","link":"https:\/\/onebim.vn\/en\/du-an-cong-ty-onebim\/","title":{"rendered":"Project"},"content":{"rendered":"<div data-elementor-type=\"wp-page\" data-elementor-id=\"1950\" class=\"elementor elementor-1950\">\n\t\t\t\t<div class=\"elementor-element elementor-element-bc8a0b3 e-flex e-con-boxed e-con e-parent\" data-id=\"bc8a0b3\" data-element_type=\"container\">\n\t\t\t\t\t<div class=\"e-con-inner\">\n\t\t\t\t<div class=\"elementor-element elementor-element-cf20f11 elementor-invisible elementor-widget elementor-widget-shortcode\" data-id=\"cf20f11\" data-element_type=\"widget\" data-settings=\"{&quot;_animation&quot;:&quot;slideInLeft&quot;}\" data-widget_type=\"shortcode.default\">\n\t\t\t\t\t\t\t<div class=\"elementor-shortcode\"><div class=\"project-list\">\n            <div class=\"project-item\">\n                <a href=\"https:\/\/onebim.vn\/en\/project\/cong-ty-co-phan-dia-oc-sai-gon-thuong-tin-primavera-p6\/\" class=\"project-card\">\n\n                    <div class=\"project-thumb\">\n                                                    <img fetchpriority=\"high\" decoding=\"async\" width=\"640\" height=\"404\" src=\"https:\/\/onebim.vn\/wp-content\/uploads\/2026\/04\/Project-Primavera-500x316px-10-1024x647.png\" class=\"attachment-large size-large wp-post-image\" alt=\"\" srcset=\"https:\/\/onebim.vn\/wp-content\/uploads\/2026\/04\/Project-Primavera-500x316px-10-1024x647.png 1024w, https:\/\/onebim.vn\/wp-content\/uploads\/2026\/04\/Project-Primavera-500x316px-10-300x190.png 300w, https:\/\/onebim.vn\/wp-content\/uploads\/2026\/04\/Project-Primavera-500x316px-10-768x486.png 768w, https:\/\/onebim.vn\/wp-content\/uploads\/2026\/04\/Project-Primavera-500x316px-10-18x12.png 18w, https:\/\/onebim.vn\/wp-content\/uploads\/2026\/04\/Project-Primavera-500x316px-10.png 1063w\" sizes=\"(max-width: 640px) 100vw, 640px\" \/>                                            <\/div>\n\n                    <div class=\"project-info\">\n                        <h3 class=\"project-title\">Sai Gon Thuong Tin Real Estate JSC<\/h3>\n                        <span class=\"project-line\"><\/span>\n                        <span class=\"project-more\">View details \u2192<\/span>\n                    <\/div>\n\n                <\/a>\n            <\/div>\n\n        \n            <div class=\"project-item\">\n                <a href=\"https:\/\/onebim.vn\/en\/project\/du-an-nha-may-nhiet-dien-vinh-tan-4-mo-rong-pecc2-primavera-p6\/\" class=\"project-card\">\n\n                    <div class=\"project-thumb\">\n                                                    <img decoding=\"async\" width=\"500\" height=\"316\" src=\"https:\/\/onebim.vn\/wp-content\/uploads\/2026\/04\/Project-Primavera-500x316px-9.png\" class=\"attachment-large size-large wp-post-image\" alt=\"\" srcset=\"https:\/\/onebim.vn\/wp-content\/uploads\/2026\/04\/Project-Primavera-500x316px-9.png 500w, https:\/\/onebim.vn\/wp-content\/uploads\/2026\/04\/Project-Primavera-500x316px-9-300x190.png 300w, https:\/\/onebim.vn\/wp-content\/uploads\/2026\/04\/Project-Primavera-500x316px-9-18x12.png 18w\" sizes=\"(max-width: 500px) 100vw, 500px\" \/>                                            <\/div>\n\n                    <div class=\"project-info\">\n                        <h3 class=\"project-title\">Vinh Tan 4 Expansion Thermal Power Plant Project (PECC2) - Primavera P6<\/h3>\n                        <span class=\"project-line\"><\/span>\n                        <span class=\"project-more\">View details \u2192<\/span>\n                    <\/div>\n\n                <\/a>\n            <\/div>\n\n        \n            <div class=\"project-item\">\n                <a href=\"https:\/\/onebim.vn\/en\/project\/du-an-nhiet-dien-song-hau-2-primavera-p6\/\" class=\"project-card\">\n\n                    <div class=\"project-thumb\">\n                                                    <img decoding=\"async\" width=\"500\" height=\"316\" src=\"https:\/\/onebim.vn\/wp-content\/uploads\/2026\/04\/Project-Primavera-500x316px-8-1.png\" class=\"attachment-large size-large wp-post-image\" alt=\"\" srcset=\"https:\/\/onebim.vn\/wp-content\/uploads\/2026\/04\/Project-Primavera-500x316px-8-1.png 500w, https:\/\/onebim.vn\/wp-content\/uploads\/2026\/04\/Project-Primavera-500x316px-8-1-300x190.png 300w, https:\/\/onebim.vn\/wp-content\/uploads\/2026\/04\/Project-Primavera-500x316px-8-1-18x12.png 18w\" sizes=\"(max-width: 500px) 100vw, 500px\" \/>                                            <\/div>\n\n                    <div class=\"project-info\">\n                        <h3 class=\"project-title translation-block\">Song Hau 2 Thermal Power Plant Project<\/h3>\n                        <span class=\"project-line\"><\/span>\n                        <span class=\"project-more\">View details \u2192<\/span>\n                    <\/div>\n\n                <\/a>\n            <\/div>\n\n        \n            <div class=\"project-item\">\n                <a href=\"https:\/\/onebim.vn\/en\/project\/cong-ty-xay-lap-duong-ong-be-chua-dau-khi-primavera\/\" class=\"project-card\">\n\n                    <div class=\"project-thumb\">\n                                                    <img loading=\"lazy\" decoding=\"async\" width=\"500\" height=\"316\" src=\"https:\/\/onebim.vn\/wp-content\/uploads\/2026\/04\/Project-Primavera-500x316px-8.png\" class=\"attachment-large size-large wp-post-image\" alt=\"\" srcset=\"https:\/\/onebim.vn\/wp-content\/uploads\/2026\/04\/Project-Primavera-500x316px-8.png 500w, https:\/\/onebim.vn\/wp-content\/uploads\/2026\/04\/Project-Primavera-500x316px-8-300x190.png 300w, https:\/\/onebim.vn\/wp-content\/uploads\/2026\/04\/Project-Primavera-500x316px-8-18x12.png 18w\" sizes=\"(max-width: 500px) 100vw, 500px\" \/>                                            <\/div>\n\n                    <div class=\"project-info\">\n                        <h3 class=\"project-title\">Petroleum Pipeline &amp; Tank Construction Company<\/h3>\n                        <span class=\"project-line\"><\/span>\n                        <span class=\"project-more\">View details \u2192<\/span>\n                    <\/div>\n\n                <\/a>\n            <\/div>\n\n        \n            <div class=\"project-item\">\n                <a href=\"https:\/\/onebim.vn\/en\/project\/cong-ty-hoa-pham-dau-khi-dmc-dao-tao-chuong-trinh-can-ban-102b\/\" class=\"project-card\">\n\n                    <div class=\"project-thumb\">\n                                                    <img loading=\"lazy\" decoding=\"async\" width=\"500\" height=\"316\" src=\"https:\/\/onebim.vn\/wp-content\/uploads\/2026\/04\/Project-Primavera-500x316px-6.png\" class=\"attachment-large size-large wp-post-image\" alt=\"\" srcset=\"https:\/\/onebim.vn\/wp-content\/uploads\/2026\/04\/Project-Primavera-500x316px-6.png 500w, https:\/\/onebim.vn\/wp-content\/uploads\/2026\/04\/Project-Primavera-500x316px-6-300x190.png 300w, https:\/\/onebim.vn\/wp-content\/uploads\/2026\/04\/Project-Primavera-500x316px-6-18x12.png 18w\" sizes=\"(max-width: 500px) 100vw, 500px\" \/>                                            <\/div>\n\n                    <div class=\"project-info\">\n                        <h3 class=\"project-title\">DMC Petroleum Chemicals Company \u2013 Basic Training Program 102B<\/h3>\n                        <span class=\"project-line\"><\/span>\n                        <span class=\"project-more\">View details \u2192<\/span>\n                    <\/div>\n\n                <\/a>\n            <\/div>\n\n        \n            <div class=\"project-item\">\n                <a href=\"https:\/\/onebim.vn\/en\/project\/2588\/\" class=\"project-card\">\n\n                    <div class=\"project-thumb\">\n                                                    <img loading=\"lazy\" decoding=\"async\" width=\"500\" height=\"316\" src=\"https:\/\/onebim.vn\/wp-content\/uploads\/2026\/04\/Project-Primavera-500x316px-4.png\" class=\"attachment-large size-large wp-post-image\" alt=\"\" srcset=\"https:\/\/onebim.vn\/wp-content\/uploads\/2026\/04\/Project-Primavera-500x316px-4.png 500w, https:\/\/onebim.vn\/wp-content\/uploads\/2026\/04\/Project-Primavera-500x316px-4-300x190.png 300w, https:\/\/onebim.vn\/wp-content\/uploads\/2026\/04\/Project-Primavera-500x316px-4-18x12.png 18w\" sizes=\"(max-width: 500px) 100vw, 500px\" \/>                                            <\/div>\n\n                    <div class=\"project-info\">\n                        <h3 class=\"project-title\">Kim Thuy Company \u2013 Project Management in Oracle Primavera P6 102B<\/h3>\n                        <span class=\"project-line\"><\/span>\n                        <span class=\"project-more\">View details \u2192<\/span>\n                    <\/div>\n\n                <\/a>\n            <\/div>\n\n        \n            <div class=\"project-item\">\n                <a href=\"https:\/\/onebim.vn\/en\/project\/cong-ty-xay-dung-cong-nghiep-va-dan-dung-dau-khi-pvc-ic-primavera\/\" class=\"project-card\">\n\n                    <div class=\"project-thumb\">\n                                                    <img loading=\"lazy\" decoding=\"async\" width=\"500\" height=\"316\" src=\"https:\/\/onebim.vn\/wp-content\/uploads\/2026\/04\/Project-Primavera-500x316px-3.png\" class=\"attachment-large size-large wp-post-image\" alt=\"\" srcset=\"https:\/\/onebim.vn\/wp-content\/uploads\/2026\/04\/Project-Primavera-500x316px-3.png 500w, https:\/\/onebim.vn\/wp-content\/uploads\/2026\/04\/Project-Primavera-500x316px-3-300x190.png 300w, https:\/\/onebim.vn\/wp-content\/uploads\/2026\/04\/Project-Primavera-500x316px-3-18x12.png 18w\" sizes=\"(max-width: 500px) 100vw, 500px\" \/>                                            <\/div>\n\n                    <div class=\"project-info\">\n                        <h3 class=\"project-title\">Petroleum Industrial and Civil Construction Company (PVC-IC) \u2013 Primavera<\/h3>\n                        <span class=\"project-line\"><\/span>\n                        <span class=\"project-more\">View details \u2192<\/span>\n                    <\/div>\n\n                <\/a>\n            <\/div>\n\n        \n            <div class=\"project-item\">\n                <a href=\"https:\/\/onebim.vn\/en\/project\/cong-ty-tu-van-xay-dung-dien-2-pecc2-primavera-p6-eppm\/\" class=\"project-card\">\n\n                    <div class=\"project-thumb\">\n                                                    <img loading=\"lazy\" decoding=\"async\" width=\"500\" height=\"316\" src=\"https:\/\/onebim.vn\/wp-content\/uploads\/2026\/04\/Project-Primavera-500x316px-2.png\" class=\"attachment-large size-large wp-post-image\" alt=\"\" srcset=\"https:\/\/onebim.vn\/wp-content\/uploads\/2026\/04\/Project-Primavera-500x316px-2.png 500w, https:\/\/onebim.vn\/wp-content\/uploads\/2026\/04\/Project-Primavera-500x316px-2-300x190.png 300w, https:\/\/onebim.vn\/wp-content\/uploads\/2026\/04\/Project-Primavera-500x316px-2-18x12.png 18w\" sizes=\"(max-width: 500px) 100vw, 500px\" \/>                                            <\/div>\n\n                    <div class=\"project-info\">\n                        <h3 class=\"project-title\">Power Engineering Consulting Company 2 (PECC2) \u2013 Primavera P6 EPPM<\/h3>\n                        <span class=\"project-line\"><\/span>\n                        <span class=\"project-more\">View details \u2192<\/span>\n                    <\/div>\n\n                <\/a>\n            <\/div>\n\n        \n            <div class=\"project-item\">\n                <a href=\"https:\/\/onebim.vn\/en\/project\/cong-ty-co-phan-xay-lap-dau-khi-mien-nam-primavera-p6-eppm\/\" class=\"project-card\">\n\n                    <div class=\"project-thumb\">\n                                                    <img loading=\"lazy\" decoding=\"async\" width=\"500\" height=\"316\" src=\"https:\/\/onebim.vn\/wp-content\/uploads\/2026\/04\/Project-Primavera-500x316px.png\" class=\"attachment-large size-large wp-post-image\" alt=\"\" srcset=\"https:\/\/onebim.vn\/wp-content\/uploads\/2026\/04\/Project-Primavera-500x316px.png 500w, https:\/\/onebim.vn\/wp-content\/uploads\/2026\/04\/Project-Primavera-500x316px-300x190.png 300w, https:\/\/onebim.vn\/wp-content\/uploads\/2026\/04\/Project-Primavera-500x316px-18x12.png 18w\" sizes=\"(max-width: 500px) 100vw, 500px\" \/>                                            <\/div>\n\n                    <div class=\"project-info\">\n                        <h3 class=\"project-title\">Southern Petroleum Construction Joint Stock Company \u2013 Primavera P6 EPPM<\/h3>\n                        <span class=\"project-line\"><\/span>\n                        <span class=\"project-more\">View details \u2192<\/span>\n                    <\/div>\n\n                <\/a>\n            <\/div>\n\n        <\/div><div class=\"project-pagination\"><span aria-current=\"page\" class=\"page-numbers current\">1<\/span>\n<a class=\"page-numbers\" href=\"https:\/\/onebim.vn\/en\/wp-json\/wp\/v2\/pages\/1950\/page\/2\/\">2<\/a>\n<a class=\"next page-numbers\" href=\"https:\/\/onebim.vn\/en\/wp-json\/wp\/v2\/pages\/1950\/page\/2\/\">Next &raquo;<\/a><\/div>\n<\/div>\n\t\t\t\t\t\t<\/div>\n\t\t\t\t\t<\/div>\n\t\t\t\t<\/div>\n\t\t\t\t<\/div>","protected":false},"excerpt":{"rendered":"","protected":false},"author":3,"featured_media":0,"parent":0,"menu_order":0,"comment_status":"closed","ping_status":"closed","template":"elementor_header_footer","meta":{"_acf_changed":false,"footnotes":""},"class_list":["post-1950","page","type-page","status-publish","hentry"],"acf":[],"yoast_head":"<!-- This site is optimized with the Yoast SEO Premium plugin v23.2 (Yoast SEO v23.4) - https:\/\/yoast.com\/wordpress\/plugins\/seo\/ -->\n<title>D\u1ef1 \u00c1n - OneBim<\/title>\n<meta name=\"robots\" content=\"index, follow, max-snippet:-1, max-image-preview:large, max-video-preview:-1\" \/>\n<link rel=\"canonical\" href=\"https:\/\/onebim.vn\/en\/du-an-cong-ty-onebim\/\" \/>\n<meta property=\"og:locale\" content=\"en_US\" \/>\n<meta property=\"og:type\" content=\"article\" \/>\n<meta property=\"og:title\" content=\"D\u1ef1 \u00c1n\" \/>\n<meta property=\"og:url\" content=\"https:\/\/onebim.vn\/en\/du-an-cong-ty-onebim\/\" \/>\n<meta property=\"og:site_name\" content=\"OneBim\" \/>\n<meta property=\"article:publisher\" content=\"https:\/\/www.facebook.com\/kiennamlandvn\" \/>\n<meta property=\"article:modified_time\" content=\"2026-04-15T04:22:44+00:00\" \/>\n<meta name=\"twitter:card\" content=\"summary_large_image\" \/>\n<script type=\"application\/ld+json\" class=\"yoast-schema-graph\">{\"@context\":\"https:\/\/schema.org\",\"@graph\":[{\"@type\":\"WebPage\",\"@id\":\"https:\/\/onebim.vn\/du-an-cong-ty-onebim\/\",\"url\":\"https:\/\/onebim.vn\/du-an-cong-ty-onebim\/\",\"name\":\"D\u1ef1 \u00c1n - OneBim\",\"isPartOf\":{\"@id\":\"https:\/\/onebim.vn\/#website\"},\"datePublished\":\"2025-12-25T07:58:10+00:00\",\"dateModified\":\"2026-04-15T04:22:44+00:00\",\"breadcrumb\":{\"@id\":\"https:\/\/onebim.vn\/du-an-cong-ty-onebim\/#breadcrumb\"},\"inLanguage\":\"en-US\",\"potentialAction\":[{\"@type\":\"ReadAction\",\"target\":[\"https:\/\/onebim.vn\/du-an-cong-ty-onebim\/\"]}]},{\"@type\":\"BreadcrumbList\",\"@id\":\"https:\/\/onebim.vn\/du-an-cong-ty-onebim\/#breadcrumb\",\"itemListElement\":[{\"@type\":\"ListItem\",\"position\":1,\"name\":\"Trang ch\u1ee7\",\"item\":\"https:\/\/onebim.vn\/\"},{\"@type\":\"ListItem\",\"position\":2,\"name\":\"D\u1ef1 \u00c1n\"}]},{\"@type\":\"WebSite\",\"@id\":\"https:\/\/onebim.vn\/#website\",\"url\":\"https:\/\/onebim.vn\/\",\"name\":\"Ki\u00ean Nam Land\",\"description\":\"Ki\u00ean \u0111\u1ecbnh \u0111\u1ec3 ki\u1ebfn t\u1ea1o\",\"publisher\":{\"@id\":\"https:\/\/onebim.vn\/#organization\"},\"potentialAction\":[{\"@type\":\"SearchAction\",\"target\":{\"@type\":\"EntryPoint\",\"urlTemplate\":\"https:\/\/onebim.vn\/?s={search_term_string}\"},\"query-input\":{\"@type\":\"PropertyValueSpecification\",\"valueRequired\":true,\"valueName\":\"search_term_string\"}}],\"inLanguage\":\"en-US\"},{\"@type\":\"Organization\",\"@id\":\"https:\/\/onebim.vn\/#organization\",\"name\":\"Ki\u00ean Nam Land\",\"url\":\"https:\/\/onebim.vn\/\",\"logo\":{\"@type\":\"ImageObject\",\"inLanguage\":\"en-US\",\"@id\":\"https:\/\/onebim.vn\/#\/schema\/logo\/image\/\",\"url\":\"https:\/\/onebim.vn\/wp-content\/uploads\/2026\/01\/cropped-logo-ngang.png\",\"contentUrl\":\"https:\/\/onebim.vn\/wp-content\/uploads\/2026\/01\/cropped-logo-ngang.png\",\"width\":2107,\"height\":601,\"caption\":\"Ki\u00ean Nam Land\"},\"image\":{\"@id\":\"https:\/\/onebim.vn\/#\/schema\/logo\/image\/\"},\"sameAs\":[\"https:\/\/www.facebook.com\/kiennamlandvn\"]}]}<\/script>\n<!-- \/ Yoast SEO Premium plugin. -->","yoast_head_json":{"title":"D\u1ef1 \u00c1n - OneBim","robots":{"index":"index","follow":"follow","max-snippet":"max-snippet:-1","max-image-preview":"max-image-preview:large","max-video-preview":"max-video-preview:-1"},"canonical":"https:\/\/onebim.vn\/en\/du-an-cong-ty-onebim\/","og_locale":"en_US","og_type":"article","og_title":"D\u1ef1 \u00c1n","og_url":"https:\/\/onebim.vn\/en\/du-an-cong-ty-onebim\/","og_site_name":"OneBim","article_publisher":"https:\/\/www.facebook.com\/kiennamlandvn","article_modified_time":"2026-04-15T04:22:44+00:00","twitter_card":"summary_large_image","schema":{"@context":"https:\/\/schema.org","@graph":[{"@type":"WebPage","@id":"https:\/\/onebim.vn\/du-an-cong-ty-onebim\/","url":"https:\/\/onebim.vn\/du-an-cong-ty-onebim\/","name":"D\u1ef1 \u00c1n - OneBim","isPartOf":{"@id":"https:\/\/onebim.vn\/#website"},"datePublished":"2025-12-25T07:58:10+00:00","dateModified":"2026-04-15T04:22:44+00:00","breadcrumb":{"@id":"https:\/\/onebim.vn\/du-an-cong-ty-onebim\/#breadcrumb"},"inLanguage":"en-US","potentialAction":[{"@type":"ReadAction","target":["https:\/\/onebim.vn\/du-an-cong-ty-onebim\/"]}]},{"@type":"BreadcrumbList","@id":"https:\/\/onebim.vn\/du-an-cong-ty-onebim\/#breadcrumb","itemListElement":[{"@type":"ListItem","position":1,"name":"Trang ch\u1ee7","item":"https:\/\/onebim.vn\/"},{"@type":"ListItem","position":2,"name":"D\u1ef1 \u00c1n"}]},{"@type":"WebSite","@id":"https:\/\/onebim.vn\/#website","url":"https:\/\/onebim.vn\/","name":"Ki\u00ean Nam Land","description":"Ki\u00ean \u0111\u1ecbnh \u0111\u1ec3 ki\u1ebfn t\u1ea1o","publisher":{"@id":"https:\/\/onebim.vn\/#organization"},"potentialAction":[{"@type":"SearchAction","target":{"@type":"EntryPoint","urlTemplate":"https:\/\/onebim.vn\/?s={search_term_string}"},"query-input":{"@type":"PropertyValueSpecification","valueRequired":true,"valueName":"search_term_string"}}],"inLanguage":"en-US"},{"@type":"Organization","@id":"https:\/\/onebim.vn\/#organization","name":"Ki\u00ean Nam Land","url":"https:\/\/onebim.vn\/","logo":{"@type":"ImageObject","inLanguage":"en-US","@id":"https:\/\/onebim.vn\/#\/schema\/logo\/image\/","url":"https:\/\/onebim.vn\/wp-content\/uploads\/2026\/01\/cropped-logo-ngang.png","contentUrl":"https:\/\/onebim.vn\/wp-content\/uploads\/2026\/01\/cropped-logo-ngang.png","width":2107,"height":601,"caption":"Ki\u00ean Nam Land"},"image":{"@id":"https:\/\/onebim.vn\/#\/schema\/logo\/image\/"},"sameAs":["https:\/\/www.facebook.com\/kiennamlandvn"]}]}},"_links":{"self":[{"href":"https:\/\/onebim.vn\/en\/wp-json\/wp\/v2\/pages\/1950","targetHints":{"allow":["GET"]}}],"collection":[{"href":"https:\/\/onebim.vn\/en\/wp-json\/wp\/v2\/pages"}],"about":[{"href":"https:\/\/onebim.vn\/en\/wp-json\/wp\/v2\/types\/page"}],"author":[{"embeddable":true,"href":"https:\/\/onebim.vn\/en\/wp-json\/wp\/v2\/users\/3"}],"replies":[{"embeddable":true,"href":"https:\/\/onebim.vn\/en\/wp-json\/wp\/v2\/comments?post=1950"}],"version-history":[{"count":21,"href":"https:\/\/onebim.vn\/en\/wp-json\/wp\/v2\/pages\/1950\/revisions"}],"predecessor-version":[{"id":2577,"href":"https:\/\/onebim.vn\/en\/wp-json\/wp\/v2\/pages\/1950\/revisions\/2577"}],"wp:attachment":[{"href":"https:\/\/onebim.vn\/en\/wp-json\/wp\/v2\/media?parent=1950"}],"curies":[{"name":"wp","href":"https:\/\/api.w.org\/{rel}","templated":true}]}}