{"id":2059,"date":"2025-12-26T08:57:16","date_gmt":"2025-12-26T01:57:16","guid":{"rendered":"https:\/\/onebim.vn\/?page_id=2059"},"modified":"2026-02-04T13:40:03","modified_gmt":"2026-02-04T06:40:03","slug":"khoa-hoc","status":"publish","type":"page","link":"https:\/\/onebim.vn\/en\/khoa-hoc\/","title":{"rendered":"PRIMAVERA SOFTWARE TRAINING"},"content":{"rendered":"<div data-elementor-type=\"wp-page\" data-elementor-id=\"2059\" class=\"elementor elementor-2059\">\n\t\t\t\t<div class=\"elementor-element elementor-element-ed813ea e-flex e-con-boxed e-con e-parent\" data-id=\"ed813ea\" data-element_type=\"container\">\n\t\t\t\t\t<div class=\"e-con-inner\">\n\t\t\t\t<div class=\"elementor-element elementor-element-3f8ada1 elementor-widget elementor-widget-text-editor\" data-id=\"3f8ada1\" data-element_type=\"widget\" data-widget_type=\"text-editor.default\">\n\t\t\t\t\t\t\t\t\t<p><span style=\"font-weight: 400; color: #000000;\">OneBIM Company's Primavera courses are committed to providing students with comprehensive knowledge of project management and the application of project management software.<\/span><\/p>\n<p><span style=\"font-weight: 400; color: #000000;\">With knowledge, expertise, and experience <\/span><span style=\"color: rgb(0, 0, 0);\">of experts at OneBIM ensures that clients learn the right skills and receive practical experience from experts so they can apply it most effectively in practice.<\/span><\/p>\n<p><span style=\"font-weight: 400; color: #000000;\">In addition, OneBIM also provides project management software training courses tailored to each business. The solution combines customized software to meet specific needs, hands-on training, and direct on-site support, helping businesses effectively and accurately implement the solution from the outset.&nbsp;<\/span><\/p>\n<ul>\n<li style=\"font-weight: 400;\" aria-level=\"1\"><span style=\"font-weight: 400; color: #000000;\">The following Primavera training courses are certified: 102B, 106P, 106R<\/span><\/li>\n<li style=\"font-weight: 400;\" aria-level=\"1\"><span style=\"font-weight: 400; color: #000000;\">On-site training &amp; direct mentoring support<\/span><\/li>\n<\/ul>\n<p><span style=\"font-weight: 400; color: #000000;\">OneBIM provides a team of experienced Planners and Project Managers to support:<\/span><\/p>\n<ul>\n<li style=\"font-weight: 400;\" aria-level=\"1\"><span style=\"font-weight: 400; color: #000000;\">Project management consulting<\/span><\/li>\n<li style=\"font-weight: 400;\" aria-level=\"1\"><span style=\"font-weight: 400; color: #000000;\">Plan and schedule the project.<\/span><\/li>\n<li style=\"font-weight: 400;\" aria-level=\"1\"><span style=\"font-weight: 400; color: #000000;\">Human resource management<\/span><\/li>\n<li style=\"font-weight: 400;\" aria-level=\"1\"><span style=\"font-weight: 400; color: #000000;\">Risk analysis<\/span><\/li>\n<li style=\"font-weight: 400;\" aria-level=\"1\"><span style=\"font-weight: 400; color: #000000;\">Business process and workflow design<\/span><\/li>\n<li style=\"font-weight: 400;\" aria-level=\"1\"><span style=\"font-weight: 400; color: #000000;\">Document management<\/span><\/li>\n<\/ul>\t\t\t\t\t\t\t\t<\/div>\n\t\t\t\t<div class=\"elementor-element elementor-element-9e55c19 elementor-widget elementor-widget-heading\" data-id=\"9e55c19\" data-element_type=\"widget\" data-widget_type=\"heading.default\">\n\t\t\t\t\t<h5 class=\"elementor-heading-title elementor-size-default\">PROJECT MANAGEMENT SOFTWARE TRAINING COURSES<\/h5>\t\t\t\t<\/div>\n\t\t\t\t<div class=\"elementor-element elementor-element-279b6fd elementor-widget elementor-widget-text-editor\" data-id=\"279b6fd\" data-element_type=\"widget\" data-widget_type=\"text-editor.default\">\n\t\t\t\t\t\t\t\t\t<p><span style=\"color: #000000;\"><strong>1.<a style=\"color: #000000;\" href=\"https:\/\/onebimvn.com\/Upload\/files\/Khoa%20102B.pdf\">PRIMAVERA P6 PROJECT MANAGEMENT COURSE<\/a><\/strong><\/span><\/p><p><span style=\"font-weight: 400; color: #000000;\">P6 \u2013 A comprehensive enterprise-wide solution for project planning, management, and control. With P6, businesses consistently achieve their budget and time commitments by optimizing the schedule, resources, and costs of individual projects and project portfolios. As a leading solution for project planning, management, and control, project data is stored in a centralized database and accessible via LAN or the Internet.<\/span><\/p><p><span style=\"font-weight: 400; color: #000000;\">See details below:<\/span><span style=\"color: #0000ff;\"><a style=\"color: #0000ff;\" href=\"https:\/\/onebimvn.com\/Upload\/files\/Khoa%20102B.pdf\"> <b>Primavera P6 Project Management Course<\/b><\/a><\/span><\/p><p><span style=\"color: #000000;\"><a style=\"color: #000000;\" href=\"https:\/\/onebimvn.com\/Upload\/files\/Khoa%20106P.pdf\"><b><strong>2.<\/strong>PRIMAVERA ADVANCED PROJECT MANAGEMENT COURSE<\/b><\/a><\/span><\/p><p><span style=\"font-weight: 400; color: #000000;\">This course delves deeper into advanced topics of project management solutions with Primavera on a client\/server model. Building on the knowledge learned in the basic course (102), course 106-P revolves around advanced topics such as Earned value analysis, project goal updates, budget allocation, and other extended topics. Practical exercises will help students apply the skills they have learned.<\/span><\/p><p><span style=\"font-weight: 400; color: #000000;\">See details below:<\/span><span style=\"color: #0000ff;\"> <a style=\"color: #0000ff;\" href=\"https:\/\/onebimvn.com\/Upload\/files\/Khoa%20106P.pdf\"><b>Primavera Advanced Project Management Course<\/b><\/a><\/span><\/p><p><span style=\"color: #000000;\"><strong>3.<\/strong><a style=\"color: #000000;\" href=\"https:\/\/onebimvn.com\/Upload\/files\/Khoa%20106R.pdf\"><b>ADVANCED RESOURCE MANAGEMENT COURSE<\/b><\/a><\/span><\/p><p><span style=\"font-weight: 400; color: #000000;\">The course provides in-depth knowledge of resource management on the client\/server model. Based on the knowledge learned in the basic course (102), course 106-R revolves around advanced topics such as resource allocation; resource planning; and resource balancing. Practical exercises will help students apply the skills they have learned.\u00a0<\/span><\/p><p><span style=\"font-weight: 400; color: #000000;\">See details below: <\/span><strong><span style=\"color: #0000ff;\"><a style=\"color: #0000ff;\" href=\"https:\/\/onebimvn.com\/Upload\/files\/Khoa%20106R.pdf\">Advanced Resource Management Course<\/a><\/span><\/strong><\/p><p><span style=\"color: #000000;\"><strong>4.<a style=\"color: #000000;\" href=\"https:\/\/onebimvn.com\/Upload\/files\/Hand-hoding%20Tieng%20Viet.pdf\">HAND-HOLDING IMPLEMENTATION COURSE<\/a><\/strong><\/span><\/p><p><span style=\"font-weight: 400; color: #000000;\">This course provides knowledge and practical skills for implementing EPPM web services.<\/span><\/p><p><span style=\"font-weight: 400; color: #000000;\">See details below: <\/span><span style=\"color: #0000ff;\"><a style=\"color: #0000ff;\" href=\"https:\/\/onebimvn.com\/Upload\/files\/Hand-hoding%20Tieng%20Viet.pdf\"><b>Hand-Holding Implementation Course<\/b><\/a><\/span><\/p><p><span style=\"color: #000000;\"><strong>5.<a style=\"color: #000000;\" href=\"https:\/\/onebimvn.com\/Upload\/files\/Luy%E1%BB%87n%20Thi%20Ch%E1%BB%A9ng%20Ch%E1%BB%89%20Chuy%C3%AAn%20Gia%20Qu%E1%BA%A3n%20L%C3%BD%20D%E1%BB%B1%20%C3%81n%20Project%20Management%20Professional.pdf\">PMP Project Management Training Course<\/a><\/strong><\/span><\/p><p><span style=\"font-weight: 400; color: #000000;\">This training course is designed with the shortest study time for all of you who are planning to take the PMP\u00ae exam.\u00a0<\/span><\/p><p><span style=\"font-weight: 400; color: #000000;\">OneBIM Vietnam's Project Management courses are committed to providing students with comprehensive knowledge of professional PMP Project Management.<\/span><\/p><p><span style=\"font-weight: 400; color: #000000;\">With the knowledge and expertise in Project Management and extensive experience of OneBIM's specialists, students are guaranteed to learn the right skills and receive practical experience to apply effectively in real-world situations.<\/span><\/p><p><span style=\"font-weight: 400; color: #000000;\">See course details <\/span><span style=\"color: #0000ff;\"><a style=\"color: #0000ff;\" href=\"https:\/\/onebimvn.com\/Upload\/files\/Luy%E1%BB%87n%20Thi%20Ch%E1%BB%A9ng%20Ch%E1%BB%89%20Chuy%C3%AAn%20Gia%20Qu%E1%BA%A3n%20L%C3%BD%20D%E1%BB%B1%20%C3%81n%20Project%20Management%20Professional.pdf\"><b>Prepare for the Project Management Professional certification exam.<\/b><\/a><\/span><\/p>\t\t\t\t\t\t\t\t<\/div>\n\t\t\t\t<div class=\"elementor-element elementor-element-fc44488 elementor-widget elementor-widget-shortcode\" data-id=\"fc44488\" data-element_type=\"widget\" data-widget_type=\"shortcode.default\">\n\t\t\t\t\t\t\t<div class=\"elementor-shortcode\"><div class=\"khoahoc-list\">\n            <div class=\"khoahoc-item\">\n                <a href=\"https:\/\/onebim.vn\/en\/khoahoc\/khoa-hoc-dao-tao-quan-ly-du-an-pmp\/\" class=\"khoahoc-link\">\n\n                    <div class=\"khoahoc-thumb\">\n                        <img fetchpriority=\"high\" decoding=\"async\" width=\"640\" height=\"360\" src=\"https:\/\/onebim.vn\/wp-content\/uploads\/2026\/02\/5-1024x576.png\" class=\"attachment-large size-large wp-post-image\" alt=\"\" srcset=\"https:\/\/onebim.vn\/wp-content\/uploads\/2026\/02\/5-1024x576.png 1024w, https:\/\/onebim.vn\/wp-content\/uploads\/2026\/02\/5-300x169.png 300w, https:\/\/onebim.vn\/wp-content\/uploads\/2026\/02\/5-768x432.png 768w, https:\/\/onebim.vn\/wp-content\/uploads\/2026\/02\/5-1536x864.png 1536w, https:\/\/onebim.vn\/wp-content\/uploads\/2026\/02\/5-2048x1152.png 2048w, https:\/\/onebim.vn\/wp-content\/uploads\/2026\/02\/5-18x10.png 18w\" sizes=\"(max-width: 640px) 100vw, 640px\" \/>                    <\/div>\n\n                    <h3 class=\"khoahoc-title\">\n                        PMP Project Management Training Course                    <\/h3>\n\n                <\/a>\n            <\/div>\n\n        \n            <div class=\"khoahoc-item\">\n                <a href=\"https:\/\/onebim.vn\/en\/khoahoc\/khoa-hoc-trien-khai-hand-holding\/\" class=\"khoahoc-link\">\n\n                    <div class=\"khoahoc-thumb\">\n                        <img decoding=\"async\" width=\"640\" height=\"360\" src=\"https:\/\/onebim.vn\/wp-content\/uploads\/2026\/02\/4-1024x576.png\" class=\"attachment-large size-large wp-post-image\" alt=\"\" srcset=\"https:\/\/onebim.vn\/wp-content\/uploads\/2026\/02\/4-1024x576.png 1024w, https:\/\/onebim.vn\/wp-content\/uploads\/2026\/02\/4-300x169.png 300w, https:\/\/onebim.vn\/wp-content\/uploads\/2026\/02\/4-768x432.png 768w, https:\/\/onebim.vn\/wp-content\/uploads\/2026\/02\/4-1536x864.png 1536w, https:\/\/onebim.vn\/wp-content\/uploads\/2026\/02\/4-2048x1152.png 2048w, https:\/\/onebim.vn\/wp-content\/uploads\/2026\/02\/4-18x10.png 18w\" sizes=\"(max-width: 640px) 100vw, 640px\" \/>                    <\/div>\n\n                    <h3 class=\"khoahoc-title\">\n                        HAND-HOLDING IMPLEMENTATION COURSE                    <\/h3>\n\n                <\/a>\n            <\/div>\n\n        \n            <div class=\"khoahoc-item\">\n                <a href=\"https:\/\/onebim.vn\/en\/khoahoc\/khoa-hoc-quan-ly-nguon-luc-chuyen-sau\/\" class=\"khoahoc-link\">\n\n                    <div class=\"khoahoc-thumb\">\n                        <img decoding=\"async\" width=\"640\" height=\"360\" src=\"https:\/\/onebim.vn\/wp-content\/uploads\/2026\/02\/3-1024x576.png\" class=\"attachment-large size-large wp-post-image\" alt=\"\" srcset=\"https:\/\/onebim.vn\/wp-content\/uploads\/2026\/02\/3-1024x576.png 1024w, https:\/\/onebim.vn\/wp-content\/uploads\/2026\/02\/3-300x169.png 300w, https:\/\/onebim.vn\/wp-content\/uploads\/2026\/02\/3-768x432.png 768w, https:\/\/onebim.vn\/wp-content\/uploads\/2026\/02\/3-1536x864.png 1536w, https:\/\/onebim.vn\/wp-content\/uploads\/2026\/02\/3-2048x1152.png 2048w, https:\/\/onebim.vn\/wp-content\/uploads\/2026\/02\/3-18x10.png 18w\" sizes=\"(max-width: 640px) 100vw, 640px\" \/>                    <\/div>\n\n                    <h3 class=\"khoahoc-title\">\n                        ADVANCED RESOURCE MANAGEMENT COURSE                    <\/h3>\n\n                <\/a>\n            <\/div>\n\n        \n            <div class=\"khoahoc-item\">\n                <a href=\"https:\/\/onebim.vn\/en\/khoahoc\/khoa-hoc-quan-ly-du-an-primavera-p6\/\" class=\"khoahoc-link\">\n\n                    <div class=\"khoahoc-thumb\">\n                        <img loading=\"lazy\" decoding=\"async\" width=\"640\" height=\"360\" src=\"https:\/\/onebim.vn\/wp-content\/uploads\/2026\/01\/1-1024x576.png\" class=\"attachment-large size-large wp-post-image\" alt=\"\" srcset=\"https:\/\/onebim.vn\/wp-content\/uploads\/2026\/01\/1-1024x576.png 1024w, https:\/\/onebim.vn\/wp-content\/uploads\/2026\/01\/1-300x169.png 300w, https:\/\/onebim.vn\/wp-content\/uploads\/2026\/01\/1-768x432.png 768w, https:\/\/onebim.vn\/wp-content\/uploads\/2026\/01\/1-1536x864.png 1536w, https:\/\/onebim.vn\/wp-content\/uploads\/2026\/01\/1-2048x1152.png 2048w, https:\/\/onebim.vn\/wp-content\/uploads\/2026\/01\/1-18x10.png 18w\" sizes=\"(max-width: 640px) 100vw, 640px\" \/>                    <\/div>\n\n                    <h3 class=\"khoahoc-title\">\n                        PRIMAVERA P6 PROJECT MANAGEMENT COURSE                    <\/h3>\n\n                <\/a>\n            <\/div>\n\n        \n            <div class=\"khoahoc-item\">\n                <a href=\"https:\/\/onebim.vn\/en\/khoahoc\/khoa-hoc-quan-ly-du-an-primavera-nang-cao\/\" class=\"khoahoc-link\">\n\n                    <div class=\"khoahoc-thumb\">\n                        <img loading=\"lazy\" decoding=\"async\" width=\"640\" height=\"360\" src=\"https:\/\/onebim.vn\/wp-content\/uploads\/2026\/01\/2-1024x576.png\" class=\"attachment-large size-large wp-post-image\" alt=\"\" srcset=\"https:\/\/onebim.vn\/wp-content\/uploads\/2026\/01\/2-1024x576.png 1024w, https:\/\/onebim.vn\/wp-content\/uploads\/2026\/01\/2-300x169.png 300w, https:\/\/onebim.vn\/wp-content\/uploads\/2026\/01\/2-768x432.png 768w, https:\/\/onebim.vn\/wp-content\/uploads\/2026\/01\/2-1536x864.png 1536w, https:\/\/onebim.vn\/wp-content\/uploads\/2026\/01\/2-2048x1152.png 2048w, https:\/\/onebim.vn\/wp-content\/uploads\/2026\/01\/2-18x10.png 18w\" sizes=\"(max-width: 640px) 100vw, 640px\" \/>                    <\/div>\n\n                    <h3 class=\"khoahoc-title\">\n                        PRIMAVERA ADVANCED PROJECT MANAGEMENT COURSE                    <\/h3>\n\n                <\/a>\n            <\/div>\n\n        <\/div>\n<\/div>\n\t\t\t\t\t\t<\/div>\n\t\t\t\t\t<\/div>\n\t\t\t\t<\/div>\n\t\t\t\t<\/div>","protected":false},"excerpt":{"rendered":"<p>Nh\u1eefng kh\u00f3a h\u1ecdc v\u1ec1 Primavera c\u1ee7a C\u00f4ng ty OneBIM cam k\u1ebft mang \u0111\u1ebfn cho h\u1ecdc vi\u00ean ki\u1ebfn th\u1ee9c to\u00e0n di\u1ec7n v\u1ec1 Qu\u1ea3n l\u00fd d\u1ef1 \u00e1n c\u0169ng nh\u01b0 \u1ee9ng d\u1ee5ng ph\u1ea7n m\u1ec1m qu\u1ea3n l\u00fd d\u1ef1 \u00e1n. V\u1edbi ki\u1ebfn th\u1ee9c v\u00e0 tr\u00ecnh \u0111\u1ed9 chuy\u00ean m\u00f4n v\u00e0 kinh nghi\u1ec7m c\u1ee7a \u0111\u1ed9i ng\u0169 chuy\u00ean gia t\u1ea1i OneBIM \u0111\u1ea3m b\u1ea3o [&hellip;]<\/p>","protected":false},"author":3,"featured_media":0,"parent":0,"menu_order":0,"comment_status":"closed","ping_status":"closed","template":"elementor_header_footer","meta":{"_acf_changed":false,"footnotes":""},"class_list":["post-2059","page","type-page","status-publish","hentry"],"acf":[],"yoast_head":"<!-- This site is optimized with the Yoast SEO Premium plugin v23.2 (Yoast SEO v23.4) - https:\/\/yoast.com\/wordpress\/plugins\/seo\/ -->\n<title>\u0110\u00c0O T\u1ea0O PH\u1ea6N M\u1ec0M PRIMAVERA - OneBim<\/title>\n<meta name=\"robots\" content=\"index, follow, max-snippet:-1, max-image-preview:large, max-video-preview:-1\" \/>\n<link rel=\"canonical\" href=\"https:\/\/onebim.vn\/en\/khoa-hoc\/\" \/>\n<meta property=\"og:locale\" content=\"en_US\" \/>\n<meta property=\"og:type\" content=\"article\" \/>\n<meta property=\"og:title\" content=\"\u0110\u00c0O T\u1ea0O PH\u1ea6N M\u1ec0M PRIMAVERA\" \/>\n<meta property=\"og:description\" content=\"Nh\u1eefng kh\u00f3a h\u1ecdc v\u1ec1 Primavera c\u1ee7a C\u00f4ng ty OneBIM cam k\u1ebft mang \u0111\u1ebfn cho h\u1ecdc vi\u00ean ki\u1ebfn th\u1ee9c to\u00e0n di\u1ec7n v\u1ec1 Qu\u1ea3n l\u00fd d\u1ef1 \u00e1n c\u0169ng nh\u01b0 \u1ee9ng d\u1ee5ng ph\u1ea7n m\u1ec1m qu\u1ea3n l\u00fd d\u1ef1 \u00e1n. V\u1edbi ki\u1ebfn th\u1ee9c v\u00e0 tr\u00ecnh \u0111\u1ed9 chuy\u00ean m\u00f4n v\u00e0 kinh nghi\u1ec7m c\u1ee7a \u0111\u1ed9i ng\u0169 chuy\u00ean gia t\u1ea1i OneBIM \u0111\u1ea3m b\u1ea3o [&hellip;]\" \/>\n<meta property=\"og:url\" content=\"https:\/\/onebim.vn\/en\/khoa-hoc\/\" \/>\n<meta property=\"og:site_name\" content=\"OneBim\" \/>\n<meta property=\"article:publisher\" content=\"https:\/\/www.facebook.com\/kiennamlandvn\" \/>\n<meta property=\"article:modified_time\" content=\"2026-02-04T06:40:03+00:00\" \/>\n<meta name=\"twitter:card\" content=\"summary_large_image\" \/>\n<meta name=\"twitter:label1\" content=\"Est. reading time\" \/>\n\t<meta name=\"twitter:data1\" content=\"6 minutes\" \/>\n<script type=\"application\/ld+json\" class=\"yoast-schema-graph\">{\"@context\":\"https:\/\/schema.org\",\"@graph\":[{\"@type\":\"WebPage\",\"@id\":\"https:\/\/onebim.vn\/khoa-hoc\/\",\"url\":\"https:\/\/onebim.vn\/khoa-hoc\/\",\"name\":\"\u0110\u00c0O T\u1ea0O PH\u1ea6N M\u1ec0M PRIMAVERA - OneBim\",\"isPartOf\":{\"@id\":\"https:\/\/onebim.vn\/#website\"},\"datePublished\":\"2025-12-26T01:57:16+00:00\",\"dateModified\":\"2026-02-04T06:40:03+00:00\",\"breadcrumb\":{\"@id\":\"https:\/\/onebim.vn\/khoa-hoc\/#breadcrumb\"},\"inLanguage\":\"en-US\",\"potentialAction\":[{\"@type\":\"ReadAction\",\"target\":[\"https:\/\/onebim.vn\/khoa-hoc\/\"]}]},{\"@type\":\"BreadcrumbList\",\"@id\":\"https:\/\/onebim.vn\/khoa-hoc\/#breadcrumb\",\"itemListElement\":[{\"@type\":\"ListItem\",\"position\":1,\"name\":\"Trang ch\u1ee7\",\"item\":\"https:\/\/onebim.vn\/\"},{\"@type\":\"ListItem\",\"position\":2,\"name\":\"\u0110\u00c0O T\u1ea0O PH\u1ea6N M\u1ec0M PRIMAVERA\"}]},{\"@type\":\"WebSite\",\"@id\":\"https:\/\/onebim.vn\/#website\",\"url\":\"https:\/\/onebim.vn\/\",\"name\":\"Ki\u00ean Nam Land\",\"description\":\"Ki\u00ean \u0111\u1ecbnh \u0111\u1ec3 ki\u1ebfn t\u1ea1o\",\"publisher\":{\"@id\":\"https:\/\/onebim.vn\/#organization\"},\"potentialAction\":[{\"@type\":\"SearchAction\",\"target\":{\"@type\":\"EntryPoint\",\"urlTemplate\":\"https:\/\/onebim.vn\/?s={search_term_string}\"},\"query-input\":{\"@type\":\"PropertyValueSpecification\",\"valueRequired\":true,\"valueName\":\"search_term_string\"}}],\"inLanguage\":\"en-US\"},{\"@type\":\"Organization\",\"@id\":\"https:\/\/onebim.vn\/#organization\",\"name\":\"Ki\u00ean Nam Land\",\"url\":\"https:\/\/onebim.vn\/\",\"logo\":{\"@type\":\"ImageObject\",\"inLanguage\":\"en-US\",\"@id\":\"https:\/\/onebim.vn\/#\/schema\/logo\/image\/\",\"url\":\"https:\/\/onebim.vn\/wp-content\/uploads\/2026\/01\/cropped-logo-ngang.png\",\"contentUrl\":\"https:\/\/onebim.vn\/wp-content\/uploads\/2026\/01\/cropped-logo-ngang.png\",\"width\":2107,\"height\":601,\"caption\":\"Ki\u00ean Nam Land\"},\"image\":{\"@id\":\"https:\/\/onebim.vn\/#\/schema\/logo\/image\/\"},\"sameAs\":[\"https:\/\/www.facebook.com\/kiennamlandvn\"]}]}<\/script>\n<!-- \/ Yoast SEO Premium plugin. -->","yoast_head_json":{"title":"\u0110\u00c0O T\u1ea0O PH\u1ea6N M\u1ec0M PRIMAVERA - OneBim","robots":{"index":"index","follow":"follow","max-snippet":"max-snippet:-1","max-image-preview":"max-image-preview:large","max-video-preview":"max-video-preview:-1"},"canonical":"https:\/\/onebim.vn\/en\/khoa-hoc\/","og_locale":"en_US","og_type":"article","og_title":"\u0110\u00c0O T\u1ea0O PH\u1ea6N M\u1ec0M PRIMAVERA","og_description":"Nh\u1eefng kh\u00f3a h\u1ecdc v\u1ec1 Primavera c\u1ee7a C\u00f4ng ty OneBIM cam k\u1ebft mang \u0111\u1ebfn cho h\u1ecdc vi\u00ean ki\u1ebfn th\u1ee9c to\u00e0n di\u1ec7n v\u1ec1 Qu\u1ea3n l\u00fd d\u1ef1 \u00e1n c\u0169ng nh\u01b0 \u1ee9ng d\u1ee5ng ph\u1ea7n m\u1ec1m qu\u1ea3n l\u00fd d\u1ef1 \u00e1n. V\u1edbi ki\u1ebfn th\u1ee9c v\u00e0 tr\u00ecnh \u0111\u1ed9 chuy\u00ean m\u00f4n v\u00e0 kinh nghi\u1ec7m c\u1ee7a \u0111\u1ed9i ng\u0169 chuy\u00ean gia t\u1ea1i OneBIM \u0111\u1ea3m b\u1ea3o [&hellip;]","og_url":"https:\/\/onebim.vn\/en\/khoa-hoc\/","og_site_name":"OneBim","article_publisher":"https:\/\/www.facebook.com\/kiennamlandvn","article_modified_time":"2026-02-04T06:40:03+00:00","twitter_card":"summary_large_image","twitter_misc":{"Est. reading time":"6 minutes"},"schema":{"@context":"https:\/\/schema.org","@graph":[{"@type":"WebPage","@id":"https:\/\/onebim.vn\/khoa-hoc\/","url":"https:\/\/onebim.vn\/khoa-hoc\/","name":"\u0110\u00c0O T\u1ea0O PH\u1ea6N M\u1ec0M PRIMAVERA - OneBim","isPartOf":{"@id":"https:\/\/onebim.vn\/#website"},"datePublished":"2025-12-26T01:57:16+00:00","dateModified":"2026-02-04T06:40:03+00:00","breadcrumb":{"@id":"https:\/\/onebim.vn\/khoa-hoc\/#breadcrumb"},"inLanguage":"en-US","potentialAction":[{"@type":"ReadAction","target":["https:\/\/onebim.vn\/khoa-hoc\/"]}]},{"@type":"BreadcrumbList","@id":"https:\/\/onebim.vn\/khoa-hoc\/#breadcrumb","itemListElement":[{"@type":"ListItem","position":1,"name":"Trang ch\u1ee7","item":"https:\/\/onebim.vn\/"},{"@type":"ListItem","position":2,"name":"\u0110\u00c0O T\u1ea0O PH\u1ea6N M\u1ec0M PRIMAVERA"}]},{"@type":"WebSite","@id":"https:\/\/onebim.vn\/#website","url":"https:\/\/onebim.vn\/","name":"Ki\u00ean Nam Land","description":"Ki\u00ean \u0111\u1ecbnh \u0111\u1ec3 ki\u1ebfn t\u1ea1o","publisher":{"@id":"https:\/\/onebim.vn\/#organization"},"potentialAction":[{"@type":"SearchAction","target":{"@type":"EntryPoint","urlTemplate":"https:\/\/onebim.vn\/?s={search_term_string}"},"query-input":{"@type":"PropertyValueSpecification","valueRequired":true,"valueName":"search_term_string"}}],"inLanguage":"en-US"},{"@type":"Organization","@id":"https:\/\/onebim.vn\/#organization","name":"Ki\u00ean Nam Land","url":"https:\/\/onebim.vn\/","logo":{"@type":"ImageObject","inLanguage":"en-US","@id":"https:\/\/onebim.vn\/#\/schema\/logo\/image\/","url":"https:\/\/onebim.vn\/wp-content\/uploads\/2026\/01\/cropped-logo-ngang.png","contentUrl":"https:\/\/onebim.vn\/wp-content\/uploads\/2026\/01\/cropped-logo-ngang.png","width":2107,"height":601,"caption":"Ki\u00ean Nam Land"},"image":{"@id":"https:\/\/onebim.vn\/#\/schema\/logo\/image\/"},"sameAs":["https:\/\/www.facebook.com\/kiennamlandvn"]}]}},"_links":{"self":[{"href":"https:\/\/onebim.vn\/en\/wp-json\/wp\/v2\/pages\/2059","targetHints":{"allow":["GET"]}}],"collection":[{"href":"https:\/\/onebim.vn\/en\/wp-json\/wp\/v2\/pages"}],"about":[{"href":"https:\/\/onebim.vn\/en\/wp-json\/wp\/v2\/types\/page"}],"author":[{"embeddable":true,"href":"https:\/\/onebim.vn\/en\/wp-json\/wp\/v2\/users\/3"}],"replies":[{"embeddable":true,"href":"https:\/\/onebim.vn\/en\/wp-json\/wp\/v2\/comments?post=2059"}],"version-history":[{"count":32,"href":"https:\/\/onebim.vn\/en\/wp-json\/wp\/v2\/pages\/2059\/revisions"}],"predecessor-version":[{"id":2500,"href":"https:\/\/onebim.vn\/en\/wp-json\/wp\/v2\/pages\/2059\/revisions\/2500"}],"wp:attachment":[{"href":"https:\/\/onebim.vn\/en\/wp-json\/wp\/v2\/media?parent=2059"}],"curies":[{"name":"wp","href":"https:\/\/api.w.org\/{rel}","templated":true}]}}