{"id":2283,"date":"2026-02-03T16:10:32","date_gmt":"2026-02-03T09:10:32","guid":{"rendered":"https:\/\/onebim.vn\/?page_id=2283"},"modified":"2026-02-04T11:36:24","modified_gmt":"2026-02-04T04:36:24","slug":"phan-mem-oracle-primavera-schedule","status":"publish","type":"page","link":"https:\/\/onebim.vn\/en\/phan-mem-oracle-primavera-schedule\/","title":{"rendered":""},"content":{"rendered":"<div data-elementor-type=\"wp-page\" data-elementor-id=\"2283\" class=\"elementor elementor-2283\">\n\t\t\t\t<div class=\"elementor-element elementor-element-331333c7 e-flex e-con-boxed e-con e-parent\" data-id=\"331333c7\" data-element_type=\"container\">\n\t\t\t\t\t<div class=\"e-con-inner\">\n\t\t\t\t<div class=\"elementor-element elementor-element-1ed9a2f4 elementor-widget elementor-widget-text-editor\" data-id=\"1ed9a2f4\" data-element_type=\"widget\" data-widget_type=\"text-editor.default\">\n\t\t\t\t\t\t\t\t\t<div class=\"primavera-wrap\">\n<h1 style=\"text-align: center;\"><span style=\"color: #000000;\"><strong>Oracle Primavera Schedule Software<\/strong><\/span><\/h1>\n<span style=\"color: #000000;\">Oracle Primavera Schedule Cloud's scheduling capabilities enable easy cloud-based planning. Based on the technology of the leading scheduling software, Primavera P6 Enterprise Project Portfolio Management, Oracle Primavera Cloud allows project managers to evaluate different scheduling scenarios to arrive at the optimal project execution plan. Project managers can assess resource needs across multiple projects to maintain optimal staffing levels throughout the organization. Furthermore, Oracle Primavera Schedule is the only solution that integrates Critical Path Method, Lean Task Management, and risk management to deliver superior performance in construction projects.<\/span>\n<h3><span style=\"color: #000000;\"><strong>Schedule management<\/strong><\/span><\/h3>\n<span style=\"color: #000000;\">Organizations today have countless projects underway at any given time, posing a significant business challenge in managing them all. Oracle Primavera Schedule helps businesses meet this challenge with its powerful project planning and scheduling capabilities.<\/span>\n\n<span style=\"color: #000000;\">Oracle Primavera Schedule is the ideal tool for organizations that need to manage multiple projects concurrently and support multiple users accessing them. It provides scheduling and resource control capabilities plus support for multi-tiered project hierarchies, resource management, and customizable views. Easily track actual progress against the team project's baseline schedule.<\/span>\n\n<span style=\"color: #000000;\">Oracle Primavera Schedule k\u1ebft h\u1ee3p c\u00e1c nguy\u00ean t\u1eafc qu\u1ea3n l\u00fd l\u1ecbch tr\u00ecnh \u0111\u00e3 \u0111\u01b0\u1ee3c ch\u1ee9ng minh v\u1edbi b\u1ed9 c\u00e1c c\u00f4ng c\u1ee5 c\u1ed9ng t\u00e1c nh\u1eb1m cung c\u1ea5p gi\u1ea3i ph\u00e1p to\u00e0n di\u1ec7n \u0111\u1ec3 t\u1ed5 ch\u1ee9c v\u00e0 qu\u1ea3n l\u00fd l\u1ecbch tr\u00ecnh c\u00e1c ho\u1ea1t \u0111\u1ed9ng \u0111\u1ec3 ho\u00e0n th\u00e0nh m\u1ed9t d\u1ef1 \u00e1n. Ng\u01b0\u1eddi d\u00f9ng c\u00f3 th\u1ec3 x\u00e1c \u0111\u1ecbnh danh s\u00e1ch c\u00e1c ho\u1ea1t \u0111\u1ed9ng, ch\u1ec9 \u0111\u1ecbnh c\u00e1c m\u1ed1i quan h\u1ec7 v\u00e0 c\u00e1c r\u00e0ng bu\u1ed9c; g\u00e1n c\u00e1c t\u00e0i nguy\u00ean c\u1ea7n thi\u1ebft. C\u00e1c ho\u1ea1t \u0111\u1ed9ng \u0111\u01b0\u1ee3c tr\u00ecnh b\u00e0y m\u1ed9t c\u00e1ch h\u1ee3p l\u00fd th\u00e0nh m\u1ed9t d\u1ef1 \u00e1n b\u1eb1ng Ph\u01b0\u01a1ng ph\u00e1p Critical Path.<\/span>\n\n\n<div class=\"primavera-image-big\"><img decoding=\"async\" class=\"aligncenter\" src=\"https:\/\/onebimvn.com\/Upload\/images\/ORACLE\/OPS-1.JPG\" \/>\n<\/div>\n\n<span style=\"color: #000000;\">Schedule scenarios allow users to analyze and adjust the \"what if\" version of the schedule without affecting the current schedule\u2026<\/span>\n<h4><span style=\"color: #000000;\"><strong>Benefits of Oracle Primavera Schedule<\/strong><\/span><\/h4>\n<ul>\n \t<li><span style=\"color: #000000;\">Minimize the risk of schedule overruns.<\/span><\/li>\n \t<li><span style=\"color: #000000;\">Optimize roles and resources for maximum ROI.<\/span><\/li>\n \t<li><span style=\"color: #000000;\">Monitoring project progress against the original and current baseline.<\/span><\/li>\n \t<li><span style=\"color: #000000;\">Evaluating and selecting the optimal project schedule scenario.<\/span><\/li>\n \t<li><span style=\"color: #000000;\">Monitoring, reporting, and analyzing project activities.<\/span><\/li>\n \t<li><span style=\"color: #000000;\">Complete the project sooner, achieve higher value.<\/span><\/li>\n \t<li><span style=\"color: #000000;\">Monitor project status on mobile devices.<\/span><\/li>\n<\/ul>\n<h3><span style=\"color: #000000;\"><strong>Resource management<\/strong><\/span><\/h3>\n<span style=\"color: #000000;\">Oracle Primavera Schedule helps resource and project managers communicate and exchange information easily\u2026<\/span>\n\n\n<div class=\"primavera-image-big\"><img decoding=\"async\" class=\"aligncenter\" src=\"https:\/\/onebimvn.com\/Upload\/images\/ORACLE\/OPS-2.JPG\" \/>\n<\/div>\n<h4><span style=\"color: #000000;\"><strong>Key features<\/strong><\/span><\/h4>\n<ul>\n \t<li><span style=\"color: #000000;\">Flexible user interface<\/span><\/li>\n \t<li><span style=\"color: #000000;\">Progress interface for collecting status updates<\/span><\/li>\n \t<li><span style=\"color: #000000;\">Integrated risk management<\/span><\/li>\n \t<li><span style=\"color: #000000;\">Integrated Lean Mission<\/span><\/li>\n \t<li><span style=\"color: #000000;\">Optimize roles and resources<\/span><\/li>\n \t<li><span style=\"color: #000000;\">Rich project, based on filtered queries.<\/span><\/li>\n \t<li><span style=\"color: #000000;\">Plan a \"What-If\" scenario.<\/span><\/li>\n<\/ul>\n<\/div>\t\t\t\t\t\t\t\t<\/div>\n\t\t\t\t\t<\/div>\n\t\t\t\t<\/div>\n\t\t\t\t<\/div>","protected":false},"excerpt":{"rendered":"<p>Ph\u1ea7n M\u1ec1m Oracle Primavera Schedule Kh\u1ea3 n\u0103ng qu\u1ea3n l\u00fd l\u1ecbch bi\u1ec3u c\u1ee7a Oracle Primavera Schedule Cloud cho ph\u00e9p l\u1eadp k\u1ebf ho\u1ea1ch d\u1ec5 d\u00e0ng trong \u0111\u00e1m m\u00e2y. D\u1ef1a tr\u00ean c\u00f4ng ngh\u1ec7 c\u1ee7a ph\u1ea7n m\u1ec1m l\u1eadp l\u1ecbch h\u00e0ng \u0111\u1ea7u Primavera P6 Enterprise Project Portfolio Management, Oracle Primavera Cloud cho ph\u00e9p ng\u01b0\u1eddi qu\u1ea3n l\u00fd d\u1ef1 \u00e1n \u0111\u00e1nh gi\u00e1 [&hellip;]<\/p>","protected":false},"author":3,"featured_media":0,"parent":0,"menu_order":0,"comment_status":"closed","ping_status":"closed","template":"elementor_header_footer","meta":{"_acf_changed":false,"footnotes":""},"class_list":["post-2283","page","type-page","status-publish","hentry"],"acf":[],"yoast_head":"<!-- This site is optimized with the Yoast SEO Premium plugin v23.2 (Yoast SEO v23.4) - https:\/\/yoast.com\/wordpress\/plugins\/seo\/ -->\n<title>- OneBim<\/title>\n<meta name=\"robots\" content=\"index, follow, max-snippet:-1, max-image-preview:large, max-video-preview:-1\" \/>\n<link rel=\"canonical\" href=\"https:\/\/onebim.vn\/en\/phan-mem-oracle-primavera-schedule\/\" \/>\n<meta property=\"og:locale\" content=\"en_US\" \/>\n<meta property=\"og:type\" content=\"article\" \/>\n<meta property=\"og:description\" content=\"Ph\u1ea7n M\u1ec1m Oracle Primavera Schedule Kh\u1ea3 n\u0103ng qu\u1ea3n l\u00fd l\u1ecbch bi\u1ec3u c\u1ee7a Oracle Primavera Schedule Cloud cho ph\u00e9p l\u1eadp k\u1ebf ho\u1ea1ch d\u1ec5 d\u00e0ng trong \u0111\u00e1m m\u00e2y. D\u1ef1a tr\u00ean c\u00f4ng ngh\u1ec7 c\u1ee7a ph\u1ea7n m\u1ec1m l\u1eadp l\u1ecbch h\u00e0ng \u0111\u1ea7u Primavera P6 Enterprise Project Portfolio Management, Oracle Primavera Cloud cho ph\u00e9p ng\u01b0\u1eddi qu\u1ea3n l\u00fd d\u1ef1 \u00e1n \u0111\u00e1nh gi\u00e1 [&hellip;]\" \/>\n<meta property=\"og:url\" content=\"https:\/\/onebim.vn\/en\/phan-mem-oracle-primavera-schedule\/\" \/>\n<meta property=\"og:site_name\" content=\"OneBim\" \/>\n<meta property=\"article:publisher\" content=\"https:\/\/www.facebook.com\/kiennamlandvn\" \/>\n<meta property=\"article:modified_time\" content=\"2026-02-04T04:36:24+00:00\" \/>\n<meta property=\"og:image\" content=\"https:\/\/onebimvn.com\/Upload\/images\/ORACLE\/OPS-1.JPG\" \/>\n<meta name=\"twitter:card\" content=\"summary_large_image\" \/>\n<meta name=\"twitter:label1\" content=\"Est. reading time\" \/>\n\t<meta name=\"twitter:data1\" content=\"4 minutes\" \/>\n<script type=\"application\/ld+json\" class=\"yoast-schema-graph\">{\"@context\":\"https:\/\/schema.org\",\"@graph\":[{\"@type\":\"WebPage\",\"@id\":\"https:\/\/onebim.vn\/phan-mem-oracle-primavera-schedule\/\",\"url\":\"https:\/\/onebim.vn\/phan-mem-oracle-primavera-schedule\/\",\"name\":\"- OneBim\",\"isPartOf\":{\"@id\":\"https:\/\/onebim.vn\/#website\"},\"primaryImageOfPage\":{\"@id\":\"https:\/\/onebim.vn\/phan-mem-oracle-primavera-schedule\/#primaryimage\"},\"image\":{\"@id\":\"https:\/\/onebim.vn\/phan-mem-oracle-primavera-schedule\/#primaryimage\"},\"thumbnailUrl\":\"https:\/\/onebimvn.com\/Upload\/images\/ORACLE\/OPS-1.JPG\",\"datePublished\":\"2026-02-03T09:10:32+00:00\",\"dateModified\":\"2026-02-04T04:36:24+00:00\",\"inLanguage\":\"en-US\",\"potentialAction\":[{\"@type\":\"ReadAction\",\"target\":[\"https:\/\/onebim.vn\/phan-mem-oracle-primavera-schedule\/\"]}]},{\"@type\":\"ImageObject\",\"inLanguage\":\"en-US\",\"@id\":\"https:\/\/onebim.vn\/phan-mem-oracle-primavera-schedule\/#primaryimage\",\"url\":\"https:\/\/onebimvn.com\/Upload\/images\/ORACLE\/OPS-1.JPG\",\"contentUrl\":\"https:\/\/onebimvn.com\/Upload\/images\/ORACLE\/OPS-1.JPG\"},{\"@type\":\"WebSite\",\"@id\":\"https:\/\/onebim.vn\/#website\",\"url\":\"https:\/\/onebim.vn\/\",\"name\":\"Ki\u00ean Nam Land\",\"description\":\"Ki\u00ean \u0111\u1ecbnh \u0111\u1ec3 ki\u1ebfn t\u1ea1o\",\"publisher\":{\"@id\":\"https:\/\/onebim.vn\/#organization\"},\"potentialAction\":[{\"@type\":\"SearchAction\",\"target\":{\"@type\":\"EntryPoint\",\"urlTemplate\":\"https:\/\/onebim.vn\/?s={search_term_string}\"},\"query-input\":{\"@type\":\"PropertyValueSpecification\",\"valueRequired\":true,\"valueName\":\"search_term_string\"}}],\"inLanguage\":\"en-US\"},{\"@type\":\"Organization\",\"@id\":\"https:\/\/onebim.vn\/#organization\",\"name\":\"Ki\u00ean Nam Land\",\"url\":\"https:\/\/onebim.vn\/\",\"logo\":{\"@type\":\"ImageObject\",\"inLanguage\":\"en-US\",\"@id\":\"https:\/\/onebim.vn\/#\/schema\/logo\/image\/\",\"url\":\"https:\/\/onebim.vn\/wp-content\/uploads\/2026\/01\/cropped-logo-ngang.png\",\"contentUrl\":\"https:\/\/onebim.vn\/wp-content\/uploads\/2026\/01\/cropped-logo-ngang.png\",\"width\":2107,\"height\":601,\"caption\":\"Ki\u00ean Nam Land\"},\"image\":{\"@id\":\"https:\/\/onebim.vn\/#\/schema\/logo\/image\/\"},\"sameAs\":[\"https:\/\/www.facebook.com\/kiennamlandvn\"]}]}<\/script>\n<!-- \/ Yoast SEO Premium plugin. -->","yoast_head_json":{"title":"- OneBim","robots":{"index":"index","follow":"follow","max-snippet":"max-snippet:-1","max-image-preview":"max-image-preview:large","max-video-preview":"max-video-preview:-1"},"canonical":"https:\/\/onebim.vn\/en\/phan-mem-oracle-primavera-schedule\/","og_locale":"en_US","og_type":"article","og_description":"Ph\u1ea7n M\u1ec1m Oracle Primavera Schedule Kh\u1ea3 n\u0103ng qu\u1ea3n l\u00fd l\u1ecbch bi\u1ec3u c\u1ee7a Oracle Primavera Schedule Cloud cho ph\u00e9p l\u1eadp k\u1ebf ho\u1ea1ch d\u1ec5 d\u00e0ng trong \u0111\u00e1m m\u00e2y. D\u1ef1a tr\u00ean c\u00f4ng ngh\u1ec7 c\u1ee7a ph\u1ea7n m\u1ec1m l\u1eadp l\u1ecbch h\u00e0ng \u0111\u1ea7u Primavera P6 Enterprise Project Portfolio Management, Oracle Primavera Cloud cho ph\u00e9p ng\u01b0\u1eddi qu\u1ea3n l\u00fd d\u1ef1 \u00e1n \u0111\u00e1nh gi\u00e1 [&hellip;]","og_url":"https:\/\/onebim.vn\/en\/phan-mem-oracle-primavera-schedule\/","og_site_name":"OneBim","article_publisher":"https:\/\/www.facebook.com\/kiennamlandvn","article_modified_time":"2026-02-04T04:36:24+00:00","og_image":[{"url":"https:\/\/onebimvn.com\/Upload\/images\/ORACLE\/OPS-1.JPG"}],"twitter_card":"summary_large_image","twitter_misc":{"Est. reading time":"4 minutes"},"schema":{"@context":"https:\/\/schema.org","@graph":[{"@type":"WebPage","@id":"https:\/\/onebim.vn\/phan-mem-oracle-primavera-schedule\/","url":"https:\/\/onebim.vn\/phan-mem-oracle-primavera-schedule\/","name":"- OneBim","isPartOf":{"@id":"https:\/\/onebim.vn\/#website"},"primaryImageOfPage":{"@id":"https:\/\/onebim.vn\/phan-mem-oracle-primavera-schedule\/#primaryimage"},"image":{"@id":"https:\/\/onebim.vn\/phan-mem-oracle-primavera-schedule\/#primaryimage"},"thumbnailUrl":"https:\/\/onebimvn.com\/Upload\/images\/ORACLE\/OPS-1.JPG","datePublished":"2026-02-03T09:10:32+00:00","dateModified":"2026-02-04T04:36:24+00:00","inLanguage":"en-US","potentialAction":[{"@type":"ReadAction","target":["https:\/\/onebim.vn\/phan-mem-oracle-primavera-schedule\/"]}]},{"@type":"ImageObject","inLanguage":"en-US","@id":"https:\/\/onebim.vn\/phan-mem-oracle-primavera-schedule\/#primaryimage","url":"https:\/\/onebimvn.com\/Upload\/images\/ORACLE\/OPS-1.JPG","contentUrl":"https:\/\/onebimvn.com\/Upload\/images\/ORACLE\/OPS-1.JPG"},{"@type":"WebSite","@id":"https:\/\/onebim.vn\/#website","url":"https:\/\/onebim.vn\/","name":"Ki\u00ean Nam Land","description":"Ki\u00ean \u0111\u1ecbnh \u0111\u1ec3 ki\u1ebfn t\u1ea1o","publisher":{"@id":"https:\/\/onebim.vn\/#organization"},"potentialAction":[{"@type":"SearchAction","target":{"@type":"EntryPoint","urlTemplate":"https:\/\/onebim.vn\/?s={search_term_string}"},"query-input":{"@type":"PropertyValueSpecification","valueRequired":true,"valueName":"search_term_string"}}],"inLanguage":"en-US"},{"@type":"Organization","@id":"https:\/\/onebim.vn\/#organization","name":"Ki\u00ean Nam Land","url":"https:\/\/onebim.vn\/","logo":{"@type":"ImageObject","inLanguage":"en-US","@id":"https:\/\/onebim.vn\/#\/schema\/logo\/image\/","url":"https:\/\/onebim.vn\/wp-content\/uploads\/2026\/01\/cropped-logo-ngang.png","contentUrl":"https:\/\/onebim.vn\/wp-content\/uploads\/2026\/01\/cropped-logo-ngang.png","width":2107,"height":601,"caption":"Ki\u00ean Nam Land"},"image":{"@id":"https:\/\/onebim.vn\/#\/schema\/logo\/image\/"},"sameAs":["https:\/\/www.facebook.com\/kiennamlandvn"]}]}},"_links":{"self":[{"href":"https:\/\/onebim.vn\/en\/wp-json\/wp\/v2\/pages\/2283","targetHints":{"allow":["GET"]}}],"collection":[{"href":"https:\/\/onebim.vn\/en\/wp-json\/wp\/v2\/pages"}],"about":[{"href":"https:\/\/onebim.vn\/en\/wp-json\/wp\/v2\/types\/page"}],"author":[{"embeddable":true,"href":"https:\/\/onebim.vn\/en\/wp-json\/wp\/v2\/users\/3"}],"replies":[{"embeddable":true,"href":"https:\/\/onebim.vn\/en\/wp-json\/wp\/v2\/comments?post=2283"}],"version-history":[{"count":22,"href":"https:\/\/onebim.vn\/en\/wp-json\/wp\/v2\/pages\/2283\/revisions"}],"predecessor-version":[{"id":2482,"href":"https:\/\/onebim.vn\/en\/wp-json\/wp\/v2\/pages\/2283\/revisions\/2482"}],"wp:attachment":[{"href":"https:\/\/onebim.vn\/en\/wp-json\/wp\/v2\/media?parent=2283"}],"curies":[{"name":"wp","href":"https:\/\/api.w.org\/{rel}","templated":true}]}}