{"id":2314,"date":"2026-02-03T16:46:32","date_gmt":"2026-02-03T09:46:32","guid":{"rendered":"https:\/\/onebim.vn\/?page_id=2314"},"modified":"2026-02-04T11:41:22","modified_gmt":"2026-02-04T04:41:22","slug":"phan-mem-oracle-primavera-portfolios-cloud-service","status":"publish","type":"page","link":"https:\/\/onebim.vn\/en\/phan-mem-oracle-primavera-portfolios-cloud-service\/","title":{"rendered":""},"content":{"rendered":"<div data-elementor-type=\"wp-page\" data-elementor-id=\"2314\" class=\"elementor elementor-2314\">\n\t\t\t\t<div class=\"elementor-element elementor-element-1cce3b5a e-flex e-con-boxed e-con e-parent\" data-id=\"1cce3b5a\" data-element_type=\"container\">\n\t\t\t\t\t<div class=\"e-con-inner\">\n\t\t\t\t<div class=\"elementor-element elementor-element-1ec093a6 elementor-widget elementor-widget-text-editor\" data-id=\"1ec093a6\" data-element_type=\"widget\" data-widget_type=\"text-editor.default\">\n\t\t\t\t\t\t\t\t\t<div class=\"row\">\n<div class=\"col-md-12 col-sm-12 col-xs-12\">\n<div class=\"content_software primavera-wrap\">\n<h1 class=\"titlt_h1_page\" style=\"text-align: center;\"><span style=\"color: #000000;\">Oracle Primavera Portfolios Cloud Service Software<\/span><\/h1>\n<span style=\"color: #000000;\">Oracle Primavera Portfolios Cloud Service provides a portfolio-based view of project information, including proposed projects, budget estimates, and capital expenditure requirements. Portfolio managers can evaluate scenarios and arrive at an optimal plan for allocating financial budgets and other resources across multiple projects in line with strategic objectives. Clients will be able to monitor portfolio status, track performance, and balance their portfolios toward company strategic goals.<\/span>\n<h3><span style=\"color: #000000;\"><strong>The main advantages of the software<\/strong><\/span><\/h3>\n<span style=\"color: #000000;\">Primavera Portfolio Cloud enables investment planners, executives, stakeholders, and project managers to propose, inventory, prioritize, and select projects collaboratively and implement corrective actions as needed. The solution provides comprehensive tools for capital planning and budget approval for project portfolios. Configurable performance scores help monitor portfolio lifecycles based on key metrics.<\/span>\n<h3><span style=\"color: #000000;\"><strong>Key benefits<\/strong><\/span><\/h3>\n<ul>\n \t<li><span style=\"color: #000000;\">Secure, scalable, and cloud-based.<\/span><\/li>\n \t<li><span style=\"color: #000000;\">Extensive portfolio, with filterable search capabilities.<\/span><\/li>\n \t<li><span style=\"color: #000000;\">Strategic alignment between the project and business objectives.<\/span><\/li>\n \t<li><span style=\"color: #000000;\">Role-based competency planning at the category level.<\/span><\/li>\n \t<li><span style=\"color: #000000;\">Integrate project portfolio management and capital planning.<\/span><\/li>\n \t<li><span style=\"color: #000000;\">Allocate multiple funding sources to projects.<\/span><\/li>\n \t<li><span style=\"color: #000000;\">Develop a \"what if\" scenario plan and optimize it.<\/span><\/li>\n \t<li><span style=\"color: #000000;\">Monitor KPIs with customized measurement formulas.<\/span><\/li>\n \t<li><span style=\"color: #000000;\">Flexible approval process with notifications.<\/span><\/li>\n \t<li><span style=\"color: #000000;\">Dashboard, performance scorecard, and visual reporting.<\/span><\/li>\n<\/ul>\n<h3><span style=\"color: #000000;\"><strong>Portfolio Plan<\/strong><\/span><\/h3>\n<ul>\n \t<li><span style=\"color: #000000;\">It helps managers identify projects that need to be implemented in each planning cycle.<\/span><\/li>\n<\/ul>\n<span style=\"color: #000000;\"><img decoding=\"async\" src=\"https:\/\/onebimvn.com\/Upload\/images\/ORACLE\/PPCS-1.JPG\" alt=\"Primavera Portfolio Planning\" \/><\/span>\n\n<span style=\"color: #000000;\"><strong>The portfolio priority order is from top to bottom.<\/strong><\/span>\n<ul>\n \t<li><span style=\"color: #000000;\">Projects can be submitted as proposals or created directly within the system.<\/span><\/li>\n \t<li><span style=\"color: #000000;\">Define KPIs and priorities right from the planning stage.<\/span><\/li>\n \t<li><span style=\"color: #000000;\">Develop a capital plan based on a configured timeframe.<\/span><\/li>\n \t<li><span style=\"color: #000000;\">Estimate the costs and multi-year capital budget for each project.<\/span><\/li>\n<\/ul>\n<h3><span style=\"color: #000000;\"><strong>Project prioritization and selection<\/strong><\/span><\/h3>\n<span style=\"color: #000000;\">Primavera Portfolio Cloud displays projects and proposals on an interactive list, allowing for grouping and categorization of data to support evaluation and decision-making.<\/span>\n<ul>\n \t<li><span style=\"color: #000000;\">Maximize project benefits and minimize costs and risks.<\/span><\/li>\n \t<li><span style=\"color: #000000;\">Powerful scenario modeling tools.<\/span><\/li>\n \t<li><span style=\"color: #000000;\">Priority funding plans can be saved and approved.<\/span><\/li>\n<\/ul>\n<span style=\"color: #000000;\"><img decoding=\"async\" src=\"https:\/\/onebimvn.com\/Upload\/images\/ORACLE\/PPCS-2.JPG\" alt=\"Portfolio Scenario\" \/><\/span>\n<span style=\"color: #000000;\"><img decoding=\"async\" src=\"https:\/\/onebimvn.com\/Upload\/images\/ORACLE\/PPCS-3.JPG\" alt=\"Portfolio Analysis\" \/><\/span>\n<h3><span style=\"color: #000000;\"><strong>Project implementation<\/strong><\/span><\/h3>\n<ul>\n \t<li><span style=\"color: #000000;\">Establish and monitor KPIs at the category level throughout the project lifecycle.<\/span><\/li>\n \t<li><span style=\"color: #000000;\">Compile data on schedules, costs, and resources.<\/span><\/li>\n \t<li><span style=\"color: #000000;\">Integrates with Oracle Primavera P6 EPPM for detailed schedule and cost management.<\/span><\/li>\n<\/ul>\n<span style=\"color: #000000;\"><img decoding=\"async\" src=\"https:\/\/onebimvn.com\/Upload\/images\/ORACLE\/PPCS-4.JPG\" alt=\"Project Execution\" \/><\/span>\n\n<\/div>\n<\/div>\n<\/div>\t\t\t\t\t\t\t\t<\/div>\n\t\t\t\t\t<\/div>\n\t\t\t\t<\/div>\n\t\t\t\t<\/div>","protected":false},"excerpt":{"rendered":"<p>Ph\u1ea7n M\u1ec1m Oracle Primavera Portfolios Cloud Service Oracle Primavera Portfolios Cloud Service cung c\u1ea5p m\u1ed9t c\u00e1i nh\u00ecn d\u1ef1a tr\u00ean danh m\u1ee5c \u0111\u1ea7u t\u01b0 v\u1ec1 th\u00f4ng tin d\u1ef1 \u00e1n bao g\u1ed3m d\u1ef1 \u00e1n \u0111\u01b0\u1ee3c \u0111\u1ec1 xu\u1ea5t, \u01b0\u1edbc t\u00ednh ng\u00e2n s\u00e1ch v\u00e0 y\u00eau c\u1ea7u chi ti\u00eau v\u1ed1n. Ng\u01b0\u1eddi qu\u1ea3n l\u00fd danh m\u1ee5c \u0111\u1ea7u t\u01b0 c\u00f3 th\u1ec3 \u0111\u00e1nh [&hellip;]<\/p>","protected":false},"author":3,"featured_media":0,"parent":0,"menu_order":0,"comment_status":"closed","ping_status":"closed","template":"elementor_header_footer","meta":{"_acf_changed":false,"footnotes":""},"class_list":["post-2314","page","type-page","status-publish","hentry"],"acf":[],"yoast_head":"<!-- This site is optimized with the Yoast SEO Premium plugin v23.2 (Yoast SEO v23.4) - https:\/\/yoast.com\/wordpress\/plugins\/seo\/ -->\n<title>- OneBim<\/title>\n<meta name=\"robots\" content=\"index, follow, max-snippet:-1, max-image-preview:large, max-video-preview:-1\" \/>\n<link rel=\"canonical\" href=\"https:\/\/onebim.vn\/en\/phan-mem-oracle-primavera-portfolios-cloud-service\/\" \/>\n<meta property=\"og:locale\" content=\"en_US\" \/>\n<meta property=\"og:type\" content=\"article\" \/>\n<meta property=\"og:description\" content=\"Ph\u1ea7n M\u1ec1m Oracle Primavera Portfolios Cloud Service Oracle Primavera Portfolios Cloud Service cung c\u1ea5p m\u1ed9t c\u00e1i nh\u00ecn d\u1ef1a tr\u00ean danh m\u1ee5c \u0111\u1ea7u t\u01b0 v\u1ec1 th\u00f4ng tin d\u1ef1 \u00e1n bao g\u1ed3m d\u1ef1 \u00e1n \u0111\u01b0\u1ee3c \u0111\u1ec1 xu\u1ea5t, \u01b0\u1edbc t\u00ednh ng\u00e2n s\u00e1ch v\u00e0 y\u00eau c\u1ea7u chi ti\u00eau v\u1ed1n. Ng\u01b0\u1eddi qu\u1ea3n l\u00fd danh m\u1ee5c \u0111\u1ea7u t\u01b0 c\u00f3 th\u1ec3 \u0111\u00e1nh [&hellip;]\" \/>\n<meta property=\"og:url\" content=\"https:\/\/onebim.vn\/en\/phan-mem-oracle-primavera-portfolios-cloud-service\/\" \/>\n<meta property=\"og:site_name\" content=\"OneBim\" \/>\n<meta property=\"article:publisher\" content=\"https:\/\/www.facebook.com\/kiennamlandvn\" \/>\n<meta property=\"article:modified_time\" content=\"2026-02-04T04:41:22+00:00\" \/>\n<meta property=\"og:image\" content=\"https:\/\/onebimvn.com\/Upload\/images\/ORACLE\/PPCS-1.JPG\" \/>\n<meta name=\"twitter:card\" content=\"summary_large_image\" \/>\n<meta name=\"twitter:label1\" content=\"Est. reading time\" \/>\n\t<meta name=\"twitter:data1\" content=\"4 minutes\" \/>\n<script type=\"application\/ld+json\" class=\"yoast-schema-graph\">{\"@context\":\"https:\/\/schema.org\",\"@graph\":[{\"@type\":\"WebPage\",\"@id\":\"https:\/\/onebim.vn\/phan-mem-oracle-primavera-portfolios-cloud-service\/\",\"url\":\"https:\/\/onebim.vn\/phan-mem-oracle-primavera-portfolios-cloud-service\/\",\"name\":\"- OneBim\",\"isPartOf\":{\"@id\":\"https:\/\/onebim.vn\/#website\"},\"primaryImageOfPage\":{\"@id\":\"https:\/\/onebim.vn\/phan-mem-oracle-primavera-portfolios-cloud-service\/#primaryimage\"},\"image\":{\"@id\":\"https:\/\/onebim.vn\/phan-mem-oracle-primavera-portfolios-cloud-service\/#primaryimage\"},\"thumbnailUrl\":\"https:\/\/onebimvn.com\/Upload\/images\/ORACLE\/PPCS-1.JPG\",\"datePublished\":\"2026-02-03T09:46:32+00:00\",\"dateModified\":\"2026-02-04T04:41:22+00:00\",\"inLanguage\":\"en-US\",\"potentialAction\":[{\"@type\":\"ReadAction\",\"target\":[\"https:\/\/onebim.vn\/phan-mem-oracle-primavera-portfolios-cloud-service\/\"]}]},{\"@type\":\"ImageObject\",\"inLanguage\":\"en-US\",\"@id\":\"https:\/\/onebim.vn\/phan-mem-oracle-primavera-portfolios-cloud-service\/#primaryimage\",\"url\":\"https:\/\/onebimvn.com\/Upload\/images\/ORACLE\/PPCS-1.JPG\",\"contentUrl\":\"https:\/\/onebimvn.com\/Upload\/images\/ORACLE\/PPCS-1.JPG\"},{\"@type\":\"WebSite\",\"@id\":\"https:\/\/onebim.vn\/#website\",\"url\":\"https:\/\/onebim.vn\/\",\"name\":\"Ki\u00ean Nam Land\",\"description\":\"Ki\u00ean \u0111\u1ecbnh \u0111\u1ec3 ki\u1ebfn t\u1ea1o\",\"publisher\":{\"@id\":\"https:\/\/onebim.vn\/#organization\"},\"potentialAction\":[{\"@type\":\"SearchAction\",\"target\":{\"@type\":\"EntryPoint\",\"urlTemplate\":\"https:\/\/onebim.vn\/?s={search_term_string}\"},\"query-input\":{\"@type\":\"PropertyValueSpecification\",\"valueRequired\":true,\"valueName\":\"search_term_string\"}}],\"inLanguage\":\"en-US\"},{\"@type\":\"Organization\",\"@id\":\"https:\/\/onebim.vn\/#organization\",\"name\":\"Ki\u00ean Nam Land\",\"url\":\"https:\/\/onebim.vn\/\",\"logo\":{\"@type\":\"ImageObject\",\"inLanguage\":\"en-US\",\"@id\":\"https:\/\/onebim.vn\/#\/schema\/logo\/image\/\",\"url\":\"https:\/\/onebim.vn\/wp-content\/uploads\/2026\/01\/cropped-logo-ngang.png\",\"contentUrl\":\"https:\/\/onebim.vn\/wp-content\/uploads\/2026\/01\/cropped-logo-ngang.png\",\"width\":2107,\"height\":601,\"caption\":\"Ki\u00ean Nam Land\"},\"image\":{\"@id\":\"https:\/\/onebim.vn\/#\/schema\/logo\/image\/\"},\"sameAs\":[\"https:\/\/www.facebook.com\/kiennamlandvn\"]}]}<\/script>\n<!-- \/ Yoast SEO Premium plugin. -->","yoast_head_json":{"title":"- OneBim","robots":{"index":"index","follow":"follow","max-snippet":"max-snippet:-1","max-image-preview":"max-image-preview:large","max-video-preview":"max-video-preview:-1"},"canonical":"https:\/\/onebim.vn\/en\/phan-mem-oracle-primavera-portfolios-cloud-service\/","og_locale":"en_US","og_type":"article","og_description":"Ph\u1ea7n M\u1ec1m Oracle Primavera Portfolios Cloud Service Oracle Primavera Portfolios Cloud Service cung c\u1ea5p m\u1ed9t c\u00e1i nh\u00ecn d\u1ef1a tr\u00ean danh m\u1ee5c \u0111\u1ea7u t\u01b0 v\u1ec1 th\u00f4ng tin d\u1ef1 \u00e1n bao g\u1ed3m d\u1ef1 \u00e1n \u0111\u01b0\u1ee3c \u0111\u1ec1 xu\u1ea5t, \u01b0\u1edbc t\u00ednh ng\u00e2n s\u00e1ch v\u00e0 y\u00eau c\u1ea7u chi ti\u00eau v\u1ed1n. Ng\u01b0\u1eddi qu\u1ea3n l\u00fd danh m\u1ee5c \u0111\u1ea7u t\u01b0 c\u00f3 th\u1ec3 \u0111\u00e1nh [&hellip;]","og_url":"https:\/\/onebim.vn\/en\/phan-mem-oracle-primavera-portfolios-cloud-service\/","og_site_name":"OneBim","article_publisher":"https:\/\/www.facebook.com\/kiennamlandvn","article_modified_time":"2026-02-04T04:41:22+00:00","og_image":[{"url":"https:\/\/onebimvn.com\/Upload\/images\/ORACLE\/PPCS-1.JPG"}],"twitter_card":"summary_large_image","twitter_misc":{"Est. reading time":"4 minutes"},"schema":{"@context":"https:\/\/schema.org","@graph":[{"@type":"WebPage","@id":"https:\/\/onebim.vn\/phan-mem-oracle-primavera-portfolios-cloud-service\/","url":"https:\/\/onebim.vn\/phan-mem-oracle-primavera-portfolios-cloud-service\/","name":"- OneBim","isPartOf":{"@id":"https:\/\/onebim.vn\/#website"},"primaryImageOfPage":{"@id":"https:\/\/onebim.vn\/phan-mem-oracle-primavera-portfolios-cloud-service\/#primaryimage"},"image":{"@id":"https:\/\/onebim.vn\/phan-mem-oracle-primavera-portfolios-cloud-service\/#primaryimage"},"thumbnailUrl":"https:\/\/onebimvn.com\/Upload\/images\/ORACLE\/PPCS-1.JPG","datePublished":"2026-02-03T09:46:32+00:00","dateModified":"2026-02-04T04:41:22+00:00","inLanguage":"en-US","potentialAction":[{"@type":"ReadAction","target":["https:\/\/onebim.vn\/phan-mem-oracle-primavera-portfolios-cloud-service\/"]}]},{"@type":"ImageObject","inLanguage":"en-US","@id":"https:\/\/onebim.vn\/phan-mem-oracle-primavera-portfolios-cloud-service\/#primaryimage","url":"https:\/\/onebimvn.com\/Upload\/images\/ORACLE\/PPCS-1.JPG","contentUrl":"https:\/\/onebimvn.com\/Upload\/images\/ORACLE\/PPCS-1.JPG"},{"@type":"WebSite","@id":"https:\/\/onebim.vn\/#website","url":"https:\/\/onebim.vn\/","name":"Ki\u00ean Nam Land","description":"Ki\u00ean \u0111\u1ecbnh \u0111\u1ec3 ki\u1ebfn t\u1ea1o","publisher":{"@id":"https:\/\/onebim.vn\/#organization"},"potentialAction":[{"@type":"SearchAction","target":{"@type":"EntryPoint","urlTemplate":"https:\/\/onebim.vn\/?s={search_term_string}"},"query-input":{"@type":"PropertyValueSpecification","valueRequired":true,"valueName":"search_term_string"}}],"inLanguage":"en-US"},{"@type":"Organization","@id":"https:\/\/onebim.vn\/#organization","name":"Ki\u00ean Nam Land","url":"https:\/\/onebim.vn\/","logo":{"@type":"ImageObject","inLanguage":"en-US","@id":"https:\/\/onebim.vn\/#\/schema\/logo\/image\/","url":"https:\/\/onebim.vn\/wp-content\/uploads\/2026\/01\/cropped-logo-ngang.png","contentUrl":"https:\/\/onebim.vn\/wp-content\/uploads\/2026\/01\/cropped-logo-ngang.png","width":2107,"height":601,"caption":"Ki\u00ean Nam Land"},"image":{"@id":"https:\/\/onebim.vn\/#\/schema\/logo\/image\/"},"sameAs":["https:\/\/www.facebook.com\/kiennamlandvn"]}]}},"_links":{"self":[{"href":"https:\/\/onebim.vn\/en\/wp-json\/wp\/v2\/pages\/2314","targetHints":{"allow":["GET"]}}],"collection":[{"href":"https:\/\/onebim.vn\/en\/wp-json\/wp\/v2\/pages"}],"about":[{"href":"https:\/\/onebim.vn\/en\/wp-json\/wp\/v2\/types\/page"}],"author":[{"embeddable":true,"href":"https:\/\/onebim.vn\/en\/wp-json\/wp\/v2\/users\/3"}],"replies":[{"embeddable":true,"href":"https:\/\/onebim.vn\/en\/wp-json\/wp\/v2\/comments?post=2314"}],"version-history":[{"count":20,"href":"https:\/\/onebim.vn\/en\/wp-json\/wp\/v2\/pages\/2314\/revisions"}],"predecessor-version":[{"id":2485,"href":"https:\/\/onebim.vn\/en\/wp-json\/wp\/v2\/pages\/2314\/revisions\/2485"}],"wp:attachment":[{"href":"https:\/\/onebim.vn\/en\/wp-json\/wp\/v2\/media?parent=2314"}],"curies":[{"name":"wp","href":"https:\/\/api.w.org\/{rel}","templated":true}]}}