{"id":2336,"date":"2026-02-04T08:06:26","date_gmt":"2026-02-04T01:06:26","guid":{"rendered":"https:\/\/onebim.vn\/?page_id=2336"},"modified":"2026-02-04T10:44:53","modified_gmt":"2026-02-04T03:44:53","slug":"phan-mem-oracle-primavera-lean","status":"publish","type":"page","link":"https:\/\/onebim.vn\/en\/phan-mem-oracle-primavera-lean\/","title":{"rendered":""},"content":{"rendered":"<div data-elementor-type=\"wp-page\" data-elementor-id=\"2336\" class=\"elementor elementor-2336\">\n\t\t\t\t<div class=\"elementor-element elementor-element-20ce10e7 e-flex e-con-boxed e-con e-parent\" data-id=\"20ce10e7\" data-element_type=\"container\">\n\t\t\t\t\t<div class=\"e-con-inner\">\n\t\t\t\t<div class=\"elementor-element elementor-element-5577853a elementor-widget elementor-widget-text-editor\" data-id=\"5577853a\" data-element_type=\"widget\" data-widget_type=\"text-editor.default\">\n\t\t\t\t\t\t\t\t\t<div class=\"row\"><div class=\"col-md-12 col-sm-12 col-xs-12\"><div class=\"content_software primavera-wrap\"><h1 class=\"titlt_h1_page\" style=\"text-align: center;\"><strong><span style=\"color: #000000;\">Oracle Primavera Lean Software<\/span><\/strong><\/h1><p><span style=\"color: #000000;\">Oracle Primavera Lean is the first and only product to combine Lean and Critical Path Method (CPM) in a planning approach to achieve project success and business results. This cloud-based, mobile-enabled solution automates and simplifies Lean scheduling to optimize efficiency, facilitate precise coordination, and ensure the alignment necessary for success. It also leverages the power of the industry-leading Oracle Primavera P6, providing enterprise-level visibility and control over CPM. The bottom line: enhanced coordination and command for more efficient and profitable project completion.<\/span><\/p><h3><span style=\"color: #000000;\"><strong>Integrating Lean and CPM<\/strong><\/span><\/h3><p><span style=\"color: #000000;\">Stakeholders in the construction and engineering ecosystem face numerous challenges: faster deadlines, high penalties for delays, shortages of skilled resources, and rising costs eroding profitability.<\/span><\/p><p><span style=\"color: #000000;\">Many businesses turn to Lean scheduling to ensure projects stay on schedule and within budget; however, existing tools often only partially support the Lean methodology and are not integrated into the overall enterprise management system. This creates a separation between two crucial project management methodologies: Critical Path Method (CPM) and Lean scheduling.<\/span><\/p><p><span style=\"color: #000000;\">Oracle Primavera Lean thoroughly addresses this issue with a unified cloud platform where Lean and CPM can coexist, complement each other, and maximize value.<\/span><\/p><p><span style=\"color: #000000;\">Oracle Primavera Lean is an integrated platform for CPM and Lean scheduling, helping stakeholders address coordination, commitment, and collaboration challenges while leveraging the synergies of these two methodologies.<\/span><\/p><ul><li><span style=\"color: #000000;\">Reduce the need for complex master schedules and manage details effectively for field teams.<\/span><\/li><li><span style=\"color: #000000;\">Eliminate costly, repetitive tasks, increase accountability, and minimize risks.<\/span><\/li><li><span style=\"color: #000000;\">Boost field performance based on tangible commitments.<\/span><\/li><li><span style=\"color: #000000;\">Synchronizing information among stakeholders towards a common goal.<\/span><\/li><li><span style=\"color: #000000;\">Providing flexible visibility for businesses while respecting on-site workflows.<\/span><\/li><\/ul><h3><span style=\"color: #000000;\"><strong>Features of Oracle Primavera Lean<\/strong><\/span><\/h3><p><span style=\"color: #000000;\">Oracle Primavera Lean provides a unified platform for construction, engineering, and enterprise projects, automating processes and integrating data from the office to the field, enabling comprehensive coordination and control even for the most complex projects.<\/span><\/p><p><span style=\"color: #000000;\">This solution unifies scope, cost, and scheduling in a single platform, providing seamless visibility from the task level to the enterprise level.<\/span><\/p><p><span style=\"color: #000000;\"><img decoding=\"async\" src=\"https:\/\/onebimvn.com\/Upload\/images\/ORACLE\/oracle-primavera-lean.JPG\" alt=\"Oracle Primavera Lean\" \/><\/span><\/p><h3><span style=\"color: #000000;\"><strong>The solution provides an integrated environment for<\/strong><\/span><\/h3><ul><li><span style=\"color: #000000;\"><strong>Determine WBS:<\/strong> Create a visual schedule through easily manageable project phases.<\/span><\/li><li><span style=\"color: #000000;\"><strong>Mapping activities and relationships:<\/strong> Identify the critical path (CPM) and automate the workflow.<\/span><\/li><li><span style=\"color: #000000;\"><strong>Create an activity plan:<\/strong> Last Planners\u00ae helps you break down tasks and stay committed to deadlines.<\/span><\/li><li><span style=\"color: #000000;\"><strong>Fulfilling the commitment:<\/strong> Track planned, completed, and overdue tasks.<\/span><\/li><li><span style=\"color: #000000;\"><strong>Performance monitoring:<\/strong> Visual analysis of PPC and the reasons for missed commitments.<\/span><\/li><li><span style=\"color: #000000;\"><strong>Real-time alerts:<\/strong> Synchronize changes with the CPM network and improve collaboration.<\/span><\/li><\/ul><h3><span style=\"color: #000000;\"><strong>Key features<\/strong><\/span><\/h3><ul><li><span style=\"color: #000000;\">Displays tasks ranging from side missions to enterprise-level assignments.<\/span><\/li><li><span style=\"color: #000000;\">Integrate scope, cost, and schedule on a single platform.<\/span><\/li><li><span style=\"color: #000000;\">Fully integrated with Oracle Primavera P6.<\/span><\/li><li><span style=\"color: #000000;\">Expand from a single project to an entire portfolio.<\/span><\/li><li><span style=\"color: #000000;\">Highly personalized, avoiding information overload.<\/span><\/li><li><span style=\"color: #000000;\">Update your status online and offline on your iPad\/iPhone.<\/span><\/li><li><span style=\"color: #000000;\">Focus on short-term tasks that reflect overall performance.<\/span><\/li><li><span style=\"color: #000000;\">A complete cloud solution powered by Oracle.<\/span><\/li><\/ul><ul><li><span style=\"color: #000000;\">With an easy-to-use interface and simple deployment, featuring three main data tables, Oracle Primavera Lean supports both online and offline collaboration via iPad and iPhone apps, boosting productivity and allowing users to focus on key information.<\/span><\/li><\/ul><\/div><\/div><\/div>\t\t\t\t\t\t\t\t<\/div>\n\t\t\t\t\t<\/div>\n\t\t\t\t<\/div>\n\t\t\t\t<\/div>","protected":false},"excerpt":{"rendered":"<p>Ph\u1ea7n M\u1ec1m Oracle Primavera Lean Oracle Primavera Lean l\u00e0 s\u1ea3n ph\u1ea9m \u0111\u1ea7u ti\u00ean v\u00e0 duy nh\u1ea5t k\u1ebft h\u1ee3p Lean v\u00e0 Critical Path Method (CPM) trong c\u00e1ch ti\u1ebfp c\u1eadn l\u1eadp k\u1ebf ho\u1ea1ch nh\u1eb1m \u0111\u1ea1t \u0111\u01b0\u1ee3c th\u00e0nh c\u00f4ng cho d\u1ef1 \u00e1n v\u00e0 k\u1ebft qu\u1ea3 kinh doanh. Gi\u1ea3i ph\u00e1p d\u1ef1a tr\u00ean \u0111\u00e1m m\u00e2y, h\u1ed7 tr\u1ee3 thi\u1ebft b\u1ecb di [&hellip;]<\/p>","protected":false},"author":3,"featured_media":0,"parent":0,"menu_order":0,"comment_status":"closed","ping_status":"closed","template":"elementor_header_footer","meta":{"_acf_changed":false,"footnotes":""},"class_list":["post-2336","page","type-page","status-publish","hentry"],"acf":[],"yoast_head":"<!-- This site is optimized with the Yoast SEO Premium plugin v23.2 (Yoast SEO v23.4) - https:\/\/yoast.com\/wordpress\/plugins\/seo\/ -->\n<title>- OneBim<\/title>\n<meta name=\"robots\" content=\"index, follow, max-snippet:-1, max-image-preview:large, max-video-preview:-1\" \/>\n<link rel=\"canonical\" href=\"https:\/\/onebim.vn\/en\/phan-mem-oracle-primavera-lean\/\" \/>\n<meta property=\"og:locale\" content=\"en_US\" \/>\n<meta property=\"og:type\" content=\"article\" \/>\n<meta property=\"og:description\" content=\"Ph\u1ea7n M\u1ec1m Oracle Primavera Lean Oracle Primavera Lean l\u00e0 s\u1ea3n ph\u1ea9m \u0111\u1ea7u ti\u00ean v\u00e0 duy nh\u1ea5t k\u1ebft h\u1ee3p Lean v\u00e0 Critical Path Method (CPM) trong c\u00e1ch ti\u1ebfp c\u1eadn l\u1eadp k\u1ebf ho\u1ea1ch nh\u1eb1m \u0111\u1ea1t \u0111\u01b0\u1ee3c th\u00e0nh c\u00f4ng cho d\u1ef1 \u00e1n v\u00e0 k\u1ebft qu\u1ea3 kinh doanh. Gi\u1ea3i ph\u00e1p d\u1ef1a tr\u00ean \u0111\u00e1m m\u00e2y, h\u1ed7 tr\u1ee3 thi\u1ebft b\u1ecb di [&hellip;]\" \/>\n<meta property=\"og:url\" content=\"https:\/\/onebim.vn\/en\/phan-mem-oracle-primavera-lean\/\" \/>\n<meta property=\"og:site_name\" content=\"OneBim\" \/>\n<meta property=\"article:publisher\" content=\"https:\/\/www.facebook.com\/kiennamlandvn\" \/>\n<meta property=\"article:modified_time\" content=\"2026-02-04T03:44:53+00:00\" \/>\n<meta property=\"og:image\" content=\"https:\/\/onebimvn.com\/Upload\/images\/ORACLE\/oracle-primavera-lean.JPG\" \/>\n<meta name=\"twitter:card\" content=\"summary_large_image\" \/>\n<meta name=\"twitter:label1\" content=\"Est. reading time\" \/>\n\t<meta name=\"twitter:data1\" content=\"6 minutes\" \/>\n<script type=\"application\/ld+json\" class=\"yoast-schema-graph\">{\"@context\":\"https:\/\/schema.org\",\"@graph\":[{\"@type\":\"WebPage\",\"@id\":\"https:\/\/onebim.vn\/phan-mem-oracle-primavera-lean\/\",\"url\":\"https:\/\/onebim.vn\/phan-mem-oracle-primavera-lean\/\",\"name\":\"- OneBim\",\"isPartOf\":{\"@id\":\"https:\/\/onebim.vn\/#website\"},\"primaryImageOfPage\":{\"@id\":\"https:\/\/onebim.vn\/phan-mem-oracle-primavera-lean\/#primaryimage\"},\"image\":{\"@id\":\"https:\/\/onebim.vn\/phan-mem-oracle-primavera-lean\/#primaryimage\"},\"thumbnailUrl\":\"https:\/\/onebimvn.com\/Upload\/images\/ORACLE\/oracle-primavera-lean.JPG\",\"datePublished\":\"2026-02-04T01:06:26+00:00\",\"dateModified\":\"2026-02-04T03:44:53+00:00\",\"inLanguage\":\"en-US\",\"potentialAction\":[{\"@type\":\"ReadAction\",\"target\":[\"https:\/\/onebim.vn\/phan-mem-oracle-primavera-lean\/\"]}]},{\"@type\":\"ImageObject\",\"inLanguage\":\"en-US\",\"@id\":\"https:\/\/onebim.vn\/phan-mem-oracle-primavera-lean\/#primaryimage\",\"url\":\"https:\/\/onebimvn.com\/Upload\/images\/ORACLE\/oracle-primavera-lean.JPG\",\"contentUrl\":\"https:\/\/onebimvn.com\/Upload\/images\/ORACLE\/oracle-primavera-lean.JPG\"},{\"@type\":\"WebSite\",\"@id\":\"https:\/\/onebim.vn\/#website\",\"url\":\"https:\/\/onebim.vn\/\",\"name\":\"Ki\u00ean Nam Land\",\"description\":\"Ki\u00ean \u0111\u1ecbnh \u0111\u1ec3 ki\u1ebfn t\u1ea1o\",\"publisher\":{\"@id\":\"https:\/\/onebim.vn\/#organization\"},\"potentialAction\":[{\"@type\":\"SearchAction\",\"target\":{\"@type\":\"EntryPoint\",\"urlTemplate\":\"https:\/\/onebim.vn\/?s={search_term_string}\"},\"query-input\":{\"@type\":\"PropertyValueSpecification\",\"valueRequired\":true,\"valueName\":\"search_term_string\"}}],\"inLanguage\":\"en-US\"},{\"@type\":\"Organization\",\"@id\":\"https:\/\/onebim.vn\/#organization\",\"name\":\"Ki\u00ean Nam Land\",\"url\":\"https:\/\/onebim.vn\/\",\"logo\":{\"@type\":\"ImageObject\",\"inLanguage\":\"en-US\",\"@id\":\"https:\/\/onebim.vn\/#\/schema\/logo\/image\/\",\"url\":\"https:\/\/onebim.vn\/wp-content\/uploads\/2026\/01\/cropped-logo-ngang.png\",\"contentUrl\":\"https:\/\/onebim.vn\/wp-content\/uploads\/2026\/01\/cropped-logo-ngang.png\",\"width\":2107,\"height\":601,\"caption\":\"Ki\u00ean Nam Land\"},\"image\":{\"@id\":\"https:\/\/onebim.vn\/#\/schema\/logo\/image\/\"},\"sameAs\":[\"https:\/\/www.facebook.com\/kiennamlandvn\"]}]}<\/script>\n<!-- \/ Yoast SEO Premium plugin. -->","yoast_head_json":{"title":"- OneBim","robots":{"index":"index","follow":"follow","max-snippet":"max-snippet:-1","max-image-preview":"max-image-preview:large","max-video-preview":"max-video-preview:-1"},"canonical":"https:\/\/onebim.vn\/en\/phan-mem-oracle-primavera-lean\/","og_locale":"en_US","og_type":"article","og_description":"Ph\u1ea7n M\u1ec1m Oracle Primavera Lean Oracle Primavera Lean l\u00e0 s\u1ea3n ph\u1ea9m \u0111\u1ea7u ti\u00ean v\u00e0 duy nh\u1ea5t k\u1ebft h\u1ee3p Lean v\u00e0 Critical Path Method (CPM) trong c\u00e1ch ti\u1ebfp c\u1eadn l\u1eadp k\u1ebf ho\u1ea1ch nh\u1eb1m \u0111\u1ea1t \u0111\u01b0\u1ee3c th\u00e0nh c\u00f4ng cho d\u1ef1 \u00e1n v\u00e0 k\u1ebft qu\u1ea3 kinh doanh. Gi\u1ea3i ph\u00e1p d\u1ef1a tr\u00ean \u0111\u00e1m m\u00e2y, h\u1ed7 tr\u1ee3 thi\u1ebft b\u1ecb di [&hellip;]","og_url":"https:\/\/onebim.vn\/en\/phan-mem-oracle-primavera-lean\/","og_site_name":"OneBim","article_publisher":"https:\/\/www.facebook.com\/kiennamlandvn","article_modified_time":"2026-02-04T03:44:53+00:00","og_image":[{"url":"https:\/\/onebimvn.com\/Upload\/images\/ORACLE\/oracle-primavera-lean.JPG"}],"twitter_card":"summary_large_image","twitter_misc":{"Est. reading time":"6 minutes"},"schema":{"@context":"https:\/\/schema.org","@graph":[{"@type":"WebPage","@id":"https:\/\/onebim.vn\/phan-mem-oracle-primavera-lean\/","url":"https:\/\/onebim.vn\/phan-mem-oracle-primavera-lean\/","name":"- OneBim","isPartOf":{"@id":"https:\/\/onebim.vn\/#website"},"primaryImageOfPage":{"@id":"https:\/\/onebim.vn\/phan-mem-oracle-primavera-lean\/#primaryimage"},"image":{"@id":"https:\/\/onebim.vn\/phan-mem-oracle-primavera-lean\/#primaryimage"},"thumbnailUrl":"https:\/\/onebimvn.com\/Upload\/images\/ORACLE\/oracle-primavera-lean.JPG","datePublished":"2026-02-04T01:06:26+00:00","dateModified":"2026-02-04T03:44:53+00:00","inLanguage":"en-US","potentialAction":[{"@type":"ReadAction","target":["https:\/\/onebim.vn\/phan-mem-oracle-primavera-lean\/"]}]},{"@type":"ImageObject","inLanguage":"en-US","@id":"https:\/\/onebim.vn\/phan-mem-oracle-primavera-lean\/#primaryimage","url":"https:\/\/onebimvn.com\/Upload\/images\/ORACLE\/oracle-primavera-lean.JPG","contentUrl":"https:\/\/onebimvn.com\/Upload\/images\/ORACLE\/oracle-primavera-lean.JPG"},{"@type":"WebSite","@id":"https:\/\/onebim.vn\/#website","url":"https:\/\/onebim.vn\/","name":"Ki\u00ean Nam Land","description":"Ki\u00ean \u0111\u1ecbnh \u0111\u1ec3 ki\u1ebfn t\u1ea1o","publisher":{"@id":"https:\/\/onebim.vn\/#organization"},"potentialAction":[{"@type":"SearchAction","target":{"@type":"EntryPoint","urlTemplate":"https:\/\/onebim.vn\/?s={search_term_string}"},"query-input":{"@type":"PropertyValueSpecification","valueRequired":true,"valueName":"search_term_string"}}],"inLanguage":"en-US"},{"@type":"Organization","@id":"https:\/\/onebim.vn\/#organization","name":"Ki\u00ean Nam Land","url":"https:\/\/onebim.vn\/","logo":{"@type":"ImageObject","inLanguage":"en-US","@id":"https:\/\/onebim.vn\/#\/schema\/logo\/image\/","url":"https:\/\/onebim.vn\/wp-content\/uploads\/2026\/01\/cropped-logo-ngang.png","contentUrl":"https:\/\/onebim.vn\/wp-content\/uploads\/2026\/01\/cropped-logo-ngang.png","width":2107,"height":601,"caption":"Ki\u00ean Nam Land"},"image":{"@id":"https:\/\/onebim.vn\/#\/schema\/logo\/image\/"},"sameAs":["https:\/\/www.facebook.com\/kiennamlandvn"]}]}},"_links":{"self":[{"href":"https:\/\/onebim.vn\/en\/wp-json\/wp\/v2\/pages\/2336","targetHints":{"allow":["GET"]}}],"collection":[{"href":"https:\/\/onebim.vn\/en\/wp-json\/wp\/v2\/pages"}],"about":[{"href":"https:\/\/onebim.vn\/en\/wp-json\/wp\/v2\/types\/page"}],"author":[{"embeddable":true,"href":"https:\/\/onebim.vn\/en\/wp-json\/wp\/v2\/users\/3"}],"replies":[{"embeddable":true,"href":"https:\/\/onebim.vn\/en\/wp-json\/wp\/v2\/comments?post=2336"}],"version-history":[{"count":5,"href":"https:\/\/onebim.vn\/en\/wp-json\/wp\/v2\/pages\/2336\/revisions"}],"predecessor-version":[{"id":2437,"href":"https:\/\/onebim.vn\/en\/wp-json\/wp\/v2\/pages\/2336\/revisions\/2437"}],"wp:attachment":[{"href":"https:\/\/onebim.vn\/en\/wp-json\/wp\/v2\/media?parent=2336"}],"curies":[{"name":"wp","href":"https:\/\/api.w.org\/{rel}","templated":true}]}}