{"id":2346,"date":"2026-02-04T08:13:01","date_gmt":"2026-02-04T01:13:01","guid":{"rendered":"https:\/\/onebim.vn\/?page_id=2346"},"modified":"2026-02-04T10:45:25","modified_gmt":"2026-02-04T03:45:25","slug":"phan-mem-primavera-unifier","status":"publish","type":"page","link":"https:\/\/onebim.vn\/en\/phan-mem-primavera-unifier\/","title":{"rendered":""},"content":{"rendered":"<div data-elementor-type=\"wp-page\" data-elementor-id=\"2346\" class=\"elementor elementor-2346\">\n\t\t\t\t<div class=\"elementor-element elementor-element-22e7a75f e-flex e-con-boxed e-con e-parent\" data-id=\"22e7a75f\" data-element_type=\"container\">\n\t\t\t\t\t<div class=\"e-con-inner\">\n\t\t\t\t<div class=\"elementor-element elementor-element-786b69f7 elementor-widget elementor-widget-text-editor\" data-id=\"786b69f7\" data-element_type=\"widget\" data-widget_type=\"text-editor.default\">\n\t\t\t\t\t\t\t\t\t<div class=\"row\"><div class=\"col-md-12 col-sm-12 col-xs-12\"><div class=\"content_software primavera-wrap\"><h1 class=\"titlt_h1_page\" style=\"text-align: center;\"><span style=\"color: #000000;\">Primavera Unifier Software<\/span><\/h1><p><span style=\"color: #000000;\"><img decoding=\"async\" src=\"https:\/\/onebimvn.com\/Upload\/images\/unifier.png\" alt=\"Primavera Unifier\" \/><\/span><\/p><p><span style=\"color: #000000;\">Primavera Unifier is a powerful project management and cost management platform that enables systems and users to exchange information accurately, securely, and in control throughout the project lifecycle.<\/span><\/p><h3><span style=\"color: #000000;\"><strong>Request and exchange of information<\/strong><\/span><\/h3><p><span style=\"color: #000000;\">Similar to how users access information through links on a website, Primavera Unifier allows sending and receiving information requests between systems. However, instead of freely exchanging data, Unifier uses XML documents to ensure that requests and responses are clearly defined, precise, and tightly controlled.<\/span><\/p><h3><span style=\"color: #000000;\"><strong>SOAP protocol standard<\/strong><\/span><\/h3><p><span style=\"color: #000000;\">Primavera Unifier uses the Simple Object Access Protocol (SOAP) standard, functioning as an intelligent messaging system. SOAP receives requests, routes them precisely to the correct system or responsible party, and ensures that requests are processed correctly.<\/span><\/p><h3><span style=\"color: #000000;\"><strong>Data security<\/strong><\/span><\/h3><p><span style=\"color: #000000;\">The platform employs stringent security mechanisms to limit data access. Communication can be configured at various levels of interaction and is encrypted to ensure the security of project data.<\/span><\/p><h3><span style=\"color: #000000;\"><strong>Flexible three-story architecture<\/strong><\/span><\/h3><p><span style=\"color: #000000;\">With its three-tier architecture and standard Web services, Primavera Unifier allows for easy integration with external systems. Businesses can add specific forms and processes without complex programming.<\/span><\/p><h3><span style=\"color: #000000;\"><strong>User-oriented report<\/strong><\/span><\/h3><p><span style=\"color: #000000;\">All parties involved in the workflow can create reports directly related to their data and tasks within the project. These reports can be shared to reflect progress, identify tasks that are on schedule, ahead of schedule, or behind schedule.<\/span><\/p><p><span style=\"color: #000000;\">This allows project managers to quickly coordinate and reallocate resources as needed, right when problems arise.<\/span><\/p><h3><span style=\"color: #000000;\"><strong>Flexible deployment model<\/strong><\/span><\/h3><p><span style=\"color: #000000;\">Primavera Unifier operates on a cloud computing model but without relying on public cloud infrastructure. Businesses are not bound by service providers, monthly subscription fees, unclear maintenance costs, or associated security risks.<\/span><\/p><p><span style=\"color: #000000;\">Because it is deployed and managed within an internal system, Primavera Unifier can be opened or closed at any level depending on the specific requirements of each project.<\/span><\/p><\/div><\/div><\/div>\t\t\t\t\t\t\t\t<\/div>\n\t\t\t\t\t<\/div>\n\t\t\t\t<\/div>\n\t\t\t\t<\/div>","protected":false},"excerpt":{"rendered":"<p>Ph\u1ea7n M\u1ec1m Primavera Unifier Primavera Unifier l\u00e0 n\u1ec1n t\u1ea3ng qu\u1ea3n l\u00fd d\u1ef1 \u00e1n v\u00e0 qu\u1ea3n l\u00fd chi ph\u00ed m\u1ea1nh m\u1ebd, cho ph\u00e9p c\u00e1c h\u1ec7 th\u1ed1ng v\u00e0 ng\u01b0\u1eddi d\u00f9ng trao \u0111\u1ed5i th\u00f4ng tin m\u1ed9t c\u00e1ch ch\u00ednh x\u00e1c, an to\u00e0n v\u00e0 c\u00f3 ki\u1ec3m so\u00e1t trong su\u1ed1t v\u00f2ng \u0111\u1eddi d\u1ef1 \u00e1n. Y\u00eau c\u1ea7u v\u00e0 trao \u0111\u1ed5i th\u00f4ng tin [&hellip;]<\/p>","protected":false},"author":3,"featured_media":0,"parent":0,"menu_order":0,"comment_status":"closed","ping_status":"closed","template":"elementor_header_footer","meta":{"_acf_changed":false,"footnotes":""},"class_list":["post-2346","page","type-page","status-publish","hentry"],"acf":[],"yoast_head":"<!-- This site is optimized with the Yoast SEO Premium plugin v23.2 (Yoast SEO v23.4) - https:\/\/yoast.com\/wordpress\/plugins\/seo\/ -->\n<title>- OneBim<\/title>\n<meta name=\"robots\" content=\"index, follow, max-snippet:-1, max-image-preview:large, max-video-preview:-1\" \/>\n<link rel=\"canonical\" href=\"https:\/\/onebim.vn\/en\/phan-mem-primavera-unifier\/\" \/>\n<meta property=\"og:locale\" content=\"en_US\" \/>\n<meta property=\"og:type\" content=\"article\" \/>\n<meta property=\"og:description\" content=\"Ph\u1ea7n M\u1ec1m Primavera Unifier Primavera Unifier l\u00e0 n\u1ec1n t\u1ea3ng qu\u1ea3n l\u00fd d\u1ef1 \u00e1n v\u00e0 qu\u1ea3n l\u00fd chi ph\u00ed m\u1ea1nh m\u1ebd, cho ph\u00e9p c\u00e1c h\u1ec7 th\u1ed1ng v\u00e0 ng\u01b0\u1eddi d\u00f9ng trao \u0111\u1ed5i th\u00f4ng tin m\u1ed9t c\u00e1ch ch\u00ednh x\u00e1c, an to\u00e0n v\u00e0 c\u00f3 ki\u1ec3m so\u00e1t trong su\u1ed1t v\u00f2ng \u0111\u1eddi d\u1ef1 \u00e1n. Y\u00eau c\u1ea7u v\u00e0 trao \u0111\u1ed5i th\u00f4ng tin [&hellip;]\" \/>\n<meta property=\"og:url\" content=\"https:\/\/onebim.vn\/en\/phan-mem-primavera-unifier\/\" \/>\n<meta property=\"og:site_name\" content=\"OneBim\" \/>\n<meta property=\"article:publisher\" content=\"https:\/\/www.facebook.com\/kiennamlandvn\" \/>\n<meta property=\"article:modified_time\" content=\"2026-02-04T03:45:25+00:00\" \/>\n<meta property=\"og:image\" content=\"https:\/\/onebimvn.com\/Upload\/images\/unifier.png\" \/>\n<meta name=\"twitter:card\" content=\"summary_large_image\" \/>\n<meta name=\"twitter:label1\" content=\"Est. reading time\" \/>\n\t<meta name=\"twitter:data1\" content=\"4 minutes\" \/>\n<script type=\"application\/ld+json\" class=\"yoast-schema-graph\">{\"@context\":\"https:\/\/schema.org\",\"@graph\":[{\"@type\":\"WebPage\",\"@id\":\"https:\/\/onebim.vn\/phan-mem-primavera-unifier\/\",\"url\":\"https:\/\/onebim.vn\/phan-mem-primavera-unifier\/\",\"name\":\"- OneBim\",\"isPartOf\":{\"@id\":\"https:\/\/onebim.vn\/#website\"},\"primaryImageOfPage\":{\"@id\":\"https:\/\/onebim.vn\/phan-mem-primavera-unifier\/#primaryimage\"},\"image\":{\"@id\":\"https:\/\/onebim.vn\/phan-mem-primavera-unifier\/#primaryimage\"},\"thumbnailUrl\":\"https:\/\/onebimvn.com\/Upload\/images\/unifier.png\",\"datePublished\":\"2026-02-04T01:13:01+00:00\",\"dateModified\":\"2026-02-04T03:45:25+00:00\",\"inLanguage\":\"en-US\",\"potentialAction\":[{\"@type\":\"ReadAction\",\"target\":[\"https:\/\/onebim.vn\/phan-mem-primavera-unifier\/\"]}]},{\"@type\":\"ImageObject\",\"inLanguage\":\"en-US\",\"@id\":\"https:\/\/onebim.vn\/phan-mem-primavera-unifier\/#primaryimage\",\"url\":\"https:\/\/onebimvn.com\/Upload\/images\/unifier.png\",\"contentUrl\":\"https:\/\/onebimvn.com\/Upload\/images\/unifier.png\"},{\"@type\":\"WebSite\",\"@id\":\"https:\/\/onebim.vn\/#website\",\"url\":\"https:\/\/onebim.vn\/\",\"name\":\"Ki\u00ean Nam Land\",\"description\":\"Ki\u00ean \u0111\u1ecbnh \u0111\u1ec3 ki\u1ebfn t\u1ea1o\",\"publisher\":{\"@id\":\"https:\/\/onebim.vn\/#organization\"},\"potentialAction\":[{\"@type\":\"SearchAction\",\"target\":{\"@type\":\"EntryPoint\",\"urlTemplate\":\"https:\/\/onebim.vn\/?s={search_term_string}\"},\"query-input\":{\"@type\":\"PropertyValueSpecification\",\"valueRequired\":true,\"valueName\":\"search_term_string\"}}],\"inLanguage\":\"en-US\"},{\"@type\":\"Organization\",\"@id\":\"https:\/\/onebim.vn\/#organization\",\"name\":\"Ki\u00ean Nam Land\",\"url\":\"https:\/\/onebim.vn\/\",\"logo\":{\"@type\":\"ImageObject\",\"inLanguage\":\"en-US\",\"@id\":\"https:\/\/onebim.vn\/#\/schema\/logo\/image\/\",\"url\":\"https:\/\/onebim.vn\/wp-content\/uploads\/2026\/01\/cropped-logo-ngang.png\",\"contentUrl\":\"https:\/\/onebim.vn\/wp-content\/uploads\/2026\/01\/cropped-logo-ngang.png\",\"width\":2107,\"height\":601,\"caption\":\"Ki\u00ean Nam Land\"},\"image\":{\"@id\":\"https:\/\/onebim.vn\/#\/schema\/logo\/image\/\"},\"sameAs\":[\"https:\/\/www.facebook.com\/kiennamlandvn\"]}]}<\/script>\n<!-- \/ Yoast SEO Premium plugin. -->","yoast_head_json":{"title":"- OneBim","robots":{"index":"index","follow":"follow","max-snippet":"max-snippet:-1","max-image-preview":"max-image-preview:large","max-video-preview":"max-video-preview:-1"},"canonical":"https:\/\/onebim.vn\/en\/phan-mem-primavera-unifier\/","og_locale":"en_US","og_type":"article","og_description":"Ph\u1ea7n M\u1ec1m Primavera Unifier Primavera Unifier l\u00e0 n\u1ec1n t\u1ea3ng qu\u1ea3n l\u00fd d\u1ef1 \u00e1n v\u00e0 qu\u1ea3n l\u00fd chi ph\u00ed m\u1ea1nh m\u1ebd, cho ph\u00e9p c\u00e1c h\u1ec7 th\u1ed1ng v\u00e0 ng\u01b0\u1eddi d\u00f9ng trao \u0111\u1ed5i th\u00f4ng tin m\u1ed9t c\u00e1ch ch\u00ednh x\u00e1c, an to\u00e0n v\u00e0 c\u00f3 ki\u1ec3m so\u00e1t trong su\u1ed1t v\u00f2ng \u0111\u1eddi d\u1ef1 \u00e1n. Y\u00eau c\u1ea7u v\u00e0 trao \u0111\u1ed5i th\u00f4ng tin [&hellip;]","og_url":"https:\/\/onebim.vn\/en\/phan-mem-primavera-unifier\/","og_site_name":"OneBim","article_publisher":"https:\/\/www.facebook.com\/kiennamlandvn","article_modified_time":"2026-02-04T03:45:25+00:00","og_image":[{"url":"https:\/\/onebimvn.com\/Upload\/images\/unifier.png"}],"twitter_card":"summary_large_image","twitter_misc":{"Est. reading time":"4 minutes"},"schema":{"@context":"https:\/\/schema.org","@graph":[{"@type":"WebPage","@id":"https:\/\/onebim.vn\/phan-mem-primavera-unifier\/","url":"https:\/\/onebim.vn\/phan-mem-primavera-unifier\/","name":"- OneBim","isPartOf":{"@id":"https:\/\/onebim.vn\/#website"},"primaryImageOfPage":{"@id":"https:\/\/onebim.vn\/phan-mem-primavera-unifier\/#primaryimage"},"image":{"@id":"https:\/\/onebim.vn\/phan-mem-primavera-unifier\/#primaryimage"},"thumbnailUrl":"https:\/\/onebimvn.com\/Upload\/images\/unifier.png","datePublished":"2026-02-04T01:13:01+00:00","dateModified":"2026-02-04T03:45:25+00:00","inLanguage":"en-US","potentialAction":[{"@type":"ReadAction","target":["https:\/\/onebim.vn\/phan-mem-primavera-unifier\/"]}]},{"@type":"ImageObject","inLanguage":"en-US","@id":"https:\/\/onebim.vn\/phan-mem-primavera-unifier\/#primaryimage","url":"https:\/\/onebimvn.com\/Upload\/images\/unifier.png","contentUrl":"https:\/\/onebimvn.com\/Upload\/images\/unifier.png"},{"@type":"WebSite","@id":"https:\/\/onebim.vn\/#website","url":"https:\/\/onebim.vn\/","name":"Ki\u00ean Nam Land","description":"Ki\u00ean \u0111\u1ecbnh \u0111\u1ec3 ki\u1ebfn t\u1ea1o","publisher":{"@id":"https:\/\/onebim.vn\/#organization"},"potentialAction":[{"@type":"SearchAction","target":{"@type":"EntryPoint","urlTemplate":"https:\/\/onebim.vn\/?s={search_term_string}"},"query-input":{"@type":"PropertyValueSpecification","valueRequired":true,"valueName":"search_term_string"}}],"inLanguage":"en-US"},{"@type":"Organization","@id":"https:\/\/onebim.vn\/#organization","name":"Ki\u00ean Nam Land","url":"https:\/\/onebim.vn\/","logo":{"@type":"ImageObject","inLanguage":"en-US","@id":"https:\/\/onebim.vn\/#\/schema\/logo\/image\/","url":"https:\/\/onebim.vn\/wp-content\/uploads\/2026\/01\/cropped-logo-ngang.png","contentUrl":"https:\/\/onebim.vn\/wp-content\/uploads\/2026\/01\/cropped-logo-ngang.png","width":2107,"height":601,"caption":"Ki\u00ean Nam Land"},"image":{"@id":"https:\/\/onebim.vn\/#\/schema\/logo\/image\/"},"sameAs":["https:\/\/www.facebook.com\/kiennamlandvn"]}]}},"_links":{"self":[{"href":"https:\/\/onebim.vn\/en\/wp-json\/wp\/v2\/pages\/2346","targetHints":{"allow":["GET"]}}],"collection":[{"href":"https:\/\/onebim.vn\/en\/wp-json\/wp\/v2\/pages"}],"about":[{"href":"https:\/\/onebim.vn\/en\/wp-json\/wp\/v2\/types\/page"}],"author":[{"embeddable":true,"href":"https:\/\/onebim.vn\/en\/wp-json\/wp\/v2\/users\/3"}],"replies":[{"embeddable":true,"href":"https:\/\/onebim.vn\/en\/wp-json\/wp\/v2\/comments?post=2346"}],"version-history":[{"count":6,"href":"https:\/\/onebim.vn\/en\/wp-json\/wp\/v2\/pages\/2346\/revisions"}],"predecessor-version":[{"id":2438,"href":"https:\/\/onebim.vn\/en\/wp-json\/wp\/v2\/pages\/2346\/revisions\/2438"}],"wp:attachment":[{"href":"https:\/\/onebim.vn\/en\/wp-json\/wp\/v2\/media?parent=2346"}],"curies":[{"name":"wp","href":"https:\/\/api.w.org\/{rel}","templated":true}]}}