{"id":2357,"date":"2026-02-04T08:18:24","date_gmt":"2026-02-04T01:18:24","guid":{"rendered":"https:\/\/onebim.vn\/?page_id=2357"},"modified":"2026-02-04T11:26:54","modified_gmt":"2026-02-04T04:26:54","slug":"phan-mem-primavera-p6-eppm","status":"publish","type":"page","link":"https:\/\/onebim.vn\/en\/phan-mem-primavera-p6-eppm\/","title":{"rendered":""},"content":{"rendered":"<div data-elementor-type=\"wp-page\" data-elementor-id=\"2357\" class=\"elementor elementor-2357\">\n\t\t\t\t<div class=\"elementor-element elementor-element-74b474ca e-flex e-con-boxed e-con e-parent\" data-id=\"74b474ca\" data-element_type=\"container\">\n\t\t\t\t\t<div class=\"e-con-inner\">\n\t\t\t\t<div class=\"elementor-element elementor-element-6d15ad5e elementor-widget elementor-widget-text-editor\" data-id=\"6d15ad5e\" data-element_type=\"widget\" data-widget_type=\"text-editor.default\">\n\t\t\t\t\t\t\t\t\t<div class=\"row\"><div class=\"col-md-12 col-sm-12 col-xs-12\"><div class=\"content_software primavera-wrap\"><h1 class=\"titlt_h1_page\" style=\"text-align: center;\"><span style=\"color: #000000;\">Ph\u1ea7n M\u1ec1m Primavera P6 EPPM<\/span><\/h1><p><span style=\"color: #000000;\"><strong>Primavera P6 Enterprise Project Portfolio Management (EPPM)<\/strong> it is the world's leading project schedule and portfolio management solution, designed to help organizations effectively control time, costs, and resources in large-scale and complex projects.<\/span><\/p><h3><span style=\"color: #000000;\"><strong>Key benefits of Primavera P6 EPPM<\/strong><\/span><\/h3><ul><li><span style=\"color: #000000;\">Minimize risks and costs arising from exceeding deadlines.<\/span><\/li><li><span style=\"color: #000000;\">Support in planning and controlling project work effectively.<\/span><\/li><li><span style=\"color: #000000;\">Optimize the allocation and utilization of resources.<\/span><\/li><li><span style=\"color: #000000;\">It provides a clear and visual overview of the entire project.<\/span><\/li><li><span style=\"color: #000000;\">Rapid forecasting, closely linked to WBS, operations, and resources.<\/span><\/li><li><span style=\"color: #000000;\">Monitor progress and evaluate performance for management reporting.<\/span><\/li><li><span style=\"color: #000000;\">Enhance communication and collaboration among stakeholders globally.<\/span><\/li><li><span style=\"color: #000000;\">Simplify schedule creation, management, and cost control.<\/span><\/li><li><span style=\"color: #000000;\">Assisting with project analysis and detailed work structuring.<\/span><\/li><li><span style=\"color: #000000;\">A flexible collaborative environment for all users.<\/span><\/li><li><span style=\"color: #000000;\">The modern web interface allows for progress updates, document sharing, and note-taking.<\/span><\/li><li><span style=\"color: #000000;\">Powerful graphics capabilities with customizable charts, color codes, and labels.<\/span><\/li><li><span style=\"color: #000000;\">Customize the user interface, perform multi-column searches, and utilize advanced document management.<\/span><\/li><li><span style=\"color: #000000;\">Importing XML data helps to tightly control data and increase collaboration efficiency.<\/span><\/li><li><span style=\"color: #000000;\">It integrates seamlessly with Primavera Unifier for expense and budget management.<\/span><\/li><\/ul><h3><span style=\"color: #000000;\"><strong>Video introducing Primavera P6 EPPM<\/strong><\/span><\/h3><div class=\"video-wrap\"><iframe title=\"Primavera P6 EPPM\" src=\"https:\/\/www.youtube.com\/embed\/plsU39vDHTc?rel=0\" allowfullscreen=\"allowfullscreen\"><br \/><\/iframe><\/div><\/div><\/div><\/div><div id=\"envidictionary\"><div class=\"o-search-mobile\" style=\"top: 0px; left: 0px; display: none;\"><span style=\"color: #000000;\"><img decoding=\"async\" style=\"width: 27px; height: 27px;\" src=\"data:image\/png;base64,iVBORw0KGgoAAAANSUhEUgAAADYAAAA2CAYAAACMRWrdAAAACXBIWXMAADsOAAA7DgHMtqGDAAAAIGNIUk0AAHolAACAgwAA+f8AAIDpAAB1MAAA6mAAADqYAAAXb5JfxUYAAAx2SURBVHja1Jp5kFzFfYC\/7n7XXLsze2hXKyFxCCSEhIwMAnSAwAkVEwNOAnE5roqTcqpM2XFiKBIfxJUQu5xKnNhJxbhcuVw5bALmpky45BgMJuEqJIyEBLrRrvaa3dk539Hd+WOWEdKuxK7YtZSumj9m3pv3+uvf\/esW1loAuAPQMJwJ+blfJKjYXEPpPyDh101ilmW7PMcNpDZ68v5TNzwQvlLm6ypVvd0qcLXFVDTVBlz6+RUAOK3bTfMjgDhJfs3G9l4TWymA5q+n07AkCV+OyoUX3bp5sGIszvlZFvfK1h0tsJpjCFxJKW58Om5E31XCQSKxVmINNAVrTx82KQlqjRW4kgMruuhb6bJoEVPBXswPYWJzcTTR+K4bZamH7QihcdwGxoCOPUhXTxsulRjilGRgVSeVtItXM8A0ErM6EUmVPw3H+sjkRzlj2RYKC3eRbhvGC0YZG1zPwFs34bhlEEdLzpr5mbyQx7\/mhJrB8\/KfK3d7v5kaTITOyNuqCVsyzjFgZqjjurAhPnLGqqdZfvndpHv2EI\/3UJvoQbkhUkXYY2xNKEFYSjCJRXpi7jRVgAktypN4bQo7jcOyzan0yYi+IBAMluxT\/\/WquenGi+W9R0tMVi9dsfFhll39j1QPXsDWh75IsX85YTWP1g7tvYJ0voRJjjw8KmvalwYs2ZBDKIFJ5oZMOgITWw48O0F5IMJNTS86YZpLLURTa0xkPwQcDbbmV7+xoOvslxl45TpefOiPqJY82jrrBNlRHDTKyYKVk+4TrGlCLN2UI9vrzYsqLtmQ4+d3j2DNidXS2iac4+BOsbGuJa+pQ9uu4dm7vkD3kgOsuuoxCgt3EWRH8dLDDO69hv3bPo3rjzdtzIJQzdVtedZtrxP3D2C1xjZCcldfgY0i4sEh0heuwsYxjTd3ozJpooFBMpesRSiFqVSpv74Dp6sTU6uTWr2yJTkhxaQ3FjOLA8eC9W\/fbLc\/\/UlWbnqE1dfcCVIz\/vYFFPtXoNQS6hOLkE58\/Odby6E\/\/gpJcQxvUR\/hgYNkLrmIyk+f5+0\/+SoX7n0NjOHQl+6g+7O\/x6Ev\/zln\/vO3Sa9ZzdhDP2Lshw9S+I3rKX7\/Hs597P6TjG5HZtcCG3jrMlZs\/AFnrL+Lw69cx56Xr6NSXEwSBxgtyfdCpjCBTqYns9pggcXf+Bq5Kze862XP09i3i9F\/u4vO3\/44KEn2sksIVpzLxONbSK9ZTeWZn5G7Yj3BecsQqWD2vkaANlCPqE4BW7buftoX7uDNx3+fN577BEImBNkivtvAGovju1grjxukhZKo9jaKP3yA2tbXMNUaC790K0Ipcus2MP7oE2Q3Xo7KZlFtbeSu3Ej5x88AEO7dR\/dnPoWtNxBSzhjGGkkSg2koAteOrlrEPVPAsp0H2PfyDbz+zCdJtw\/ievUmyKR6ixmouHAc4rf7IYoxYQRAUhyj4+M3Eg8c5vBffguns4CNItquvpLxRx6j9PgWRBCQXrOa0mNPzlhKRnu4\/gjZ\/EESbH9XPrdx5dK+ve9oYwtseO9adr98PUFmHNdrTEpnFvqtDXq8RO8XbiF3xfrW78nQME5XJz2f\/ww71l9DatX5mDDCP+csnI4CA1\/9K3KbNzYnW63NAiyHn95Kvvt\/MK7f5we9XxkN193Wl15R5N05yK7\/vREdB\/jpEtaeRNIrBXqsxPh9DzN238MMfvNOTLUKxtLYvhN3YS+5KzdQefo5bKMBQHDuORSfe4L0xWsB0KUycf\/hGRqWwRoPrduR9FCuhr\/72sBTt0xRxUa52zpe9eSgACEl7df\/CrWXX6V4933Eh4fIbriU7BWXE+7ZD0DPH96M8Bxwmq9tu+Zqend8iuylFwPgn7WU3C9tnl2KgsBai5IuUqreKWCOXxPY91eeLPzirSe8nr5oDWf+w9+3vmcuWcvZ\/\/FPre+5qzaRu2rT+8jEZAtAnvRTpMBEltpwMm8ZfHWkmYcKMfsFd056dQQ4Kcmep8Yp7mmgfDltsnpSa6YEcV0zvreBm5Ezr3OtMO8bDEB5Ah1bhrZVZ5H1zDAxkuDnFNIVxymLBAiDEDFCJJPh1eycEzBrmqsbFJx5U8eZ1HpWq4hUeLPtHPnenICd0gpalWhULqA4cCHBOOVKp3lpsDvhqvftPE7xEFKjdZqo0UFoOjrlaNe2nq29H+P\/O1izBjMoBcLROEKTbujNc6eK9p0O1i+25zGdL0nUNIXmybr8JLSYZJaTmKHTUB4oX8ymWWTnBCycMCzamGLBWp9oYg5bVQLctOTAj2sUd0R4OTlT9RRzAuYEgvLbSVNq0dzqo3QE4ZjBCcSMRSXcaQrNk26TxRZds3PWoWpNVE02jI7DJTUkKUmtC\/yqAs2Qm\/CD9wCz6DhFHKYxRmG0xM9FeOky6CNqkdQt7We5LPjg\/KjiwS01akMaLzeVLk6naTt4AG9oCKOdwxmpLl\/gZ\/ZxwepjwSxCWKJ6jijMks0fptD3Bn56DOnUMeZsGtXzEKLR+offLun\/WZ2D\/11HqLl1HiaxuBmJn5dYPfV61NZB56sPUHj932mkent93\/laR967hZv+ZfjohqlR1MpdBNlRVl7yAH0rfkoqPwjagWCY4Z03sOvFtXhBhJjMNcOSoW99igUf8InK8yCxn9QovjG98xDaoIM09XwvJtNDxdpPlCrh\/vPg9qPAquML6V6ylQ98+G9J9exmZPtV7H7po9TLXQirkV4vfqrUapgCSFfQGNOMvxWRNOycgilPENcM0hUnjjdCNB2HEDhBasEUG1t+2d2cve4+hICX\/vMvGNr7QXTiNXv2RlBYHJFur6HjI6vnZgTjb8aMbI3mXBWtAS8rcDNiWlU8bjoyBWzD92lUOnnhwdsp9i8n23EIpRKsbQZIx3WxRh3VfrManJTASc3fxuCMoY70Co4GC6sdbH\/6dyj2L6e9e19zw8+K02qv770FdiRHaenVnleuY\/jAGrKF\/lm33k5lItwsnJui8i07pkjs4PbNOG4DOal+x8Y1IZtF5ekyEimRuobSVawWRC5\/NtqV\/dbiY8GUEyOEngolmkuSRBYwre2jU15oulVqHeu+mXr7udv8+mBn3esdKWX8qc5DSH1cexIS6uPJ6aOCxuLXRqD9\/NF4+W12ya6\/GQka+\/GSZPZdKnE6nYhQgrBi8fUhGtlzOHjubaTGf4KQ\/uzArJ2My\/KdjbjpHa3VFk6QuM5J7BZNDXJ8RWU0svGBPYylCiB\/C2cknAHY5A5LY0xjYotSBpFOI\/N50FODi3AcdKmEKZcRjjMvHlBICAoOQgqiqqY+nlirBSIuARPEAHSfGEwIqI9o8ud4LNqUwTsjT+3J5yn\/69dRnR1T7tfDw2Q\/dhPpj1yNHirNi7T8dsXOe8cY2lZDugIBSF9O6xuOC9YoajrO97no5i7cyXA30VnEvvUjnHDxFKOL9+yho20ThR6Ie1JzDuWhKJciRt5okEQGz1NNsziOw3OmS0fs5CGXM385h4OgXI5xcw5R7BIHC7Bu5xSwJKgSJT51IKnqOQdzMpJDL1WpDsRkF7nvmRE574rByZH8zOKlFV5GEWGONGr8ALWgB9nZNQVM1iNEKjV\/TgOIq2bGjZ13SUwMv7MMwhGE45racExHr0dEc+NceC4y34Fsy0\/xfKrQQPj+vKWWBvDzCqlmCaZC8YLxDFZOGqUr2P3oBNklLm3tHhJIXIGOQmTSPBYhrMZO1is6DHEdyABJZu69okKw9PIcu84ep3woIsgrhJqBjdUL9hGpedQJ7bUg8NsVtcMJr\/zdCL3r0jg9XYjXa3hphRUWJym1hBY77XhZxciuOoMFEOMT85BugNeuyJ\/po+sWpEXH9rj5awusUHWNE+s7QhVeW3McpLYEHYq4atjz8AQN5dMbV1jujxBFIcX8Zor5D5EvPUvX2JP4wQhvbatwcGeVlCnNC5i1kFng0LEsIK4ZSodCEYdmWrgW2P5KikTygu+5n+2U9TuNmSwwUxInJQlkHZ2cx+jwFTT8Mxjs\/ihaZqgHS9AqR6a+k6jrAvJeDWXmdxMnrhqkJ0gtcGxU0ScGe7HQThU4x0TfWVptjJR9ezeC1lE+pavEToH9iz7X\/GNSxjPDGOkz3PlhhrkWZeo4utKyu\/kcWhvcDrEr6HKn3Ts4coAlASnAFyBDcY90zBORJ2+VRtwgsEutUK40oRY2RlgLWKxwEFbjJiWsEAhrfhFQbpIyQWrU\/es13+u4X0US7b6LbPJAxP8NAC7oZKX0Fn34AAAAAElFTkSuQmCC\" alt=\"ENVI\" width=\"27\" height=\"27\" \/><\/span><\/div><div class=\"o-popup-tag o-bg-white o-border o-rounded o-shadow\" style=\"width: 400px; top: 0px; left: 0px; display: none;\"><div><ul class=\"o-nav o-nav-tabs o-pop-nav\" role=\"tablist\"><li class=\"o-nav-item\" role=\"presentation\"><div class=\"o-nav-link o-active\" data-bs-toggle=\"tab\" aria-selected=\"true\"><span style=\"color: #000000;\">Tra c\u1ee9u<\/span><\/div><\/li><li class=\"o-nav-item\" role=\"presentation\"><div class=\"o-nav-link\" data-bs-toggle=\"tab\" aria-selected=\"false\"><span style=\"color: #000000;\">D\u1ecbch<\/span><\/div><\/li><li class=\"o-nav-item\" role=\"presentation\"><div class=\"o-nav-link\" data-bs-toggle=\"tab\" aria-selected=\"false\"><span style=\"color: #000000;\">C\u00e0i \u0111\u1eb7t<\/span><\/div><\/li><\/ul><div class=\"o-selected-result o-pt-1\"><div><span style=\"color: #000000;\"> \u0110ang t\u00ecm ki\u1ebfm &#8230; <\/span><\/div><\/div><\/div><\/div><\/div><div id=\"envidictionarySetting\">\u00a0<\/div><div id=\"envidictionaryOff\">\u00a0<\/div>\t\t\t\t\t\t\t\t<\/div>\n\t\t\t\t\t<\/div>\n\t\t\t\t<\/div>\n\t\t\t\t<\/div>","protected":false},"excerpt":{"rendered":"<p>Ph\u1ea7n M\u1ec1m Primavera P6 EPPM Primavera P6 Enterprise Project Portfolio Management (EPPM) l\u00e0 gi\u1ea3i ph\u00e1p qu\u1ea3n l\u00fd ti\u1ebfn \u0111\u1ed9 v\u00e0 danh m\u1ee5c d\u1ef1 \u00e1n h\u00e0ng \u0111\u1ea7u th\u1ebf gi\u1edbi, \u0111\u01b0\u1ee3c thi\u1ebft k\u1ebf \u0111\u1ec3 gi\u00fap c\u00e1c t\u1ed5 ch\u1ee9c ki\u1ec3m so\u00e1t hi\u1ec7u qu\u1ea3 th\u1eddi gian, chi ph\u00ed v\u00e0 ngu\u1ed3n l\u1ef1c trong c\u00e1c d\u1ef1 \u00e1n quy m\u00f4 l\u1edbn v\u00e0 [&hellip;]<\/p>","protected":false},"author":3,"featured_media":0,"parent":0,"menu_order":0,"comment_status":"closed","ping_status":"closed","template":"elementor_header_footer","meta":{"_acf_changed":false,"footnotes":""},"class_list":["post-2357","page","type-page","status-publish","hentry"],"acf":[],"yoast_head":"<!-- This site is optimized with the Yoast SEO Premium plugin v23.2 (Yoast SEO v23.4) - https:\/\/yoast.com\/wordpress\/plugins\/seo\/ -->\n<title>- OneBim<\/title>\n<meta name=\"robots\" content=\"index, follow, max-snippet:-1, max-image-preview:large, max-video-preview:-1\" \/>\n<link rel=\"canonical\" href=\"https:\/\/onebim.vn\/en\/phan-mem-primavera-p6-eppm\/\" \/>\n<meta property=\"og:locale\" content=\"en_US\" \/>\n<meta property=\"og:type\" content=\"article\" \/>\n<meta property=\"og:description\" content=\"Ph\u1ea7n M\u1ec1m Primavera P6 EPPM Primavera P6 Enterprise Project Portfolio Management (EPPM) l\u00e0 gi\u1ea3i ph\u00e1p qu\u1ea3n l\u00fd ti\u1ebfn \u0111\u1ed9 v\u00e0 danh m\u1ee5c d\u1ef1 \u00e1n h\u00e0ng \u0111\u1ea7u th\u1ebf gi\u1edbi, \u0111\u01b0\u1ee3c thi\u1ebft k\u1ebf \u0111\u1ec3 gi\u00fap c\u00e1c t\u1ed5 ch\u1ee9c ki\u1ec3m so\u00e1t hi\u1ec7u qu\u1ea3 th\u1eddi gian, chi ph\u00ed v\u00e0 ngu\u1ed3n l\u1ef1c trong c\u00e1c d\u1ef1 \u00e1n quy m\u00f4 l\u1edbn v\u00e0 [&hellip;]\" \/>\n<meta property=\"og:url\" content=\"https:\/\/onebim.vn\/en\/phan-mem-primavera-p6-eppm\/\" \/>\n<meta property=\"og:site_name\" content=\"OneBim\" \/>\n<meta property=\"article:publisher\" content=\"https:\/\/www.facebook.com\/kiennamlandvn\" \/>\n<meta property=\"article:modified_time\" content=\"2026-02-04T04:26:54+00:00\" \/>\n<meta name=\"twitter:card\" content=\"summary_large_image\" \/>\n<meta name=\"twitter:label1\" content=\"Est. reading time\" \/>\n\t<meta name=\"twitter:data1\" content=\"2 minutes\" \/>\n<script type=\"application\/ld+json\" class=\"yoast-schema-graph\">{\"@context\":\"https:\/\/schema.org\",\"@graph\":[{\"@type\":\"WebPage\",\"@id\":\"https:\/\/onebim.vn\/phan-mem-primavera-p6-eppm\/\",\"url\":\"https:\/\/onebim.vn\/phan-mem-primavera-p6-eppm\/\",\"name\":\"- OneBim\",\"isPartOf\":{\"@id\":\"https:\/\/onebim.vn\/#website\"},\"datePublished\":\"2026-02-04T01:18:24+00:00\",\"dateModified\":\"2026-02-04T04:26:54+00:00\",\"inLanguage\":\"en-US\",\"potentialAction\":[{\"@type\":\"ReadAction\",\"target\":[\"https:\/\/onebim.vn\/phan-mem-primavera-p6-eppm\/\"]}]},{\"@type\":\"WebSite\",\"@id\":\"https:\/\/onebim.vn\/#website\",\"url\":\"https:\/\/onebim.vn\/\",\"name\":\"Ki\u00ean Nam Land\",\"description\":\"Ki\u00ean \u0111\u1ecbnh \u0111\u1ec3 ki\u1ebfn t\u1ea1o\",\"publisher\":{\"@id\":\"https:\/\/onebim.vn\/#organization\"},\"potentialAction\":[{\"@type\":\"SearchAction\",\"target\":{\"@type\":\"EntryPoint\",\"urlTemplate\":\"https:\/\/onebim.vn\/?s={search_term_string}\"},\"query-input\":{\"@type\":\"PropertyValueSpecification\",\"valueRequired\":true,\"valueName\":\"search_term_string\"}}],\"inLanguage\":\"en-US\"},{\"@type\":\"Organization\",\"@id\":\"https:\/\/onebim.vn\/#organization\",\"name\":\"Ki\u00ean Nam Land\",\"url\":\"https:\/\/onebim.vn\/\",\"logo\":{\"@type\":\"ImageObject\",\"inLanguage\":\"en-US\",\"@id\":\"https:\/\/onebim.vn\/#\/schema\/logo\/image\/\",\"url\":\"https:\/\/onebim.vn\/wp-content\/uploads\/2026\/01\/cropped-logo-ngang.png\",\"contentUrl\":\"https:\/\/onebim.vn\/wp-content\/uploads\/2026\/01\/cropped-logo-ngang.png\",\"width\":2107,\"height\":601,\"caption\":\"Ki\u00ean Nam Land\"},\"image\":{\"@id\":\"https:\/\/onebim.vn\/#\/schema\/logo\/image\/\"},\"sameAs\":[\"https:\/\/www.facebook.com\/kiennamlandvn\"]}]}<\/script>\n<!-- \/ Yoast SEO Premium plugin. -->","yoast_head_json":{"title":"- OneBim","robots":{"index":"index","follow":"follow","max-snippet":"max-snippet:-1","max-image-preview":"max-image-preview:large","max-video-preview":"max-video-preview:-1"},"canonical":"https:\/\/onebim.vn\/en\/phan-mem-primavera-p6-eppm\/","og_locale":"en_US","og_type":"article","og_description":"Ph\u1ea7n M\u1ec1m Primavera P6 EPPM Primavera P6 Enterprise Project Portfolio Management (EPPM) l\u00e0 gi\u1ea3i ph\u00e1p qu\u1ea3n l\u00fd ti\u1ebfn \u0111\u1ed9 v\u00e0 danh m\u1ee5c d\u1ef1 \u00e1n h\u00e0ng \u0111\u1ea7u th\u1ebf gi\u1edbi, \u0111\u01b0\u1ee3c thi\u1ebft k\u1ebf \u0111\u1ec3 gi\u00fap c\u00e1c t\u1ed5 ch\u1ee9c ki\u1ec3m so\u00e1t hi\u1ec7u qu\u1ea3 th\u1eddi gian, chi ph\u00ed v\u00e0 ngu\u1ed3n l\u1ef1c trong c\u00e1c d\u1ef1 \u00e1n quy m\u00f4 l\u1edbn v\u00e0 [&hellip;]","og_url":"https:\/\/onebim.vn\/en\/phan-mem-primavera-p6-eppm\/","og_site_name":"OneBim","article_publisher":"https:\/\/www.facebook.com\/kiennamlandvn","article_modified_time":"2026-02-04T04:26:54+00:00","twitter_card":"summary_large_image","twitter_misc":{"Est. reading time":"2 minutes"},"schema":{"@context":"https:\/\/schema.org","@graph":[{"@type":"WebPage","@id":"https:\/\/onebim.vn\/phan-mem-primavera-p6-eppm\/","url":"https:\/\/onebim.vn\/phan-mem-primavera-p6-eppm\/","name":"- OneBim","isPartOf":{"@id":"https:\/\/onebim.vn\/#website"},"datePublished":"2026-02-04T01:18:24+00:00","dateModified":"2026-02-04T04:26:54+00:00","inLanguage":"en-US","potentialAction":[{"@type":"ReadAction","target":["https:\/\/onebim.vn\/phan-mem-primavera-p6-eppm\/"]}]},{"@type":"WebSite","@id":"https:\/\/onebim.vn\/#website","url":"https:\/\/onebim.vn\/","name":"Ki\u00ean Nam Land","description":"Ki\u00ean \u0111\u1ecbnh \u0111\u1ec3 ki\u1ebfn t\u1ea1o","publisher":{"@id":"https:\/\/onebim.vn\/#organization"},"potentialAction":[{"@type":"SearchAction","target":{"@type":"EntryPoint","urlTemplate":"https:\/\/onebim.vn\/?s={search_term_string}"},"query-input":{"@type":"PropertyValueSpecification","valueRequired":true,"valueName":"search_term_string"}}],"inLanguage":"en-US"},{"@type":"Organization","@id":"https:\/\/onebim.vn\/#organization","name":"Ki\u00ean Nam Land","url":"https:\/\/onebim.vn\/","logo":{"@type":"ImageObject","inLanguage":"en-US","@id":"https:\/\/onebim.vn\/#\/schema\/logo\/image\/","url":"https:\/\/onebim.vn\/wp-content\/uploads\/2026\/01\/cropped-logo-ngang.png","contentUrl":"https:\/\/onebim.vn\/wp-content\/uploads\/2026\/01\/cropped-logo-ngang.png","width":2107,"height":601,"caption":"Ki\u00ean Nam Land"},"image":{"@id":"https:\/\/onebim.vn\/#\/schema\/logo\/image\/"},"sameAs":["https:\/\/www.facebook.com\/kiennamlandvn"]}]}},"_links":{"self":[{"href":"https:\/\/onebim.vn\/en\/wp-json\/wp\/v2\/pages\/2357","targetHints":{"allow":["GET"]}}],"collection":[{"href":"https:\/\/onebim.vn\/en\/wp-json\/wp\/v2\/pages"}],"about":[{"href":"https:\/\/onebim.vn\/en\/wp-json\/wp\/v2\/types\/page"}],"author":[{"embeddable":true,"href":"https:\/\/onebim.vn\/en\/wp-json\/wp\/v2\/users\/3"}],"replies":[{"embeddable":true,"href":"https:\/\/onebim.vn\/en\/wp-json\/wp\/v2\/comments?post=2357"}],"version-history":[{"count":11,"href":"https:\/\/onebim.vn\/en\/wp-json\/wp\/v2\/pages\/2357\/revisions"}],"predecessor-version":[{"id":2471,"href":"https:\/\/onebim.vn\/en\/wp-json\/wp\/v2\/pages\/2357\/revisions\/2471"}],"wp:attachment":[{"href":"https:\/\/onebim.vn\/en\/wp-json\/wp\/v2\/media?parent=2357"}],"curies":[{"name":"wp","href":"https:\/\/api.w.org\/{rel}","templated":true}]}}