{"id":2366,"date":"2026-02-04T08:24:14","date_gmt":"2026-02-04T01:24:14","guid":{"rendered":"https:\/\/onebim.vn\/?page_id=2366"},"modified":"2026-02-04T11:08:52","modified_gmt":"2026-02-04T04:08:52","slug":"phan-mem-primavera-p6-professional-project-management","status":"publish","type":"page","link":"https:\/\/onebim.vn\/en\/phan-mem-primavera-p6-professional-project-management\/","title":{"rendered":""},"content":{"rendered":"<div data-elementor-type=\"wp-page\" data-elementor-id=\"2366\" class=\"elementor elementor-2366\">\n\t\t\t\t<div class=\"elementor-element elementor-element-10bd3394 e-flex e-con-boxed e-con e-parent\" data-id=\"10bd3394\" data-element_type=\"container\">\n\t\t\t\t\t<div class=\"e-con-inner\">\n\t\t\t\t<div class=\"elementor-element elementor-element-c4a5f17 elementor-widget elementor-widget-text-editor\" data-id=\"c4a5f17\" data-element_type=\"widget\" data-widget_type=\"text-editor.default\">\n\t\t\t\t\t\t\t\t\t<div class=\"row\"><div class=\"col-md-12 col-sm-12 col-xs-12\"><div class=\"content_software primavera-wrap\"><h1 class=\"titlt_h1_page\" style=\"text-align: center;\"><span style=\"color: #000000;\">Primavera P6 Professional Project Management Software<\/span><\/h1><p><span style=\"color: #000000;\"><strong>Primavera P6 Professional Project Management (PPM)<\/strong> providing project managers and scheduling professionals with a key element for success: <strong>comprehensive control capabilities<\/strong>. This is an internationally recognized project management software, acknowledged for its processing performance of up to 50%. <strong>100.000 ho\u1ea1t \u0111\u1ed9ng<\/strong>, \u0111\u00e1p \u1ee9ng nhu c\u1ea7u c\u1ee7a c\u00e1c d\u1ef1 \u00e1n quy m\u00f4 l\u1edbn v\u00e0 ph\u1ee9c t\u1ea1p.<\/span><\/p><h3><span style=\"color: #000000;\"><strong>The benefits of using Primavera P6 Professional<\/strong><\/span><\/h3><ul><li><span style=\"color: #000000;\">Plan, schedule, and manage large-scale programs and individual projects.<\/span><\/li><li><span style=\"color: #000000;\">Balance and optimize the use of resources.<\/span><\/li><li><span style=\"color: #000000;\">Track and control costs, support invoicing, and manage earned value.<\/span><\/li><li><span style=\"color: #000000;\">Monitor and evaluate project performance against the original plan.<\/span><\/li><li><span style=\"color: #000000;\">It integrates seamlessly with accounting and human resource management systems.<\/span><\/li><\/ul><p><span style=\"color: #000000;\"><a href=\"https:\/\/onebim.vn\/en\/z7499530598099_196a25430dd6725a10b19cb3ab73945f\/\" rel=\"attachment wp-att-2450\"><img fetchpriority=\"high\" decoding=\"async\" class=\"aligncenter size-full wp-image-2450\" src=\"https:\/\/onebim.vn\/wp-content\/uploads\/2026\/02\/z7499530598099_196a25430dd6725a10b19cb3ab73945f.jpg\" alt=\"\" width=\"711\" height=\"535\" srcset=\"https:\/\/onebim.vn\/wp-content\/uploads\/2026\/02\/z7499530598099_196a25430dd6725a10b19cb3ab73945f.jpg 711w, https:\/\/onebim.vn\/wp-content\/uploads\/2026\/02\/z7499530598099_196a25430dd6725a10b19cb3ab73945f-300x226.jpg 300w, https:\/\/onebim.vn\/wp-content\/uploads\/2026\/02\/z7499530598099_196a25430dd6725a10b19cb3ab73945f-16x12.jpg 16w\" sizes=\"(max-width: 711px) 100vw, 711px\" \/><\/a><a href=\"https:\/\/onebim.vn\/en\/z7499534546823_ba0d2c5e1e7bc4f1da215f317c58a3d6\/\" rel=\"attachment wp-att-2446\"><img decoding=\"async\" class=\"aligncenter size-full wp-image-2446\" src=\"https:\/\/onebim.vn\/wp-content\/uploads\/2026\/02\/z7499534546823_ba0d2c5e1e7bc4f1da215f317c58a3d6.jpg\" alt=\"\" width=\"909\" height=\"644\" srcset=\"https:\/\/onebim.vn\/wp-content\/uploads\/2026\/02\/z7499534546823_ba0d2c5e1e7bc4f1da215f317c58a3d6.jpg 909w, https:\/\/onebim.vn\/wp-content\/uploads\/2026\/02\/z7499534546823_ba0d2c5e1e7bc4f1da215f317c58a3d6-300x213.jpg 300w, https:\/\/onebim.vn\/wp-content\/uploads\/2026\/02\/z7499534546823_ba0d2c5e1e7bc4f1da215f317c58a3d6-768x544.jpg 768w, https:\/\/onebim.vn\/wp-content\/uploads\/2026\/02\/z7499534546823_ba0d2c5e1e7bc4f1da215f317c58a3d6-18x12.jpg 18w\" sizes=\"(max-width: 909px) 100vw, 909px\" \/><\/a><a href=\"https:\/\/onebim.vn\/en\/z7499541152559_3ef7922a411a575b46c7b5d839b4d231\/\" rel=\"attachment wp-att-2451\"><img decoding=\"async\" class=\"aligncenter size-full wp-image-2451\" src=\"https:\/\/onebim.vn\/wp-content\/uploads\/2026\/02\/z7499541152559_3ef7922a411a575b46c7b5d839b4d231.jpg\" alt=\"\" width=\"990\" height=\"666\" srcset=\"https:\/\/onebim.vn\/wp-content\/uploads\/2026\/02\/z7499541152559_3ef7922a411a575b46c7b5d839b4d231.jpg 990w, https:\/\/onebim.vn\/wp-content\/uploads\/2026\/02\/z7499541152559_3ef7922a411a575b46c7b5d839b4d231-300x202.jpg 300w, https:\/\/onebim.vn\/wp-content\/uploads\/2026\/02\/z7499541152559_3ef7922a411a575b46c7b5d839b4d231-768x517.jpg 768w, https:\/\/onebim.vn\/wp-content\/uploads\/2026\/02\/z7499541152559_3ef7922a411a575b46c7b5d839b4d231-18x12.jpg 18w\" sizes=\"(max-width: 990px) 100vw, 990px\" \/><\/a><\/span><\/p><\/div><\/div><\/div>\t\t\t\t\t\t\t\t<\/div>\n\t\t\t\t\t<\/div>\n\t\t\t\t<\/div>\n\t\t\t\t<\/div>","protected":false},"excerpt":{"rendered":"<p>Ph\u1ea7n M\u1ec1m Primavera P6 Professional Project Management Primavera P6 Professional Project Management (PPM) cung c\u1ea5p cho c\u00e1c nh\u00e0 qu\u1ea3n l\u00fd d\u1ef1 \u00e1n v\u00e0 chuy\u00ean gia l\u1eadp l\u1ecbch m\u1ed9t y\u1ebfu t\u1ed1 then ch\u1ed1t \u0111\u1ec3 th\u00e0nh c\u00f4ng: kh\u1ea3 n\u0103ng ki\u1ec3m so\u00e1t to\u00e0n di\u1ec7n. \u0110\u00e2y l\u00e0 ph\u1ea7n m\u1ec1m qu\u1ea3n l\u00fd d\u1ef1 \u00e1n \u0111\u1ea1t ti\u00eau chu\u1ea9n qu\u1ed1c t\u1ebf, \u0111\u01b0\u1ee3c [&hellip;]<\/p>","protected":false},"author":3,"featured_media":0,"parent":0,"menu_order":0,"comment_status":"closed","ping_status":"closed","template":"elementor_header_footer","meta":{"_acf_changed":false,"footnotes":""},"class_list":["post-2366","page","type-page","status-publish","hentry"],"acf":[],"yoast_head":"<!-- This site is optimized with the Yoast SEO Premium plugin v23.2 (Yoast SEO v23.4) - https:\/\/yoast.com\/wordpress\/plugins\/seo\/ -->\n<title>- OneBim<\/title>\n<meta name=\"robots\" content=\"index, follow, max-snippet:-1, max-image-preview:large, max-video-preview:-1\" \/>\n<link rel=\"canonical\" href=\"https:\/\/onebim.vn\/en\/phan-mem-primavera-p6-professional-project-management\/\" \/>\n<meta property=\"og:locale\" content=\"en_US\" \/>\n<meta property=\"og:type\" content=\"article\" \/>\n<meta property=\"og:description\" content=\"Ph\u1ea7n M\u1ec1m Primavera P6 Professional Project Management Primavera P6 Professional Project Management (PPM) cung c\u1ea5p cho c\u00e1c nh\u00e0 qu\u1ea3n l\u00fd d\u1ef1 \u00e1n v\u00e0 chuy\u00ean gia l\u1eadp l\u1ecbch m\u1ed9t y\u1ebfu t\u1ed1 then ch\u1ed1t \u0111\u1ec3 th\u00e0nh c\u00f4ng: kh\u1ea3 n\u0103ng ki\u1ec3m so\u00e1t to\u00e0n di\u1ec7n. \u0110\u00e2y l\u00e0 ph\u1ea7n m\u1ec1m qu\u1ea3n l\u00fd d\u1ef1 \u00e1n \u0111\u1ea1t ti\u00eau chu\u1ea9n qu\u1ed1c t\u1ebf, \u0111\u01b0\u1ee3c [&hellip;]\" \/>\n<meta property=\"og:url\" content=\"https:\/\/onebim.vn\/en\/phan-mem-primavera-p6-professional-project-management\/\" \/>\n<meta property=\"og:site_name\" content=\"OneBim\" \/>\n<meta property=\"article:publisher\" content=\"https:\/\/www.facebook.com\/kiennamlandvn\" \/>\n<meta property=\"article:modified_time\" content=\"2026-02-04T04:08:52+00:00\" \/>\n<meta property=\"og:image\" content=\"https:\/\/onebim.vn\/wp-content\/uploads\/2026\/02\/z7499530598099_196a25430dd6725a10b19cb3ab73945f.jpg\" \/>\n<meta name=\"twitter:card\" content=\"summary_large_image\" \/>\n<meta name=\"twitter:label1\" content=\"Est. reading time\" \/>\n\t<meta name=\"twitter:data1\" content=\"1 minute\" \/>\n<script type=\"application\/ld+json\" class=\"yoast-schema-graph\">{\"@context\":\"https:\/\/schema.org\",\"@graph\":[{\"@type\":\"WebPage\",\"@id\":\"https:\/\/onebim.vn\/phan-mem-primavera-p6-professional-project-management\/\",\"url\":\"https:\/\/onebim.vn\/phan-mem-primavera-p6-professional-project-management\/\",\"name\":\"- OneBim\",\"isPartOf\":{\"@id\":\"https:\/\/onebim.vn\/#website\"},\"primaryImageOfPage\":{\"@id\":\"https:\/\/onebim.vn\/phan-mem-primavera-p6-professional-project-management\/#primaryimage\"},\"image\":{\"@id\":\"https:\/\/onebim.vn\/phan-mem-primavera-p6-professional-project-management\/#primaryimage\"},\"thumbnailUrl\":\"https:\/\/onebim.vn\/wp-content\/uploads\/2026\/02\/z7499530598099_196a25430dd6725a10b19cb3ab73945f.jpg\",\"datePublished\":\"2026-02-04T01:24:14+00:00\",\"dateModified\":\"2026-02-04T04:08:52+00:00\",\"inLanguage\":\"en-US\",\"potentialAction\":[{\"@type\":\"ReadAction\",\"target\":[\"https:\/\/onebim.vn\/phan-mem-primavera-p6-professional-project-management\/\"]}]},{\"@type\":\"ImageObject\",\"inLanguage\":\"en-US\",\"@id\":\"https:\/\/onebim.vn\/phan-mem-primavera-p6-professional-project-management\/#primaryimage\",\"url\":\"https:\/\/onebim.vn\/wp-content\/uploads\/2026\/02\/z7499530598099_196a25430dd6725a10b19cb3ab73945f.jpg\",\"contentUrl\":\"https:\/\/onebim.vn\/wp-content\/uploads\/2026\/02\/z7499530598099_196a25430dd6725a10b19cb3ab73945f.jpg\"},{\"@type\":\"WebSite\",\"@id\":\"https:\/\/onebim.vn\/#website\",\"url\":\"https:\/\/onebim.vn\/\",\"name\":\"Ki\u00ean Nam Land\",\"description\":\"Ki\u00ean \u0111\u1ecbnh \u0111\u1ec3 ki\u1ebfn t\u1ea1o\",\"publisher\":{\"@id\":\"https:\/\/onebim.vn\/#organization\"},\"potentialAction\":[{\"@type\":\"SearchAction\",\"target\":{\"@type\":\"EntryPoint\",\"urlTemplate\":\"https:\/\/onebim.vn\/?s={search_term_string}\"},\"query-input\":{\"@type\":\"PropertyValueSpecification\",\"valueRequired\":true,\"valueName\":\"search_term_string\"}}],\"inLanguage\":\"en-US\"},{\"@type\":\"Organization\",\"@id\":\"https:\/\/onebim.vn\/#organization\",\"name\":\"Ki\u00ean Nam Land\",\"url\":\"https:\/\/onebim.vn\/\",\"logo\":{\"@type\":\"ImageObject\",\"inLanguage\":\"en-US\",\"@id\":\"https:\/\/onebim.vn\/#\/schema\/logo\/image\/\",\"url\":\"https:\/\/onebim.vn\/wp-content\/uploads\/2026\/01\/cropped-logo-ngang.png\",\"contentUrl\":\"https:\/\/onebim.vn\/wp-content\/uploads\/2026\/01\/cropped-logo-ngang.png\",\"width\":2107,\"height\":601,\"caption\":\"Ki\u00ean Nam Land\"},\"image\":{\"@id\":\"https:\/\/onebim.vn\/#\/schema\/logo\/image\/\"},\"sameAs\":[\"https:\/\/www.facebook.com\/kiennamlandvn\"]}]}<\/script>\n<!-- \/ Yoast SEO Premium plugin. -->","yoast_head_json":{"title":"- OneBim","robots":{"index":"index","follow":"follow","max-snippet":"max-snippet:-1","max-image-preview":"max-image-preview:large","max-video-preview":"max-video-preview:-1"},"canonical":"https:\/\/onebim.vn\/en\/phan-mem-primavera-p6-professional-project-management\/","og_locale":"en_US","og_type":"article","og_description":"Ph\u1ea7n M\u1ec1m Primavera P6 Professional Project Management Primavera P6 Professional Project Management (PPM) cung c\u1ea5p cho c\u00e1c nh\u00e0 qu\u1ea3n l\u00fd d\u1ef1 \u00e1n v\u00e0 chuy\u00ean gia l\u1eadp l\u1ecbch m\u1ed9t y\u1ebfu t\u1ed1 then ch\u1ed1t \u0111\u1ec3 th\u00e0nh c\u00f4ng: kh\u1ea3 n\u0103ng ki\u1ec3m so\u00e1t to\u00e0n di\u1ec7n. \u0110\u00e2y l\u00e0 ph\u1ea7n m\u1ec1m qu\u1ea3n l\u00fd d\u1ef1 \u00e1n \u0111\u1ea1t ti\u00eau chu\u1ea9n qu\u1ed1c t\u1ebf, \u0111\u01b0\u1ee3c [&hellip;]","og_url":"https:\/\/onebim.vn\/en\/phan-mem-primavera-p6-professional-project-management\/","og_site_name":"OneBim","article_publisher":"https:\/\/www.facebook.com\/kiennamlandvn","article_modified_time":"2026-02-04T04:08:52+00:00","og_image":[{"url":"https:\/\/onebim.vn\/wp-content\/uploads\/2026\/02\/z7499530598099_196a25430dd6725a10b19cb3ab73945f.jpg"}],"twitter_card":"summary_large_image","twitter_misc":{"Est. reading time":"1 minute"},"schema":{"@context":"https:\/\/schema.org","@graph":[{"@type":"WebPage","@id":"https:\/\/onebim.vn\/phan-mem-primavera-p6-professional-project-management\/","url":"https:\/\/onebim.vn\/phan-mem-primavera-p6-professional-project-management\/","name":"- OneBim","isPartOf":{"@id":"https:\/\/onebim.vn\/#website"},"primaryImageOfPage":{"@id":"https:\/\/onebim.vn\/phan-mem-primavera-p6-professional-project-management\/#primaryimage"},"image":{"@id":"https:\/\/onebim.vn\/phan-mem-primavera-p6-professional-project-management\/#primaryimage"},"thumbnailUrl":"https:\/\/onebim.vn\/wp-content\/uploads\/2026\/02\/z7499530598099_196a25430dd6725a10b19cb3ab73945f.jpg","datePublished":"2026-02-04T01:24:14+00:00","dateModified":"2026-02-04T04:08:52+00:00","inLanguage":"en-US","potentialAction":[{"@type":"ReadAction","target":["https:\/\/onebim.vn\/phan-mem-primavera-p6-professional-project-management\/"]}]},{"@type":"ImageObject","inLanguage":"en-US","@id":"https:\/\/onebim.vn\/phan-mem-primavera-p6-professional-project-management\/#primaryimage","url":"https:\/\/onebim.vn\/wp-content\/uploads\/2026\/02\/z7499530598099_196a25430dd6725a10b19cb3ab73945f.jpg","contentUrl":"https:\/\/onebim.vn\/wp-content\/uploads\/2026\/02\/z7499530598099_196a25430dd6725a10b19cb3ab73945f.jpg"},{"@type":"WebSite","@id":"https:\/\/onebim.vn\/#website","url":"https:\/\/onebim.vn\/","name":"Ki\u00ean Nam Land","description":"Ki\u00ean \u0111\u1ecbnh \u0111\u1ec3 ki\u1ebfn t\u1ea1o","publisher":{"@id":"https:\/\/onebim.vn\/#organization"},"potentialAction":[{"@type":"SearchAction","target":{"@type":"EntryPoint","urlTemplate":"https:\/\/onebim.vn\/?s={search_term_string}"},"query-input":{"@type":"PropertyValueSpecification","valueRequired":true,"valueName":"search_term_string"}}],"inLanguage":"en-US"},{"@type":"Organization","@id":"https:\/\/onebim.vn\/#organization","name":"Ki\u00ean Nam Land","url":"https:\/\/onebim.vn\/","logo":{"@type":"ImageObject","inLanguage":"en-US","@id":"https:\/\/onebim.vn\/#\/schema\/logo\/image\/","url":"https:\/\/onebim.vn\/wp-content\/uploads\/2026\/01\/cropped-logo-ngang.png","contentUrl":"https:\/\/onebim.vn\/wp-content\/uploads\/2026\/01\/cropped-logo-ngang.png","width":2107,"height":601,"caption":"Ki\u00ean Nam Land"},"image":{"@id":"https:\/\/onebim.vn\/#\/schema\/logo\/image\/"},"sameAs":["https:\/\/www.facebook.com\/kiennamlandvn"]}]}},"_links":{"self":[{"href":"https:\/\/onebim.vn\/en\/wp-json\/wp\/v2\/pages\/2366","targetHints":{"allow":["GET"]}}],"collection":[{"href":"https:\/\/onebim.vn\/en\/wp-json\/wp\/v2\/pages"}],"about":[{"href":"https:\/\/onebim.vn\/en\/wp-json\/wp\/v2\/types\/page"}],"author":[{"embeddable":true,"href":"https:\/\/onebim.vn\/en\/wp-json\/wp\/v2\/users\/3"}],"replies":[{"embeddable":true,"href":"https:\/\/onebim.vn\/en\/wp-json\/wp\/v2\/comments?post=2366"}],"version-history":[{"count":12,"href":"https:\/\/onebim.vn\/en\/wp-json\/wp\/v2\/pages\/2366\/revisions"}],"predecessor-version":[{"id":2459,"href":"https:\/\/onebim.vn\/en\/wp-json\/wp\/v2\/pages\/2366\/revisions\/2459"}],"wp:attachment":[{"href":"https:\/\/onebim.vn\/en\/wp-json\/wp\/v2\/media?parent=2366"}],"curies":[{"name":"wp","href":"https:\/\/api.w.org\/{rel}","templated":true}]}}