{"id":2393,"date":"2026-02-04T09:13:58","date_gmt":"2026-02-04T02:13:58","guid":{"rendered":"https:\/\/onebim.vn\/?page_id=2393"},"modified":"2026-02-27T14:17:06","modified_gmt":"2026-02-27T07:17:06","slug":"primavera-risk-analysis","status":"publish","type":"page","link":"https:\/\/onebim.vn\/en\/primavera-risk-analysis\/","title":{"rendered":""},"content":{"rendered":"<div data-elementor-type=\"wp-page\" data-elementor-id=\"2393\" class=\"elementor elementor-2393\">\n\t\t\t\t<div class=\"elementor-element elementor-element-606e502f e-flex e-con-boxed e-con e-parent\" data-id=\"606e502f\" data-element_type=\"container\">\n\t\t\t\t\t<div class=\"e-con-inner\">\n\t\t\t\t<div class=\"elementor-element elementor-element-559cf8e3 elementor-widget elementor-widget-text-editor\" data-id=\"559cf8e3\" data-element_type=\"widget\" data-widget_type=\"text-editor.default\">\n\t\t\t\t\t\t\t\t\t<div class=\"col-md-12 col-sm-12 col-xs-12\"><div class=\"content_software primavera-wrap\"><h1 class=\"titlt_h1_page\" style=\"text-align: center;\"><strong><span style=\"color: #000000;\">Primavera Risk Analysis<\/span><\/strong><\/h1><p><span style=\"color: #000000;\">Every project involves risk. Successful businesses proactively plan for risk \u2013 from forecasting and mitigating to developing contingency plans and backup strategies for events that may or may not occur.<br \/><\/span><\/p><p><span style=\"color: #000000;\">Oracle Primavera Risk Analysis provides a comprehensive set of tools that enable businesses to model risk and analyze the impact of risk mitigation measures on costs and schedules, thereby significantly reducing uncertainty in project management and project portfolios.<br \/><\/span><\/p><h3><span style=\"color: #000000;\"><strong>Risk analysis, mitigation, and management.<\/strong><\/span><\/h3><p><span style=\"color: #000000;\">Primavera Risk Analysis integrates directly with project schedules and cost estimates to model risk and uncertainty. The solution provides risk, cost, and schedule analysis throughout the entire project lifecycle, supporting both Primavera and Microsoft Project portfolio management applications.<\/span><\/p><p><span style=\"color: #000000;\">The software allows for rapid identification of contingencies, the development of risk response plans, and comprehensive reporting on project reliability. Risks are loaded into the project through a risk register and risk templates, and then analyzed using Monte Carlo simulations.<\/span><\/p><p><span style=\"color: #000000;\">The results are presented through visual reports such as risk histograms, tornado charts, and scatter plots, helping users quickly identify key risk factors before updating the risk-adjusted schedule.<\/span><\/p><h3><span style=\"color: #000000;\"><strong>Providing an objective perspective for decision-making.<\/strong><\/span><\/h3><p><span style=\"color: #000000;\">Primavera Risk Analysis serves as a decision-support tool, helping to assess the reliability of project costs and schedules, and analyzing the effectiveness of risk response plans. The results of the analysis create risk-adjusted schedules \u2013 now considered the standard in project planning and scheduling processes.<\/span><\/p><h3><span style=\"color: #000000;\"><strong>Key features of Primavera Risk Analysis<\/strong><\/span><\/h3><h4><span style=\"color: #000000;\"><strong>Risk analysis guide<\/strong><\/span><\/h4><p><span style=\"color: #000000;\">The Risk Analysis Guide provides detailed, step-by-step instructions for the risk analysis process, from preparation and modeling to evaluating results, directly linking to the necessary software functions.<\/span><\/p><h4><span style=\"color: #000000;\"><strong>Schedule Check<\/strong><\/span><\/h4><p><span style=\"color: #000000;\">T\u00ednh n\u0103ng Schedule Check cho ph\u00e9p \u0111\u00e1nh gi\u00e1 m\u1ee9c \u0111\u1ed9 s\u1eb5n s\u00e0ng c\u1ee7a ti\u1ebfn \u0111\u1ed9 b\u1eb1ng c\u00e1ch ph\u00e1t hi\u1ec7n c\u00e1c l\u1ed7i l\u1eadp ti\u1ebfn \u0111\u1ed9 ph\u1ed5 bi\u1ebfn c\u00f3 th\u1ec3 \u1ea3nh h\u01b0\u1edfng \u0111\u1ebfn \u0111\u1ed9 tin c\u1eady c\u1ee7a k\u1ebft qu\u1ea3 ph\u00e2n t\u00edch.<\/span><\/p><h4><span style=\"color: #000000;\"><strong>Ph\u00e2n t\u00edch r\u1ee7i ro nhanh theo m\u1eabu<\/strong><\/span><\/h4><p><span style=\"color: #000000;\">Templated Quick Risk allows assigning uncertain risk distributions to jobs based on WBS, operational code, or filters, enabling fast and efficient risk analysis.<\/span><\/p><h4><span style=\"color: #000000;\"><strong>Risk register<\/strong><\/span><\/h4><p><span style=\"color: #000000;\">Risk Register allows for the creation and integration of qualitative and quantitative risk registers for both positive (opportunity) and negative (threat) risks, and links risks to ongoing activities.<\/span><\/p><p><span style=\"color: #000000;\"><img decoding=\"async\" src=\"https:\/\/onebim.vn\/wp-content\/uploads\/2026\/02\/z7499110969056_1aacb8f731059c27a8f396035a49942c.jpg\" alt=\"Primavera Risk Analysis\" \/><\/span><\/p><h3><span style=\"color: #000000;\"><strong>Advanced Risk Analysis<\/strong><\/span><\/h3><p><span style=\"color: #000000;\">Primavera Risk Analysis uses Monte Carlo simulation to analyze risk types such as estimate uncertainty, probability divergence, cost uncertainty, resource uncertainty, and weather impacts.<\/span><\/p><h3><span style=\"color: #000000;\"><strong>Flexible and intuitive reporting.<\/strong><\/span><\/h3><ul><li><span style=\"color: #000000;\">Determine the reliability level, contingency budget, and timeline.<\/span><\/li><li><span style=\"color: #000000;\">The report includes the probability of completion, costs, IRR, and NPV.<\/span><\/li><li><span style=\"color: #000000;\">Detailed analysis by milestones, stages, and resources.<\/span><\/li><li><span style=\"color: #000000;\">Flexibly switch between cost and schedule perspectives.<\/span><\/li><\/ul><p><a href=\"https:\/\/onebim.vn\/en\/z7499249399093_b4cc17cd8db0194e45264c87608a3462\/\" rel=\"attachment wp-att-2408\"><img fetchpriority=\"high\" decoding=\"async\" class=\"aligncenter size-full wp-image-2408\" src=\"https:\/\/onebim.vn\/wp-content\/uploads\/2026\/02\/z7499249399093_b4cc17cd8db0194e45264c87608a3462.jpg\" alt=\"\" width=\"678\" height=\"526\" srcset=\"https:\/\/onebim.vn\/wp-content\/uploads\/2026\/02\/z7499249399093_b4cc17cd8db0194e45264c87608a3462.jpg 678w, https:\/\/onebim.vn\/wp-content\/uploads\/2026\/02\/z7499249399093_b4cc17cd8db0194e45264c87608a3462-300x233.jpg 300w, https:\/\/onebim.vn\/wp-content\/uploads\/2026\/02\/z7499249399093_b4cc17cd8db0194e45264c87608a3462-15x12.jpg 15w\" sizes=\"(max-width: 678px) 100vw, 678px\" \/><\/a><\/p><h4><span style=\"color: #000000;\"><strong>Tornado Chart<\/strong><\/span><\/h4><p><span style=\"color: #000000;\">The Tornado chart in Primavera Risk Analysis helps users identify key risk factors and pinpoint exactly which risk tasks or events are causing progress to fall short of expectations.<\/span><\/p><p><span style=\"color: #000000;\">Additionally, users can utilize cost sensitivity reports to identify risk tasks or events that have the greatest impact on costs. Tornado risk charts offer interactive, detailed analysis capabilities that allow for quick and easy identification of key risk factors, facilitating reporting on critical risk elements.<\/span><\/p><h4><span style=\"color: #000000;\"><strong>Scatter plot<\/strong><\/span><\/h4><p><a href=\"https:\/\/onebim.vn\/en\/z7499249780581_b7b71abc0532f4fa2e48c7c024b0da5e\/\" rel=\"attachment wp-att-2410\"><img decoding=\"async\" class=\"aligncenter size-full wp-image-2410\" src=\"https:\/\/onebim.vn\/wp-content\/uploads\/2026\/02\/z7499249780581_b7b71abc0532f4fa2e48c7c024b0da5e.jpg\" alt=\"\" width=\"664\" height=\"503\" srcset=\"https:\/\/onebim.vn\/wp-content\/uploads\/2026\/02\/z7499249780581_b7b71abc0532f4fa2e48c7c024b0da5e.jpg 664w, https:\/\/onebim.vn\/wp-content\/uploads\/2026\/02\/z7499249780581_b7b71abc0532f4fa2e48c7c024b0da5e-300x227.jpg 300w, https:\/\/onebim.vn\/wp-content\/uploads\/2026\/02\/z7499249780581_b7b71abc0532f4fa2e48c7c024b0da5e-16x12.jpg 16w\" sizes=\"(max-width: 664px) 100vw, 664px\" \/><\/a><br \/><span style=\"color: #000000;\">Users can utilize this type of report to determine the combined probability of achieving budget and project completion timelines, and perform what-if analysis by interactively adjusting cost and schedule thresholds to clarify the likelihood of success.<\/span><\/p><p><span style=\"color: #000000;\">Users can use this type of report to:<\/span><\/p><ul><li><span style=\"color: #000000;\">Compare the scenarios and determine the cost\/benefit ratio of the risk mitigation plans.<br \/><\/span><\/li><li><span style=\"color: #000000;\">Ch\u1ed3ng gh\u00e9p kh\u00f4ng gi\u1edbi h\u1ea1n c\u00e1c b\u00e1o c\u00e1o ph\u00e2n ph\u1ed1i r\u1ee7i ro v\u1ec1 chi ph\u00ed ho\u1eb7c ti\u1ebfn \u0111\u1ed9<\/span><\/li><li><span style=\"color: #000000;\">Overlapping cost and schedule risk distributions.<\/span><\/li><li><span style=\"color: #000000;\">Leverage standard and advanced costing modes to quickly and easily model costs and resources, while retaining optional advanced features.<\/span><\/li><li><span style=\"color: #000000;\">Directly transfer risk distributions from the risk histogram view to the Distribution Analyzer report for comparison and analysis of risk scenarios.<\/span><\/li><\/ul><p><a href=\"https:\/\/onebim.vn\/en\/z7499250207407_74a682f46dc50ecb370088de2dc0eed6\/\" rel=\"attachment wp-att-2411\"><img decoding=\"async\" class=\"aligncenter size-full wp-image-2411\" src=\"https:\/\/onebim.vn\/wp-content\/uploads\/2026\/02\/z7499250207407_74a682f46dc50ecb370088de2dc0eed6.jpg\" alt=\"\" width=\"680\" height=\"508\" srcset=\"https:\/\/onebim.vn\/wp-content\/uploads\/2026\/02\/z7499250207407_74a682f46dc50ecb370088de2dc0eed6.jpg 680w, https:\/\/onebim.vn\/wp-content\/uploads\/2026\/02\/z7499250207407_74a682f46dc50ecb370088de2dc0eed6-300x224.jpg 300w, https:\/\/onebim.vn\/wp-content\/uploads\/2026\/02\/z7499250207407_74a682f46dc50ecb370088de2dc0eed6-16x12.jpg 16w\" sizes=\"(max-width: 680px) 100vw, 680px\" \/><\/a><\/p><h4><span style=\"color: #000000;\"><strong>Probability cash flow<\/strong><\/span><\/h4><p><span style=\"color: #000000;\">Probabilistic cash flow reports support forecasting, long-term budgeting, and acquired value management systems (EVMS), allowing filtering by resource and expense group.<\/span><\/p><h3><span style=\"color: #000000;\"><strong>Comprehensive risk report<\/strong><\/span><\/h3><p><span style=\"color: #000000;\">Primavera Risk Analysis automatically generates comprehensive risk reports with links between input and output risk data and timelines, enabling quick and efficient sharing of analysis results.<\/span><\/p><p><span style=\"color: #000000;\">With its ability to analyze cost and schedule risks throughout the project lifecycle, Primavera Risk Analysis helps businesses proactively manage risks, optimize contingencies, and improve the success rate of critical projects.<\/span><\/p><p><span style=\"color: #000000;\">With its flexible integration capabilities with various scheduling tools and risk registry solutions, Primavera Risk Analysis helps project-oriented organizations ensure critical projects are completed on schedule and within budget.<\/span><\/p><p><span style=\"color: #000000;\">Providing cost and schedule risk analysis throughout the entire project lifecycle, Primavera Risk Analysis offers simple and effective methods for identifying contingencies, developing risk response plans, and reporting confidence levels for project success.<\/span><\/p><\/div><\/div>\t\t\t\t\t\t\t\t<\/div>\n\t\t\t\t\t<\/div>\n\t\t\t\t<\/div>\n\t\t\t\t<\/div>","protected":false},"excerpt":{"rendered":"<p>Primavera Risk Analysis M\u1ecdi d\u1ef1 \u00e1n \u0111\u1ec1u ti\u1ec1m \u1ea9n r\u1ee7i ro. Nh\u1eefng doanh nghi\u1ec7p th\u00e0nh c\u00f4ng lu\u00f4n ch\u1ee7 \u0111\u1ed9ng l\u1eadp k\u1ebf ho\u1ea1ch cho r\u1ee7i ro \u2013 t\u1eeb d\u1ef1 b\u00e1o, gi\u1ea3m thi\u1ec3u cho \u0111\u1ebfn x\u00e2y d\u1ef1ng c\u00e1c ph\u01b0\u01a1ng \u00e1n \u1ee9ng ph\u00f3 v\u00e0 k\u1ebf ho\u1ea1ch d\u1ef1 ph\u00f2ng cho nh\u1eefng s\u1ef1 ki\u1ec7n c\u00f3 th\u1ec3 x\u1ea3y ra ho\u1eb7c kh\u00f4ng [&hellip;]<\/p>","protected":false},"author":3,"featured_media":0,"parent":0,"menu_order":0,"comment_status":"closed","ping_status":"closed","template":"elementor_header_footer","meta":{"_acf_changed":false,"footnotes":""},"class_list":["post-2393","page","type-page","status-publish","hentry"],"acf":[],"yoast_head":"<!-- This site is optimized with the Yoast SEO Premium plugin v23.2 (Yoast SEO v23.4) - https:\/\/yoast.com\/wordpress\/plugins\/seo\/ -->\n<title>- OneBim<\/title>\n<meta name=\"robots\" content=\"index, follow, max-snippet:-1, max-image-preview:large, max-video-preview:-1\" \/>\n<link rel=\"canonical\" href=\"https:\/\/onebim.vn\/en\/primavera-risk-analysis\/\" \/>\n<meta property=\"og:locale\" content=\"en_US\" \/>\n<meta property=\"og:type\" content=\"article\" \/>\n<meta property=\"og:description\" content=\"Primavera Risk Analysis M\u1ecdi d\u1ef1 \u00e1n \u0111\u1ec1u ti\u1ec1m \u1ea9n r\u1ee7i ro. Nh\u1eefng doanh nghi\u1ec7p th\u00e0nh c\u00f4ng lu\u00f4n ch\u1ee7 \u0111\u1ed9ng l\u1eadp k\u1ebf ho\u1ea1ch cho r\u1ee7i ro \u2013 t\u1eeb d\u1ef1 b\u00e1o, gi\u1ea3m thi\u1ec3u cho \u0111\u1ebfn x\u00e2y d\u1ef1ng c\u00e1c ph\u01b0\u01a1ng \u00e1n \u1ee9ng ph\u00f3 v\u00e0 k\u1ebf ho\u1ea1ch d\u1ef1 ph\u00f2ng cho nh\u1eefng s\u1ef1 ki\u1ec7n c\u00f3 th\u1ec3 x\u1ea3y ra ho\u1eb7c kh\u00f4ng [&hellip;]\" \/>\n<meta property=\"og:url\" content=\"https:\/\/onebim.vn\/en\/primavera-risk-analysis\/\" \/>\n<meta property=\"og:site_name\" content=\"OneBim\" \/>\n<meta property=\"article:publisher\" content=\"https:\/\/www.facebook.com\/kiennamlandvn\" \/>\n<meta property=\"article:modified_time\" content=\"2026-02-27T07:17:06+00:00\" \/>\n<meta property=\"og:image\" content=\"https:\/\/onebim.vn\/wp-content\/uploads\/2026\/02\/z7499110969056_1aacb8f731059c27a8f396035a49942c.jpg\" \/>\n<meta name=\"twitter:card\" content=\"summary_large_image\" \/>\n<meta name=\"twitter:label1\" content=\"Est. reading time\" \/>\n\t<meta name=\"twitter:data1\" content=\"9 minutes\" \/>\n<script type=\"application\/ld+json\" class=\"yoast-schema-graph\">{\"@context\":\"https:\/\/schema.org\",\"@graph\":[{\"@type\":\"WebPage\",\"@id\":\"https:\/\/onebim.vn\/primavera-risk-analysis\/\",\"url\":\"https:\/\/onebim.vn\/primavera-risk-analysis\/\",\"name\":\"- OneBim\",\"isPartOf\":{\"@id\":\"https:\/\/onebim.vn\/#website\"},\"primaryImageOfPage\":{\"@id\":\"https:\/\/onebim.vn\/primavera-risk-analysis\/#primaryimage\"},\"image\":{\"@id\":\"https:\/\/onebim.vn\/primavera-risk-analysis\/#primaryimage\"},\"thumbnailUrl\":\"https:\/\/onebim.vn\/wp-content\/uploads\/2026\/02\/z7499110969056_1aacb8f731059c27a8f396035a49942c.jpg\",\"datePublished\":\"2026-02-04T02:13:58+00:00\",\"dateModified\":\"2026-02-27T07:17:06+00:00\",\"inLanguage\":\"en-US\",\"potentialAction\":[{\"@type\":\"ReadAction\",\"target\":[\"https:\/\/onebim.vn\/primavera-risk-analysis\/\"]}]},{\"@type\":\"ImageObject\",\"inLanguage\":\"en-US\",\"@id\":\"https:\/\/onebim.vn\/primavera-risk-analysis\/#primaryimage\",\"url\":\"https:\/\/onebim.vn\/wp-content\/uploads\/2026\/02\/z7499110969056_1aacb8f731059c27a8f396035a49942c.jpg\",\"contentUrl\":\"https:\/\/onebim.vn\/wp-content\/uploads\/2026\/02\/z7499110969056_1aacb8f731059c27a8f396035a49942c.jpg\"},{\"@type\":\"WebSite\",\"@id\":\"https:\/\/onebim.vn\/#website\",\"url\":\"https:\/\/onebim.vn\/\",\"name\":\"Ki\u00ean Nam Land\",\"description\":\"Ki\u00ean \u0111\u1ecbnh \u0111\u1ec3 ki\u1ebfn t\u1ea1o\",\"publisher\":{\"@id\":\"https:\/\/onebim.vn\/#organization\"},\"potentialAction\":[{\"@type\":\"SearchAction\",\"target\":{\"@type\":\"EntryPoint\",\"urlTemplate\":\"https:\/\/onebim.vn\/?s={search_term_string}\"},\"query-input\":{\"@type\":\"PropertyValueSpecification\",\"valueRequired\":true,\"valueName\":\"search_term_string\"}}],\"inLanguage\":\"en-US\"},{\"@type\":\"Organization\",\"@id\":\"https:\/\/onebim.vn\/#organization\",\"name\":\"Ki\u00ean Nam Land\",\"url\":\"https:\/\/onebim.vn\/\",\"logo\":{\"@type\":\"ImageObject\",\"inLanguage\":\"en-US\",\"@id\":\"https:\/\/onebim.vn\/#\/schema\/logo\/image\/\",\"url\":\"https:\/\/onebim.vn\/wp-content\/uploads\/2026\/01\/cropped-logo-ngang.png\",\"contentUrl\":\"https:\/\/onebim.vn\/wp-content\/uploads\/2026\/01\/cropped-logo-ngang.png\",\"width\":2107,\"height\":601,\"caption\":\"Ki\u00ean Nam Land\"},\"image\":{\"@id\":\"https:\/\/onebim.vn\/#\/schema\/logo\/image\/\"},\"sameAs\":[\"https:\/\/www.facebook.com\/kiennamlandvn\"]}]}<\/script>\n<!-- \/ Yoast SEO Premium plugin. -->","yoast_head_json":{"title":"- OneBim","robots":{"index":"index","follow":"follow","max-snippet":"max-snippet:-1","max-image-preview":"max-image-preview:large","max-video-preview":"max-video-preview:-1"},"canonical":"https:\/\/onebim.vn\/en\/primavera-risk-analysis\/","og_locale":"en_US","og_type":"article","og_description":"Primavera Risk Analysis M\u1ecdi d\u1ef1 \u00e1n \u0111\u1ec1u ti\u1ec1m \u1ea9n r\u1ee7i ro. Nh\u1eefng doanh nghi\u1ec7p th\u00e0nh c\u00f4ng lu\u00f4n ch\u1ee7 \u0111\u1ed9ng l\u1eadp k\u1ebf ho\u1ea1ch cho r\u1ee7i ro \u2013 t\u1eeb d\u1ef1 b\u00e1o, gi\u1ea3m thi\u1ec3u cho \u0111\u1ebfn x\u00e2y d\u1ef1ng c\u00e1c ph\u01b0\u01a1ng \u00e1n \u1ee9ng ph\u00f3 v\u00e0 k\u1ebf ho\u1ea1ch d\u1ef1 ph\u00f2ng cho nh\u1eefng s\u1ef1 ki\u1ec7n c\u00f3 th\u1ec3 x\u1ea3y ra ho\u1eb7c kh\u00f4ng [&hellip;]","og_url":"https:\/\/onebim.vn\/en\/primavera-risk-analysis\/","og_site_name":"OneBim","article_publisher":"https:\/\/www.facebook.com\/kiennamlandvn","article_modified_time":"2026-02-27T07:17:06+00:00","og_image":[{"url":"https:\/\/onebim.vn\/wp-content\/uploads\/2026\/02\/z7499110969056_1aacb8f731059c27a8f396035a49942c.jpg"}],"twitter_card":"summary_large_image","twitter_misc":{"Est. reading time":"9 minutes"},"schema":{"@context":"https:\/\/schema.org","@graph":[{"@type":"WebPage","@id":"https:\/\/onebim.vn\/primavera-risk-analysis\/","url":"https:\/\/onebim.vn\/primavera-risk-analysis\/","name":"- OneBim","isPartOf":{"@id":"https:\/\/onebim.vn\/#website"},"primaryImageOfPage":{"@id":"https:\/\/onebim.vn\/primavera-risk-analysis\/#primaryimage"},"image":{"@id":"https:\/\/onebim.vn\/primavera-risk-analysis\/#primaryimage"},"thumbnailUrl":"https:\/\/onebim.vn\/wp-content\/uploads\/2026\/02\/z7499110969056_1aacb8f731059c27a8f396035a49942c.jpg","datePublished":"2026-02-04T02:13:58+00:00","dateModified":"2026-02-27T07:17:06+00:00","inLanguage":"en-US","potentialAction":[{"@type":"ReadAction","target":["https:\/\/onebim.vn\/primavera-risk-analysis\/"]}]},{"@type":"ImageObject","inLanguage":"en-US","@id":"https:\/\/onebim.vn\/primavera-risk-analysis\/#primaryimage","url":"https:\/\/onebim.vn\/wp-content\/uploads\/2026\/02\/z7499110969056_1aacb8f731059c27a8f396035a49942c.jpg","contentUrl":"https:\/\/onebim.vn\/wp-content\/uploads\/2026\/02\/z7499110969056_1aacb8f731059c27a8f396035a49942c.jpg"},{"@type":"WebSite","@id":"https:\/\/onebim.vn\/#website","url":"https:\/\/onebim.vn\/","name":"Ki\u00ean Nam Land","description":"Ki\u00ean \u0111\u1ecbnh \u0111\u1ec3 ki\u1ebfn t\u1ea1o","publisher":{"@id":"https:\/\/onebim.vn\/#organization"},"potentialAction":[{"@type":"SearchAction","target":{"@type":"EntryPoint","urlTemplate":"https:\/\/onebim.vn\/?s={search_term_string}"},"query-input":{"@type":"PropertyValueSpecification","valueRequired":true,"valueName":"search_term_string"}}],"inLanguage":"en-US"},{"@type":"Organization","@id":"https:\/\/onebim.vn\/#organization","name":"Ki\u00ean Nam Land","url":"https:\/\/onebim.vn\/","logo":{"@type":"ImageObject","inLanguage":"en-US","@id":"https:\/\/onebim.vn\/#\/schema\/logo\/image\/","url":"https:\/\/onebim.vn\/wp-content\/uploads\/2026\/01\/cropped-logo-ngang.png","contentUrl":"https:\/\/onebim.vn\/wp-content\/uploads\/2026\/01\/cropped-logo-ngang.png","width":2107,"height":601,"caption":"Ki\u00ean Nam Land"},"image":{"@id":"https:\/\/onebim.vn\/#\/schema\/logo\/image\/"},"sameAs":["https:\/\/www.facebook.com\/kiennamlandvn"]}]}},"_links":{"self":[{"href":"https:\/\/onebim.vn\/en\/wp-json\/wp\/v2\/pages\/2393","targetHints":{"allow":["GET"]}}],"collection":[{"href":"https:\/\/onebim.vn\/en\/wp-json\/wp\/v2\/pages"}],"about":[{"href":"https:\/\/onebim.vn\/en\/wp-json\/wp\/v2\/types\/page"}],"author":[{"embeddable":true,"href":"https:\/\/onebim.vn\/en\/wp-json\/wp\/v2\/users\/3"}],"replies":[{"embeddable":true,"href":"https:\/\/onebim.vn\/en\/wp-json\/wp\/v2\/comments?post=2393"}],"version-history":[{"count":18,"href":"https:\/\/onebim.vn\/en\/wp-json\/wp\/v2\/pages\/2393\/revisions"}],"predecessor-version":[{"id":2535,"href":"https:\/\/onebim.vn\/en\/wp-json\/wp\/v2\/pages\/2393\/revisions\/2535"}],"wp:attachment":[{"href":"https:\/\/onebim.vn\/en\/wp-json\/wp\/v2\/media?parent=2393"}],"curies":[{"name":"wp","href":"https:\/\/api.w.org\/{rel}","templated":true}]}}